{"id":45890,"date":"2022-12-26T21:28:50","date_gmt":"2022-12-26T21:28:50","guid":{"rendered":"https:\/\/gay-vodka.de\/temne-mistnosti\/"},"modified":"2024-05-01T11:10:07","modified_gmt":"2024-05-01T11:10:07","slug":"temne-mistnosti","status":"publish","type":"page","link":"https:\/\/gay-vodka.de\/cs\/temne-mistnosti\/","title":{"rendered":"Temn\u00e9 m\u00edstnosti"},"content":{"rendered":"<section class=\"l-section wpb_row height_medium\"><div class=\"l-section-h i-cf\"><div class=\"g-cols vc_row via_flex valign_top type_default stacking_default\"><div class=\"vc_col-sm-2 wpb_column vc_column_container\"><div class=\"vc_column-inner\"><div class=\"wpb_wrapper\"><\/div><\/div><\/div><div class=\"vc_col-sm-8 wpb_column vc_column_container\"><div class=\"vc_column-inner\"><div class=\"wpb_wrapper\"><div class=\"wpb_text_column\"><div class=\"wpb_wrapper\"><h1><strong>Temn\u00e9 pokoje: Hlubok\u00fd vhled do kontroverzn\u00ed subkultury<\/strong><\/h1>\n<p><em>Aktualizov\u00e1no 13.10.2023<\/em><\/p>\n<\/div><\/div><div class=\"w-separator size_small\"><\/div><div class=\"w-image align_none\"><div class=\"w-image-h\"><img loading=\"lazy\" decoding=\"async\" width=\"1024\" height=\"683\" src=\"https:\/\/gay-vodka.de\/wp-content\/uploads\/2022\/12\/aleksandr-popov-k_UrO4kMBcA-unsplash-1024x683.jpg\" class=\"attachment-large size-large\" alt=\"\" srcset=\"https:\/\/gay-vodka.de\/wp-content\/uploads\/2022\/12\/aleksandr-popov-k_UrO4kMBcA-unsplash-1024x683.jpg 1024w, https:\/\/gay-vodka.de\/wp-content\/uploads\/2022\/12\/aleksandr-popov-k_UrO4kMBcA-unsplash-300x200.jpg 300w, https:\/\/gay-vodka.de\/wp-content\/uploads\/2022\/12\/aleksandr-popov-k_UrO4kMBcA-unsplash-350x233.jpg 350w, https:\/\/gay-vodka.de\/wp-content\/uploads\/2022\/12\/aleksandr-popov-k_UrO4kMBcA-unsplash-600x400.jpg 600w, https:\/\/gay-vodka.de\/wp-content\/uploads\/2022\/12\/aleksandr-popov-k_UrO4kMBcA-unsplash-500x333.jpg 500w, https:\/\/gay-vodka.de\/wp-content\/uploads\/2022\/12\/aleksandr-popov-k_UrO4kMBcA-unsplash-380x253.jpg 380w, https:\/\/gay-vodka.de\/wp-content\/uploads\/2022\/12\/aleksandr-popov-k_UrO4kMBcA-unsplash-768x512.jpg 768w, https:\/\/gay-vodka.de\/wp-content\/uploads\/2022\/12\/aleksandr-popov-k_UrO4kMBcA-unsplash-1000x667.jpg 1000w, https:\/\/gay-vodka.de\/wp-content\/uploads\/2022\/12\/aleksandr-popov-k_UrO4kMBcA-unsplash.jpg 1200w\" sizes=\"auto, (max-width: 1024px) 100vw, 1024px\" \/><\/div><\/div><div class=\"w-separator size_small\"><\/div><div class=\"wpb_text_column us_custom_c139e5e3\"><div class=\"wpb_wrapper\"><p>Temn\u00e1 m\u00edstnost, zn\u00e1m\u00e1 tak\u00e9 jako<a href=\"https:\/\/gay-vodka.de\/gay-cruising\/\">&#8222;cruising area&#8220;<\/a>, je m\u00edsto, kde se lid\u00e9 sch\u00e1zej\u00ed, aby se v\u011bnovali sexu\u00e1ln\u00edm aktivit\u00e1m. Tyto m\u00edstnosti jsou obvykle tmav\u00e9, aby byla zachov\u00e1na anonymita osob, kter\u00e9 do nich chod\u00ed. V posledn\u00edch letech v\u0161ak temn\u00e9 komnaty vyvol\u00e1vaj\u00ed mnoho kontroverz\u00ed, proto\u017ee n\u011bkte\u0159\u00ed je pova\u017euj\u00ed za nebezpe\u010dn\u00e9 a nezdrav\u00e9, zat\u00edmco jin\u00ed je pova\u017euj\u00ed za bezpe\u010dn\u00e9 m\u00edsto pro sexu\u00e1ln\u00ed sebeur\u010den\u00ed. V tomto \u010dl\u00e1nku p\u0159ibl\u00ed\u017e\u00edme t\u00e9ma temn\u00fdch komor pro homosexu\u00e1ly z r\u016fzn\u00fdch \u00fahl\u016f pohledu a poskytneme podrobn\u00fd vhled do t\u00e9to kontroverzn\u00ed subkultury.<\/p>\n<h2><strong>Co jsou to vlastn\u011b tmav\u00e9 m\u00edstnosti?<\/strong><\/h2>\n<p>Temn\u00e1 m\u00edstnost je obvykle odd\u011blen\u00e1 m\u00edstnost v klubu nebo baru, kter\u00e1 je vyhrazena pro sexu\u00e1ln\u00ed aktivity. \u010casto jsou tmav\u00e9, aby se zachovala anonymita lid\u00ed, kte\u0159\u00ed tam chod\u00ed. Tmav\u00e9 m\u00edstnosti vyu\u017e\u00edvaj\u00ed p\u0159edev\u0161\u00edm homosexu\u00e1lov\u00e9, ale existuj\u00ed i pro osoby v\u0161ech sexu\u00e1ln\u00edch orientac\u00ed.<\/p>\n<p>Existuj\u00ed ji\u017e des\u00edtky let, ale v posledn\u00edch letech se opakovan\u011b dost\u00e1vaj\u00ed na tituln\u00ed str\u00e1nky novin. N\u011bkte\u0159\u00ed lid\u00e9 je pova\u017euj\u00ed za nebezpe\u010dn\u00e1 m\u00edsta, kde m\u016f\u017ee doch\u00e1zet k sexu\u00e1ln\u00edm \u00fatok\u016fm a jin\u00e9mu nevhodn\u00e9mu chov\u00e1n\u00ed. Jin\u00ed ji v\u0161ak vn\u00edmaj\u00ed jako bezpe\u010dn\u00e9 m\u00edsto pro sexu\u00e1ln\u00ed sebeur\u010den\u00ed a mo\u017enost u\u017e\u00edvat si bez p\u0159edsudk\u016f a diskriminace.<\/p>\n<h2><strong><img loading=\"lazy\" decoding=\"async\" class=\"alignnone size-full wp-image-8081\" src=\"https:\/\/gay-vodka.de\/wp-content\/uploads\/2022\/12\/aleksandr-popov-R25Q-pAUeY8-unsplash.jpg\" alt=\"\" width=\"1200\" height=\"800\" srcset=\"https:\/\/gay-vodka.de\/wp-content\/uploads\/2022\/12\/aleksandr-popov-R25Q-pAUeY8-unsplash.jpg 1200w, https:\/\/gay-vodka.de\/wp-content\/uploads\/2022\/12\/aleksandr-popov-R25Q-pAUeY8-unsplash-300x200.jpg 300w, https:\/\/gay-vodka.de\/wp-content\/uploads\/2022\/12\/aleksandr-popov-R25Q-pAUeY8-unsplash-1024x683.jpg 1024w, https:\/\/gay-vodka.de\/wp-content\/uploads\/2022\/12\/aleksandr-popov-R25Q-pAUeY8-unsplash-350x233.jpg 350w, https:\/\/gay-vodka.de\/wp-content\/uploads\/2022\/12\/aleksandr-popov-R25Q-pAUeY8-unsplash-600x400.jpg 600w, https:\/\/gay-vodka.de\/wp-content\/uploads\/2022\/12\/aleksandr-popov-R25Q-pAUeY8-unsplash-500x333.jpg 500w, https:\/\/gay-vodka.de\/wp-content\/uploads\/2022\/12\/aleksandr-popov-R25Q-pAUeY8-unsplash-380x253.jpg 380w, https:\/\/gay-vodka.de\/wp-content\/uploads\/2022\/12\/aleksandr-popov-R25Q-pAUeY8-unsplash-768x512.jpg 768w, https:\/\/gay-vodka.de\/wp-content\/uploads\/2022\/12\/aleksandr-popov-R25Q-pAUeY8-unsplash-1000x667.jpg 1000w\" sizes=\"auto, (max-width: 1200px) 100vw, 1200px\" \/><\/strong><\/h2>\n<h2><strong>V\u00fdhody a nev\u00fdhody tmav\u00fdch m\u00edstnost\u00ed<\/strong><\/h2>\n<p>Jako ka\u017ed\u00e1 subkultura maj\u00ed i temn\u00e9 m\u00edstnosti sv\u00e9 v\u00fdhody i nev\u00fdhody. Zde jsou n\u011bkter\u00e9 z nejd\u016fle\u017eit\u011bj\u0161\u00edch bod\u016f:<\/p>\n<p><strong>V\u00fdhody:<\/strong><\/p>\n<ul>\n<li>Nab\u00edzej\u00ed homosexu\u00e1l\u016fm m\u00edsto, kde se mohou setk\u00e1vat a provozovat sexu\u00e1ln\u00ed aktivity bez p\u0159edsudk\u016f a diskriminace.<\/li>\n<li>Nab\u00edzej\u00ed tak\u00e9 mo\u017enost diskr\u00e9tn\u00edho setk\u00e1v\u00e1n\u00ed pro lidi, kte\u0159\u00ed jsou ve vztahu, ale st\u00e1le hledaj\u00ed sexu\u00e1ln\u00ed uspokojen\u00ed.<\/li>\n<li>Pro n\u011bkter\u00e9 lidi mohou tyto prostory slou\u017eit tak\u00e9 jako p\u0159\u00edle\u017eitost k pro\u017e\u00edv\u00e1n\u00ed a zkoum\u00e1n\u00ed jejich sexu\u00e1ln\u00ed identity a orientace.<\/li>\n<li>Mohou b\u00fdt tak\u00e9 p\u0159\u00edle\u017eitost\u00ed k pozn\u00e1v\u00e1n\u00ed nov\u00fdch lid\u00ed a navazov\u00e1n\u00ed kontakt\u016f v r\u00e1mci komunity LGBTQIA+.<\/li>\n<\/ul>\n<p><strong>Nev\u00fdhody:<\/strong><\/p>\n<ul>\n<li>Bezpe\u010dnost nelze zaru\u010dit. Je mo\u017en\u00e9, \u017ee dojde k sexu\u00e1ln\u00edmu napaden\u00ed nebo jin\u00e9mu nevhodn\u00e9mu chov\u00e1n\u00ed.<\/li>\n<li>N\u011bkdy jsou tak\u00e9 m\u00edstem u\u017e\u00edv\u00e1n\u00ed drog, a mohou proto v\u00e9st ke zdravotn\u00edm rizik\u016fm.<\/li>\n<li>V n\u011bkter\u00fdch zem\u00edch jsou temn\u00e9 komory nez\u00e1konn\u00e9, co\u017e znamen\u00e1, \u017ee lid\u00e9, kte\u0159\u00ed je nav\u0161t\u011bvuj\u00ed, riskuj\u00ed zat\u010den\u00ed a trest.<\/li>\n<\/ul>\n<h2><a href=\"https:\/\/tracking.playaleads.com\/aff_c?offer_id=144&amp;aff_id=2507&amp;source=CHANGEME&amp;aff_click_id=CHANGEME&amp;url_id=991\" target=\"_blank\" rel=\"noopener noreferrer\"><strong><img loading=\"lazy\" decoding=\"async\" class=\"alignnone wp-image-8679 size-full\" src=\"https:\/\/gay-vodka.de\/wp-content\/uploads\/2023\/08\/Spontane_Dates_970x90_ge.gif\" alt=\"\" width=\"970\" height=\"90\"><\/strong><\/a><\/h2>\n<h3><strong>Riziko infekce HIV\/AIDS<\/strong><\/h3>\n<p>Dal\u0161\u00edm kontroverzn\u00edm aspektem temn\u00fdch komor je jejich souvislost s HIV\/AIDS. V 80. a 90. letech 20. stolet\u00ed byly tyto m\u00edstnosti d\u016fle\u017eit\u00fdm m\u00edstem setk\u00e1v\u00e1n\u00ed homosexu\u00e1l\u016f v dob\u011b epidemie HIV\/AIDS, proto\u017ee nab\u00edzely mo\u017enost setk\u00e1vat se a sexu\u00e1ln\u011b se st\u00fdkat bez obav z p\u0159edsudk\u016f a diskriminace.<\/p>\n<p>Byly v\u0161ak tak\u00e9 sou\u010d\u00e1st\u00ed probl\u00e9mu, proto\u017ee napom\u00e1haly rychlej\u0161\u00edmu \u0161\u00ed\u0159en\u00ed HIV\/AIDS. Proto\u017ee lid\u00e9 z\u016fst\u00e1vali v anonymit\u011b a neexistoval zp\u016fsob, jak kontaktovat sv\u00e9 sexu\u00e1ln\u00ed partnery, pokud byli naka\u017eeni virem HIV, bylo obt\u00ed\u017en\u00e9 \u0161\u00ed\u0159en\u00ed nemoci zabr\u00e1nit.<\/p>\n<p>Dnes v\u0161ak existuje mnoho zp\u016fsob\u016f, jak se p\u0159ed HIV\/AIDS chr\u00e1nit, nap\u0159\u00edklad kondomy a PrEP (Pre-Exposure Prophylaxis), co\u017e je ka\u017edodenn\u00ed l\u00e9\u010dba, kter\u00e1 sni\u017euje riziko n\u00e1kazy HIV. HIV\/AIDS nicm\u00e9n\u011b z\u016fst\u00e1v\u00e1 v\u00e1\u017enou hrozbou, zejm\u00e9na pro homosexu\u00e1ly, a je d\u016fle\u017eit\u00e9 podporovat bezpe\u010dn\u00e9 sexu\u00e1ln\u00ed praktiky a chr\u00e1nit se p\u0159ed n\u00e1kazou.<\/p>\n<h2><strong><img loading=\"lazy\" decoding=\"async\" class=\"alignnone size-full wp-image-8082\" src=\"https:\/\/gay-vodka.de\/wp-content\/uploads\/2022\/12\/aleksandr-popov-SbPUMwGYzLo-unsplash.jpg\" alt=\"Klub Dark Room\" width=\"1200\" height=\"800\" srcset=\"https:\/\/gay-vodka.de\/wp-content\/uploads\/2022\/12\/aleksandr-popov-SbPUMwGYzLo-unsplash.jpg 1200w, https:\/\/gay-vodka.de\/wp-content\/uploads\/2022\/12\/aleksandr-popov-SbPUMwGYzLo-unsplash-300x200.jpg 300w, https:\/\/gay-vodka.de\/wp-content\/uploads\/2022\/12\/aleksandr-popov-SbPUMwGYzLo-unsplash-1024x683.jpg 1024w, https:\/\/gay-vodka.de\/wp-content\/uploads\/2022\/12\/aleksandr-popov-SbPUMwGYzLo-unsplash-350x233.jpg 350w, https:\/\/gay-vodka.de\/wp-content\/uploads\/2022\/12\/aleksandr-popov-SbPUMwGYzLo-unsplash-600x400.jpg 600w, https:\/\/gay-vodka.de\/wp-content\/uploads\/2022\/12\/aleksandr-popov-SbPUMwGYzLo-unsplash-500x333.jpg 500w, https:\/\/gay-vodka.de\/wp-content\/uploads\/2022\/12\/aleksandr-popov-SbPUMwGYzLo-unsplash-380x253.jpg 380w, https:\/\/gay-vodka.de\/wp-content\/uploads\/2022\/12\/aleksandr-popov-SbPUMwGYzLo-unsplash-768x512.jpg 768w, https:\/\/gay-vodka.de\/wp-content\/uploads\/2022\/12\/aleksandr-popov-SbPUMwGYzLo-unsplash-1000x667.jpg 1000w\" sizes=\"auto, (max-width: 1200px) 100vw, 1200px\" \/><\/strong><\/h2>\n<h2><strong>Budoucnost tmav\u00fdch m\u00edstnost\u00ed<\/strong><\/h2>\n<p>Je obt\u00ed\u017en\u00e9 p\u0159edv\u00eddat, jak se budou tmav\u00e9 m\u00edstnosti vyv\u00edjet v budoucnu. N\u011bkte\u0159\u00ed lid\u00e9 tvrd\u00ed, \u017ee st\u00e1le hraj\u00ed d\u016fle\u017eitou roli v komunit\u011b LGBTQ+, zejm\u00e9na v zem\u00edch, kde homosexualita st\u00e1le nen\u00ed p\u0159ij\u00edm\u00e1na. Jin\u00ed se v\u0161ak domn\u00edvaj\u00ed, \u017ee temn\u00e9 m\u00edstnosti jsou p\u0159e\u017eitkem a \u017ee existuj\u00ed lep\u0161\u00ed zp\u016fsoby, jak se setk\u00e1vat a provozovat sexu\u00e1ln\u00ed aktivity, ani\u017e by se vystavovali nebezpe\u010d\u00ed sexu\u00e1ln\u00edho napaden\u00ed a dal\u0161\u00edho nevhodn\u00e9ho chov\u00e1n\u00ed.<\/p>\n<p>Jedn\u00edm ze zp\u016fsob\u016f, jak u\u010dinit temn\u00e9 komory bezpe\u010dn\u011bj\u0161\u00edmi a inkluzivn\u011bj\u0161\u00edmi, by nap\u0159\u00edklad bylo l\u00e9pe je monitorovat a zav\u00e9st p\u0159\u00edsn\u011bj\u0161\u00ed pravidla a pokyny. Rovn\u011b\u017e by mohlo b\u00fdt u\u017eite\u010dn\u00e9 poskytnout v\u00edce zdroj\u016f na podporu bezpe\u010dn\u00fdch sexu\u00e1ln\u00edch praktik a prevenci \u0161\u00ed\u0159en\u00ed HIV\/AIDS.<\/p>\n<p>Dal\u0161\u00edm p\u0159\u00edstupem by bylo nahradit nebo doplnit temn\u00e9 m\u00edstnosti jin\u00fdmi p\u0159\u00edle\u017eitostmi k sexu\u00e1ln\u00edmu setk\u00e1v\u00e1n\u00ed a komunikaci. Online seznamovac\u00ed platformy a aplikace jsou v posledn\u00edch letech st\u00e1le popul\u00e1rn\u011bj\u0161\u00ed a nab\u00edzej\u00ed zp\u016fsob, jak naj\u00edt sexu\u00e1ln\u00ed partnery, ani\u017e byste museli tr\u00e1vit \u010das v temn\u00fdch a nep\u0159ehledn\u00fdch m\u00edstnostech.<\/p>\n<p>Budoucnost tmav\u00fdch m\u00edstnost\u00ed z\u00e1vis\u00ed na tom, jak se s t\u00edmto probl\u00e9mem vypo\u0159\u00e1d\u00e1 komunita LGBTQ+ a cel\u00e1 spole\u010dnost. Je d\u016fle\u017eit\u00e9, aby si v\u0161ichni z\u00fa\u010dastn\u011bn\u00ed &#8211; v\u010detn\u011b t\u011bch, kte\u0159\u00ed temn\u00e9 komnaty nav\u0161t\u011bvuj\u00ed, a t\u011bch, kte\u0159\u00ed je provozuj\u00ed &#8211; byli v\u011bdomi rizik a propagovali bezpe\u010dn\u00e9 sexu\u00e1ln\u00ed praktiky.<\/p>\n<p>Z\u00e1v\u011brem lze \u0159\u00edci, \u017ee tmav\u00e9 komory jsou slo\u017eit\u00fdm a kontroverzn\u00edm t\u00e9matem, kter\u00e9 vy\u017eaduje zohledn\u011bn\u00ed mnoha r\u016fzn\u00fdch hledisek. P\u0159esto\u017ee pro n\u011bkter\u00e9 lidi p\u0159edstavuj\u00ed bezpe\u010dn\u00e9 m\u00edsto pro sexu\u00e1ln\u00ed sebeur\u010den\u00ed, existuje zde tak\u00e9 mnoho rizik a nev\u00fdhod, kter\u00e9 je t\u0159eba zv\u00e1\u017eit. Jak se budou temn\u00e9 komory vyv\u00edjet v budoucnu, se teprve uvid\u00ed, ale je d\u016fle\u017eit\u00e9, aby v\u0161echny z\u00fa\u010dastn\u011bn\u00e9 strany podporovaly bezpe\u010dn\u00e9 sexu\u00e1ln\u00ed praktiky a zabr\u00e1nily \u0161\u00ed\u0159en\u00ed HIV\/AIDS.<\/p>\n<h4>Dal\u0161\u00ed informace o t\u00e9matu<\/h4>\n<p>Dal\u0161\u00ed zaj\u00edmav\u00e9 informace najdete v tomto \u010dl\u00e1nku na blogu Culture Trip:<a href=\"https:\/\/theculturetrip.com\/germany\/articles\/the-mystery-behind-berlins-dark-rooms-and-a-glimpse-inside-them\/\">&#8222;Tajemstv\u00ed berl\u00ednsk\u00fdch temn\u00fdch pokoj\u016f a pohled do jejich nitra<\/a>&#8222;. Podle na\u0161eho n\u00e1zoru velmi \u010dtiv\u00fd \u010dl\u00e1nek.<\/p>\n<\/div><\/div><\/div><\/div><\/div><div class=\"vc_col-sm-2 wpb_column vc_column_container hide_on_tablets hide_on_mobiles\"><div class=\"vc_column-inner\"><div class=\"wpb_wrapper\"><div class=\"w-html\"><a href=\"https:\/\/a.check24.net\/misc\/click.php?pid=341628&amp;aid=338&amp;deep=c24bank&amp;cat=14\" target=\"_blank\"><img loading=\"lazy\" decoding=\"async\" src=\"https:\/\/a.check24.net\/misc\/view.php?pid=341628&amp;aid=338&amp;cat=14\" width=\"160\" height=\"600\" style=\"max-width: 100%; height: auto;\"><\/a><\/div><\/div><\/div><\/div><\/div><\/div><\/section>\n","protected":false},"excerpt":{"rendered":"Temn\u00e9 pokoje: Hlubok\u00fd vhled do kontroverzn\u00ed subkultury Aktualizov\u00e1no 13.10.2023 Temn\u00e1 m\u00edstnost, zn\u00e1m\u00e1 tak\u00e9 jako&#8222;cruising area&#8220;, je m\u00edsto, kde se lid\u00e9 sch\u00e1zej\u00ed, aby se v\u011bnovali sexu\u00e1ln\u00edm aktivit\u00e1m. Tyto m\u00edstnosti jsou obvykle tmav\u00e9, aby byla zachov\u00e1na anonymita osob, kter\u00e9 do nich chod\u00ed. V posledn\u00edch letech v\u0161ak temn\u00e9 komnaty vyvol\u00e1vaj\u00ed mnoho kontroverz\u00ed, proto\u017ee n\u011bkte\u0159\u00ed je pova\u017euj\u00ed za nebezpe\u010dn\u00e9...","protected":false},"author":1,"featured_media":0,"parent":0,"menu_order":0,"comment_status":"closed","ping_status":"closed","template":"","meta":{"_monsterinsights_skip_tracking":false,"_monsterinsights_sitenote_active":false,"_monsterinsights_sitenote_note":"","_monsterinsights_sitenote_category":0,"footnotes":""},"class_list":["post-45890","page","type-page","status-publish","hentry"],"yoast_head":"<!-- This site is optimized with the Yoast SEO plugin v25.9 - https:\/\/yoast.com\/wordpress\/plugins\/seo\/ -->\n<title>Temn\u00e9 pokoje: Hlubok\u00fd vhled do kontroverzn\u00ed subkultury<\/title>\n<meta name=\"description\" content=\"Poskytujeme vhled do subkultury a analyzujeme v\u00fdhody a nev\u00fdhody temn\u00fdch komor. Pod\u00edv\u00e1me se tak\u00e9 na jejich souvislost s HIV\/AIDS.\" \/>\n<meta name=\"robots\" content=\"index, follow, max-snippet:-1, max-image-preview:large, max-video-preview:-1\" \/>\n<link rel=\"canonical\" href=\"https:\/\/gay-vodka.de\/cs\/temne-mistnosti\/\" \/>\n<meta property=\"og:locale\" content=\"cs_CZ\" \/>\n<meta property=\"og:type\" content=\"article\" \/>\n<meta property=\"og:title\" content=\"Temn\u00e9 pokoje: Hlubok\u00fd vhled do kontroverzn\u00ed subkultury\" \/>\n<meta property=\"og:description\" content=\"Poskytujeme vhled do subkultury a analyzujeme v\u00fdhody a nev\u00fdhody temn\u00fdch komor. Pod\u00edv\u00e1me se tak\u00e9 na jejich souvislost s HIV\/AIDS.\" \/>\n<meta property=\"og:url\" content=\"https:\/\/gay-vodka.de\/cs\/temne-mistnosti\/\" \/>\n<meta property=\"article:modified_time\" content=\"2024-05-01T11:10:07+00:00\" \/>\n<meta property=\"og:image\" content=\"https:\/\/gay-vodka.de\/wp-content\/uploads\/2022\/12\/aleksandr-popov-R25Q-pAUeY8-unsplash.jpg\" \/>\n<meta name=\"twitter:card\" content=\"summary_large_image\" \/>\n<meta name=\"twitter:label1\" content=\"Odhadovan\u00e1 doba \u010dten\u00ed\" \/>\n\t<meta name=\"twitter:data1\" content=\"6 minut\" \/>\n<script type=\"application\/ld+json\" class=\"yoast-schema-graph\">{\"@context\":\"https:\/\/schema.org\",\"@graph\":[{\"@type\":\"WebPage\",\"@id\":\"https:\/\/gay-vodka.de\/cs\/temne-mistnosti\/\",\"url\":\"https:\/\/gay-vodka.de\/cs\/temne-mistnosti\/\",\"name\":\"Temn\u00e9 pokoje: Hlubok\u00fd vhled do kontroverzn\u00ed subkultury\",\"isPartOf\":{\"@id\":\"https:\/\/gay-vodka.de\/cs\/#website\"},\"primaryImageOfPage\":{\"@id\":\"https:\/\/gay-vodka.de\/cs\/temne-mistnosti\/#primaryimage\"},\"image\":{\"@id\":\"https:\/\/gay-vodka.de\/cs\/temne-mistnosti\/#primaryimage\"},\"thumbnailUrl\":\"https:\/\/gay-vodka.de\/wp-content\/uploads\/2022\/12\/aleksandr-popov-R25Q-pAUeY8-unsplash.jpg\",\"datePublished\":\"2022-12-26T21:28:50+00:00\",\"dateModified\":\"2024-05-01T11:10:07+00:00\",\"description\":\"Poskytujeme vhled do subkultury a analyzujeme v\u00fdhody a nev\u00fdhody temn\u00fdch komor. Pod\u00edv\u00e1me se tak\u00e9 na jejich souvislost s HIV\/AIDS.\",\"breadcrumb\":{\"@id\":\"https:\/\/gay-vodka.de\/cs\/temne-mistnosti\/#breadcrumb\"},\"inLanguage\":\"cs\",\"potentialAction\":[{\"@type\":\"ReadAction\",\"target\":[\"https:\/\/gay-vodka.de\/cs\/temne-mistnosti\/\"]}]},{\"@type\":\"ImageObject\",\"inLanguage\":\"cs\",\"@id\":\"https:\/\/gay-vodka.de\/cs\/temne-mistnosti\/#primaryimage\",\"url\":\"https:\/\/gay-vodka.de\/wp-content\/uploads\/2022\/12\/aleksandr-popov-R25Q-pAUeY8-unsplash.jpg\",\"contentUrl\":\"https:\/\/gay-vodka.de\/wp-content\/uploads\/2022\/12\/aleksandr-popov-R25Q-pAUeY8-unsplash.jpg\"},{\"@type\":\"BreadcrumbList\",\"@id\":\"https:\/\/gay-vodka.de\/cs\/temne-mistnosti\/#breadcrumb\",\"itemListElement\":[{\"@type\":\"ListItem\",\"position\":1,\"name\":\"Startseite\",\"item\":\"https:\/\/gay-vodka.de\/cs\/gay-vodka-rovnost-respekt-laska\/\"},{\"@type\":\"ListItem\",\"position\":2,\"name\":\"Temn\u00e9 m\u00edstnosti\"}]},{\"@type\":\"WebSite\",\"@id\":\"https:\/\/gay-vodka.de\/cs\/#website\",\"url\":\"https:\/\/gay-vodka.de\/cs\/\",\"name\":\"Gay Vodka\",\"description\":\"\",\"publisher\":{\"@id\":\"https:\/\/gay-vodka.de\/cs\/#organization\"},\"potentialAction\":[{\"@type\":\"SearchAction\",\"target\":{\"@type\":\"EntryPoint\",\"urlTemplate\":\"https:\/\/gay-vodka.de\/cs\/?s={search_term_string}\"},\"query-input\":{\"@type\":\"PropertyValueSpecification\",\"valueRequired\":true,\"valueName\":\"search_term_string\"}}],\"inLanguage\":\"cs\"},{\"@type\":\"Organization\",\"@id\":\"https:\/\/gay-vodka.de\/cs\/#organization\",\"name\":\"Gay Vodka\",\"url\":\"https:\/\/gay-vodka.de\/cs\/\",\"logo\":{\"@type\":\"ImageObject\",\"inLanguage\":\"cs\",\"@id\":\"https:\/\/gay-vodka.de\/cs\/#\/schema\/logo\/image\/\",\"url\":\"https:\/\/gay-vodka.de\/wp-content\/uploads\/2024\/01\/favKopie3-2048x555-3.png\",\"contentUrl\":\"https:\/\/gay-vodka.de\/wp-content\/uploads\/2024\/01\/favKopie3-2048x555-3.png\",\"width\":2048,\"height\":555,\"caption\":\"Gay Vodka\"},\"image\":{\"@id\":\"https:\/\/gay-vodka.de\/cs\/#\/schema\/logo\/image\/\"}}]}<\/script>\n<!-- \/ Yoast SEO plugin. -->","yoast_head_json":{"title":"Temn\u00e9 pokoje: Hlubok\u00fd vhled do kontroverzn\u00ed subkultury","description":"Poskytujeme vhled do subkultury a analyzujeme v\u00fdhody a nev\u00fdhody temn\u00fdch komor. Pod\u00edv\u00e1me se tak\u00e9 na jejich souvislost s HIV\/AIDS.","robots":{"index":"index","follow":"follow","max-snippet":"max-snippet:-1","max-image-preview":"max-image-preview:large","max-video-preview":"max-video-preview:-1"},"canonical":"https:\/\/gay-vodka.de\/cs\/temne-mistnosti\/","og_locale":"cs_CZ","og_type":"article","og_title":"Temn\u00e9 pokoje: Hlubok\u00fd vhled do kontroverzn\u00ed subkultury","og_description":"Poskytujeme vhled do subkultury a analyzujeme v\u00fdhody a nev\u00fdhody temn\u00fdch komor. Pod\u00edv\u00e1me se tak\u00e9 na jejich souvislost s HIV\/AIDS.","og_url":"https:\/\/gay-vodka.de\/cs\/temne-mistnosti\/","article_modified_time":"2024-05-01T11:10:07+00:00","og_image":[{"url":"https:\/\/gay-vodka.de\/wp-content\/uploads\/2022\/12\/aleksandr-popov-R25Q-pAUeY8-unsplash.jpg","type":"","width":"","height":""}],"twitter_card":"summary_large_image","twitter_misc":{"Odhadovan\u00e1 doba \u010dten\u00ed":"6 minut"},"schema":{"@context":"https:\/\/schema.org","@graph":[{"@type":"WebPage","@id":"https:\/\/gay-vodka.de\/cs\/temne-mistnosti\/","url":"https:\/\/gay-vodka.de\/cs\/temne-mistnosti\/","name":"Temn\u00e9 pokoje: Hlubok\u00fd vhled do kontroverzn\u00ed subkultury","isPartOf":{"@id":"https:\/\/gay-vodka.de\/cs\/#website"},"primaryImageOfPage":{"@id":"https:\/\/gay-vodka.de\/cs\/temne-mistnosti\/#primaryimage"},"image":{"@id":"https:\/\/gay-vodka.de\/cs\/temne-mistnosti\/#primaryimage"},"thumbnailUrl":"https:\/\/gay-vodka.de\/wp-content\/uploads\/2022\/12\/aleksandr-popov-R25Q-pAUeY8-unsplash.jpg","datePublished":"2022-12-26T21:28:50+00:00","dateModified":"2024-05-01T11:10:07+00:00","description":"Poskytujeme vhled do subkultury a analyzujeme v\u00fdhody a nev\u00fdhody temn\u00fdch komor. Pod\u00edv\u00e1me se tak\u00e9 na jejich souvislost s HIV\/AIDS.","breadcrumb":{"@id":"https:\/\/gay-vodka.de\/cs\/temne-mistnosti\/#breadcrumb"},"inLanguage":"cs","potentialAction":[{"@type":"ReadAction","target":["https:\/\/gay-vodka.de\/cs\/temne-mistnosti\/"]}]},{"@type":"ImageObject","inLanguage":"cs","@id":"https:\/\/gay-vodka.de\/cs\/temne-mistnosti\/#primaryimage","url":"https:\/\/gay-vodka.de\/wp-content\/uploads\/2022\/12\/aleksandr-popov-R25Q-pAUeY8-unsplash.jpg","contentUrl":"https:\/\/gay-vodka.de\/wp-content\/uploads\/2022\/12\/aleksandr-popov-R25Q-pAUeY8-unsplash.jpg"},{"@type":"BreadcrumbList","@id":"https:\/\/gay-vodka.de\/cs\/temne-mistnosti\/#breadcrumb","itemListElement":[{"@type":"ListItem","position":1,"name":"Startseite","item":"https:\/\/gay-vodka.de\/cs\/gay-vodka-rovnost-respekt-laska\/"},{"@type":"ListItem","position":2,"name":"Temn\u00e9 m\u00edstnosti"}]},{"@type":"WebSite","@id":"https:\/\/gay-vodka.de\/cs\/#website","url":"https:\/\/gay-vodka.de\/cs\/","name":"Gay Vodka","description":"","publisher":{"@id":"https:\/\/gay-vodka.de\/cs\/#organization"},"potentialAction":[{"@type":"SearchAction","target":{"@type":"EntryPoint","urlTemplate":"https:\/\/gay-vodka.de\/cs\/?s={search_term_string}"},"query-input":{"@type":"PropertyValueSpecification","valueRequired":true,"valueName":"search_term_string"}}],"inLanguage":"cs"},{"@type":"Organization","@id":"https:\/\/gay-vodka.de\/cs\/#organization","name":"Gay Vodka","url":"https:\/\/gay-vodka.de\/cs\/","logo":{"@type":"ImageObject","inLanguage":"cs","@id":"https:\/\/gay-vodka.de\/cs\/#\/schema\/logo\/image\/","url":"https:\/\/gay-vodka.de\/wp-content\/uploads\/2024\/01\/favKopie3-2048x555-3.png","contentUrl":"https:\/\/gay-vodka.de\/wp-content\/uploads\/2024\/01\/favKopie3-2048x555-3.png","width":2048,"height":555,"caption":"Gay Vodka"},"image":{"@id":"https:\/\/gay-vodka.de\/cs\/#\/schema\/logo\/image\/"}}]}},"_links":{"self":[{"href":"https:\/\/gay-vodka.de\/cs\/wp-json\/wp\/v2\/pages\/45890","targetHints":{"allow":["GET"]}}],"collection":[{"href":"https:\/\/gay-vodka.de\/cs\/wp-json\/wp\/v2\/pages"}],"about":[{"href":"https:\/\/gay-vodka.de\/cs\/wp-json\/wp\/v2\/types\/page"}],"author":[{"embeddable":true,"href":"https:\/\/gay-vodka.de\/cs\/wp-json\/wp\/v2\/users\/1"}],"replies":[{"embeddable":true,"href":"https:\/\/gay-vodka.de\/cs\/wp-json\/wp\/v2\/comments?post=45890"}],"version-history":[{"count":10,"href":"https:\/\/gay-vodka.de\/cs\/wp-json\/wp\/v2\/pages\/45890\/revisions"}],"predecessor-version":[{"id":45989,"href":"https:\/\/gay-vodka.de\/cs\/wp-json\/wp\/v2\/pages\/45890\/revisions\/45989"}],"wp:attachment":[{"href":"https:\/\/gay-vodka.de\/cs\/wp-json\/wp\/v2\/media?parent=45890"}],"curies":[{"name":"wp","href":"https:\/\/api.w.org\/{rel}","templated":true}]}}