{"id":45889,"date":"2022-12-26T21:28:50","date_gmt":"2022-12-26T21:28:50","guid":{"rendered":"https:\/\/gay-vodka.de\/cuartos-oscuros\/"},"modified":"2024-05-01T11:10:03","modified_gmt":"2024-05-01T11:10:03","slug":"cuartos-oscuros","status":"publish","type":"page","link":"https:\/\/gay-vodka.de\/es\/cuartos-oscuros\/","title":{"rendered":"Cuartos oscuros"},"content":{"rendered":"<section class=\"l-section wpb_row height_medium\"><div class=\"l-section-h i-cf\"><div class=\"g-cols vc_row via_flex valign_top type_default stacking_default\"><div class=\"vc_col-sm-2 wpb_column vc_column_container\"><div class=\"vc_column-inner\"><div class=\"wpb_wrapper\"><\/div><\/div><\/div><div class=\"vc_col-sm-8 wpb_column vc_column_container\"><div class=\"vc_column-inner\"><div class=\"wpb_wrapper\"><div class=\"wpb_text_column\"><div class=\"wpb_wrapper\"><h1><strong>Cuartos Oscuros: Una visi\u00f3n profunda de la controvertida subcultura<\/strong><\/h1>\n<p><em>Actualizado el 13.10.2023<\/em><\/p>\n<\/div><\/div><div class=\"w-separator size_small\"><\/div><div class=\"w-image align_none\"><div class=\"w-image-h\"><img loading=\"lazy\" decoding=\"async\" width=\"1024\" height=\"683\" src=\"https:\/\/gay-vodka.de\/wp-content\/uploads\/2022\/12\/aleksandr-popov-k_UrO4kMBcA-unsplash-1024x683.jpg\" class=\"attachment-large size-large\" alt=\"\" srcset=\"https:\/\/gay-vodka.de\/wp-content\/uploads\/2022\/12\/aleksandr-popov-k_UrO4kMBcA-unsplash-1024x683.jpg 1024w, https:\/\/gay-vodka.de\/wp-content\/uploads\/2022\/12\/aleksandr-popov-k_UrO4kMBcA-unsplash-300x200.jpg 300w, https:\/\/gay-vodka.de\/wp-content\/uploads\/2022\/12\/aleksandr-popov-k_UrO4kMBcA-unsplash-350x233.jpg 350w, https:\/\/gay-vodka.de\/wp-content\/uploads\/2022\/12\/aleksandr-popov-k_UrO4kMBcA-unsplash-600x400.jpg 600w, https:\/\/gay-vodka.de\/wp-content\/uploads\/2022\/12\/aleksandr-popov-k_UrO4kMBcA-unsplash-500x333.jpg 500w, https:\/\/gay-vodka.de\/wp-content\/uploads\/2022\/12\/aleksandr-popov-k_UrO4kMBcA-unsplash-380x253.jpg 380w, https:\/\/gay-vodka.de\/wp-content\/uploads\/2022\/12\/aleksandr-popov-k_UrO4kMBcA-unsplash-768x512.jpg 768w, https:\/\/gay-vodka.de\/wp-content\/uploads\/2022\/12\/aleksandr-popov-k_UrO4kMBcA-unsplash-1000x667.jpg 1000w, https:\/\/gay-vodka.de\/wp-content\/uploads\/2022\/12\/aleksandr-popov-k_UrO4kMBcA-unsplash.jpg 1200w\" sizes=\"auto, (max-width: 1024px) 100vw, 1024px\" \/><\/div><\/div><div class=\"w-separator size_small\"><\/div><div class=\"wpb_text_column us_custom_c139e5e3\"><div class=\"wpb_wrapper\"><p>El cuarto oscuro, tambi\u00e9n conocido como<a href=\"https:\/\/gay-vodka.de\/gay-cruising\/\">\u00abzona de cruising<\/a>\u00ab, es un lugar donde la gente se re\u00fane para realizar actividades sexuales. Estas salas suelen ser oscuras para preservar el anonimato de las personas que acuden a ellas. En los \u00faltimos a\u00f1os, sin embargo, los cuartos oscuros han suscitado mucha controversia, ya que algunos los consideran peligrosos e insalubres, mientras que otros los ven como un lugar seguro para la autodeterminaci\u00f3n sexual. En este art\u00edculo, abordaremos el tema de los cuartos oscuros para homosexuales desde diferentes perspectivas y proporcionaremos una visi\u00f3n en profundidad de esta controvertida subcultura.<\/p>\n<h2><strong>\u00bfQu\u00e9 son los cuartos oscuros?<\/strong><\/h2>\n<p>Un cuarto oscuro suele ser una habitaci\u00f3n aislada de un club o bar reservada para actividades sexuales. A menudo son oscuros para preservar el anonimato de las personas que acuden a ellos. Los cuartos oscuros son utilizados principalmente por homosexuales, pero tambi\u00e9n existen para personas de todas las orientaciones sexuales.<\/p>\n<p>Existen desde hace d\u00e9cadas, pero han saltado repetidamente a los titulares en los \u00faltimos a\u00f1os. Algunas personas los consideran lugares peligrosos donde pueden producirse agresiones sexuales y otros comportamientos inapropiados. Otros, sin embargo, lo ven como un lugar seguro para la autodeterminaci\u00f3n sexual y una oportunidad para divertirse sin prejuicios ni discriminaci\u00f3n.<\/p>\n<h2><strong><img loading=\"lazy\" decoding=\"async\" class=\"alignnone size-full wp-image-8081\" src=\"https:\/\/gay-vodka.de\/wp-content\/uploads\/2022\/12\/aleksandr-popov-R25Q-pAUeY8-unsplash.jpg\" alt=\"\" width=\"1200\" height=\"800\" srcset=\"https:\/\/gay-vodka.de\/wp-content\/uploads\/2022\/12\/aleksandr-popov-R25Q-pAUeY8-unsplash.jpg 1200w, https:\/\/gay-vodka.de\/wp-content\/uploads\/2022\/12\/aleksandr-popov-R25Q-pAUeY8-unsplash-300x200.jpg 300w, https:\/\/gay-vodka.de\/wp-content\/uploads\/2022\/12\/aleksandr-popov-R25Q-pAUeY8-unsplash-1024x683.jpg 1024w, https:\/\/gay-vodka.de\/wp-content\/uploads\/2022\/12\/aleksandr-popov-R25Q-pAUeY8-unsplash-350x233.jpg 350w, https:\/\/gay-vodka.de\/wp-content\/uploads\/2022\/12\/aleksandr-popov-R25Q-pAUeY8-unsplash-600x400.jpg 600w, https:\/\/gay-vodka.de\/wp-content\/uploads\/2022\/12\/aleksandr-popov-R25Q-pAUeY8-unsplash-500x333.jpg 500w, https:\/\/gay-vodka.de\/wp-content\/uploads\/2022\/12\/aleksandr-popov-R25Q-pAUeY8-unsplash-380x253.jpg 380w, https:\/\/gay-vodka.de\/wp-content\/uploads\/2022\/12\/aleksandr-popov-R25Q-pAUeY8-unsplash-768x512.jpg 768w, https:\/\/gay-vodka.de\/wp-content\/uploads\/2022\/12\/aleksandr-popov-R25Q-pAUeY8-unsplash-1000x667.jpg 1000w\" sizes=\"auto, (max-width: 1200px) 100vw, 1200px\" \/><\/strong><\/h2>\n<h2><strong>Ventajas e inconvenientes de los cuartos oscuros<\/strong><\/h2>\n<p>Como toda subcultura, los cuartos oscuros tienen ventajas e inconvenientes. He aqu\u00ed algunos de los puntos m\u00e1s importantes:<\/p>\n<p><strong>Ventajas:<\/strong><\/p>\n<ul>\n<li>Ofrecen a los homosexuales un lugar donde pueden reunirse y realizar actividades sexuales libres de prejuicios y discriminaci\u00f3n.<\/li>\n<li>Tambi\u00e9n ofrecen una forma de encontrarse discretamente a las personas que tienen pareja pero siguen buscando satisfacci\u00f3n sexual.<\/li>\n<li>Para algunas personas, estos espacios pueden servir tambi\u00e9n para vivir y explorar su identidad y orientaci\u00f3n sexuales.<\/li>\n<li>Tambi\u00e9n pueden ser una oportunidad para conocer gente nueva y establecer contactos dentro de la comunidad LGBTQIA+.<\/li>\n<\/ul>\n<p><strong>Desventajas:<\/strong><\/p>\n<ul>\n<li>No hay forma de garantizar la seguridad. Es posible que se produzcan agresiones sexuales u otros comportamientos inadecuados.<\/li>\n<li>A veces tambi\u00e9n son escenario de consumo de drogas y, por tanto, pueden entra\u00f1ar riesgos para la salud.<\/li>\n<li>En algunos pa\u00edses, los cuartos oscuros son ilegales, lo que significa que las personas que los visitan se arriesgan a ser detenidas y castigadas.<\/li>\n<\/ul>\n<h2><a href=\"https:\/\/tracking.playaleads.com\/aff_c?offer_id=144&amp;aff_id=2507&amp;source=CHANGEME&amp;aff_click_id=CHANGEME&amp;url_id=991\" target=\"_blank\" rel=\"noopener noreferrer\"><strong><img loading=\"lazy\" decoding=\"async\" class=\"alignnone wp-image-8679 size-full\" src=\"https:\/\/gay-vodka.de\/wp-content\/uploads\/2023\/08\/Spontane_Dates_970x90_ge.gif\" alt=\"\" width=\"970\" height=\"90\"><\/strong><\/a><\/h2>\n<h3><strong>El riesgo de infecci\u00f3n por VIH\/SIDA<\/strong><\/h3>\n<p>Otro aspecto controvertido de los cuartos oscuros es su relaci\u00f3n con el VIH\/SIDA. En los a\u00f1os 80 y 90, las salas fueron un importante lugar de encuentro para los homosexuales durante la epidemia de VIH\/SIDA, ya que ofrec\u00edan la oportunidad de reunirse y socializar sexualmente sin miedo a los prejuicios y la discriminaci\u00f3n.<\/p>\n<p>Sin embargo, tambi\u00e9n fueron parte del problema, ya que contribuyeron a que el VIH\/SIDA se propagara m\u00e1s r\u00e1pidamente. Como las personas permanec\u00edan en el anonimato y no hab\u00eda forma de ponerse en contacto con sus parejas sexuales si estaban infectadas por el VIH, era dif\u00edcil prevenir la propagaci\u00f3n de la enfermedad.<\/p>\n<p>Hoy en d\u00eda, sin embargo, hay muchas formas de protegerse contra el VIH\/sida, como los preservativos y la PrEP (profilaxis preexposici\u00f3n), una medicaci\u00f3n diaria que reduce el riesgo de infecci\u00f3n por VIH. No obstante, el VIH\/SIDA sigue siendo una grave amenaza, especialmente para los homosexuales, y es importante promover pr\u00e1cticas sexuales seguras y protegerse contra la infecci\u00f3n.<\/p>\n<h2><strong><img loading=\"lazy\" decoding=\"async\" class=\"alignnone size-full wp-image-8082\" src=\"https:\/\/gay-vodka.de\/wp-content\/uploads\/2022\/12\/aleksandr-popov-SbPUMwGYzLo-unsplash.jpg\" alt=\"Club del Cuarto Oscuro\" width=\"1200\" height=\"800\" srcset=\"https:\/\/gay-vodka.de\/wp-content\/uploads\/2022\/12\/aleksandr-popov-SbPUMwGYzLo-unsplash.jpg 1200w, https:\/\/gay-vodka.de\/wp-content\/uploads\/2022\/12\/aleksandr-popov-SbPUMwGYzLo-unsplash-300x200.jpg 300w, https:\/\/gay-vodka.de\/wp-content\/uploads\/2022\/12\/aleksandr-popov-SbPUMwGYzLo-unsplash-1024x683.jpg 1024w, https:\/\/gay-vodka.de\/wp-content\/uploads\/2022\/12\/aleksandr-popov-SbPUMwGYzLo-unsplash-350x233.jpg 350w, https:\/\/gay-vodka.de\/wp-content\/uploads\/2022\/12\/aleksandr-popov-SbPUMwGYzLo-unsplash-600x400.jpg 600w, https:\/\/gay-vodka.de\/wp-content\/uploads\/2022\/12\/aleksandr-popov-SbPUMwGYzLo-unsplash-500x333.jpg 500w, https:\/\/gay-vodka.de\/wp-content\/uploads\/2022\/12\/aleksandr-popov-SbPUMwGYzLo-unsplash-380x253.jpg 380w, https:\/\/gay-vodka.de\/wp-content\/uploads\/2022\/12\/aleksandr-popov-SbPUMwGYzLo-unsplash-768x512.jpg 768w, https:\/\/gay-vodka.de\/wp-content\/uploads\/2022\/12\/aleksandr-popov-SbPUMwGYzLo-unsplash-1000x667.jpg 1000w\" sizes=\"auto, (max-width: 1200px) 100vw, 1200px\" \/><\/strong><\/h2>\n<h2><strong>El futuro de los cuartos oscuros<\/strong><\/h2>\n<p>Es dif\u00edcil predecir c\u00f3mo evolucionar\u00e1n los cuartos oscuros en el futuro. Algunas personas sostienen que siguen desempe\u00f1ando un papel importante en la comunidad LGBTQ+, sobre todo en pa\u00edses donde la homosexualidad todav\u00eda no est\u00e1 aceptada. Sin embargo, otros creen que los cuartos oscuros est\u00e1n anticuados y que hay mejores formas de quedar y mantener relaciones sexuales sin exponerse a los peligros de las agresiones sexuales y otros comportamientos inadecuados.<\/p>\n<p>Una forma de hacer que los cuartos oscuros sean m\u00e1s seguros e inclusivos, por ejemplo, ser\u00eda controlarlos mejor e introducir normas y directrices m\u00e1s estrictas. Tambi\u00e9n podr\u00eda ser \u00fatil proporcionar m\u00e1s recursos para promover pr\u00e1cticas sexuales seguras y prevenir la propagaci\u00f3n del VIH\/SIDA.<\/p>\n<p>Otro planteamiento ser\u00eda sustituir o complementar los cuartos oscuros con otras oportunidades para reunirse y socializar sexualmente. Las plataformas y aplicaciones de citas en l\u00ednea se han hecho cada vez m\u00e1s populares en los \u00faltimos a\u00f1os y ofrecen una forma de encontrar parejas sexuales sin tener que pasar tiempo en salas oscuras y abarrotadas.<\/p>\n<p>En \u00faltima instancia, el futuro de los cuartos oscuros depende de c\u00f3mo aborden el tema la comunidad LGBTQ+ y la sociedad en su conjunto. Es importante que todos los implicados -incluidos los que visitan los cuartos oscuros y los que los dirigen- sean conscientes de los riesgos y promuevan pr\u00e1cticas sexuales seguras.<\/p>\n<p>En resumen, los cuartos oscuros son un tema complejo y controvertido que requiere tener en cuenta muchas perspectivas diferentes. Aunque para algunas personas son un lugar seguro para la autodeterminaci\u00f3n sexual, tambi\u00e9n existen muchos riesgos y desventajas que hay que tener en cuenta. Queda por ver c\u00f3mo se desarrollar\u00e1n los cuartos oscuros en el futuro, pero es importante que todas las partes implicadas promuevan pr\u00e1cticas sexuales seguras y eviten la propagaci\u00f3n del VIH\/sida.<\/p>\n<h4>M\u00e1s informaci\u00f3n sobre el tema<\/h4>\n<p>Puedes encontrar m\u00e1s informaci\u00f3n apasionante en este art\u00edculo del blog Culture Trip:<a href=\"https:\/\/theculturetrip.com\/germany\/articles\/the-mystery-behind-berlins-dark-rooms-and-a-glimpse-inside-them\/\">\u00abEl misterio de las habitaciones oscuras de Berl\u00edn y un vistazo a su interior<\/a>\u00ab. En nuestra opini\u00f3n, un art\u00edculo muy legible.<\/p>\n<\/div><\/div><\/div><\/div><\/div><div class=\"vc_col-sm-2 wpb_column vc_column_container hide_on_tablets hide_on_mobiles\"><div class=\"vc_column-inner\"><div class=\"wpb_wrapper\"><div class=\"w-html\"><a href=\"https:\/\/a.check24.net\/misc\/click.php?pid=341628&amp;aid=338&amp;deep=c24bank&amp;cat=14\" target=\"_blank\"><img loading=\"lazy\" decoding=\"async\" src=\"https:\/\/a.check24.net\/misc\/view.php?pid=341628&amp;aid=338&amp;cat=14\" width=\"160\" height=\"600\" style=\"max-width: 100%; height: auto;\"><\/a><\/div><\/div><\/div><\/div><\/div><\/div><\/section>\n","protected":false},"excerpt":{"rendered":"Cuartos Oscuros: Una visi\u00f3n profunda de la controvertida subcultura Actualizado el 13.10.2023 El cuarto oscuro, tambi\u00e9n conocido como\u00abzona de cruising\u00ab, es un lugar donde la gente se re\u00fane para realizar actividades sexuales. Estas salas suelen ser oscuras para preservar el anonimato de las personas que acuden a ellas. En los \u00faltimos a\u00f1os, sin embargo, los...","protected":false},"author":1,"featured_media":0,"parent":0,"menu_order":0,"comment_status":"closed","ping_status":"closed","template":"","meta":{"_monsterinsights_skip_tracking":false,"_monsterinsights_sitenote_active":false,"_monsterinsights_sitenote_note":"","_monsterinsights_sitenote_category":0,"footnotes":""},"class_list":["post-45889","page","type-page","status-publish","hentry"],"yoast_head":"<!-- This site is optimized with the Yoast SEO plugin v25.9 - https:\/\/yoast.com\/wordpress\/plugins\/seo\/ -->\n<title>Cuartos Oscuros: Una visi\u00f3n profunda de la controvertida subcultura<\/title>\n<meta name=\"description\" content=\"Ofrecemos una visi\u00f3n de una subcultura y analizamos las ventajas e inconvenientes de los cuartos oscuros. Tambi\u00e9n examinamos su relaci\u00f3n con el VIH\/SIDA.\" \/>\n<meta name=\"robots\" content=\"index, follow, max-snippet:-1, max-image-preview:large, max-video-preview:-1\" \/>\n<link rel=\"canonical\" href=\"https:\/\/gay-vodka.de\/es\/cuartos-oscuros\/\" \/>\n<meta property=\"og:locale\" content=\"es_ES\" \/>\n<meta property=\"og:type\" content=\"article\" \/>\n<meta property=\"og:title\" content=\"Cuartos Oscuros: Una visi\u00f3n profunda de la controvertida subcultura\" \/>\n<meta property=\"og:description\" content=\"Ofrecemos una visi\u00f3n de una subcultura y analizamos las ventajas e inconvenientes de los cuartos oscuros. Tambi\u00e9n examinamos su relaci\u00f3n con el VIH\/SIDA.\" \/>\n<meta property=\"og:url\" content=\"https:\/\/gay-vodka.de\/es\/cuartos-oscuros\/\" \/>\n<meta property=\"article:modified_time\" content=\"2024-05-01T11:10:03+00:00\" \/>\n<meta property=\"og:image\" content=\"https:\/\/gay-vodka.de\/wp-content\/uploads\/2022\/12\/aleksandr-popov-R25Q-pAUeY8-unsplash.jpg\" \/>\n<meta name=\"twitter:card\" content=\"summary_large_image\" \/>\n<meta name=\"twitter:label1\" content=\"Tiempo de lectura\" \/>\n\t<meta name=\"twitter:data1\" content=\"6 minutos\" \/>\n<script type=\"application\/ld+json\" class=\"yoast-schema-graph\">{\"@context\":\"https:\/\/schema.org\",\"@graph\":[{\"@type\":\"WebPage\",\"@id\":\"https:\/\/gay-vodka.de\/es\/cuartos-oscuros\/\",\"url\":\"https:\/\/gay-vodka.de\/es\/cuartos-oscuros\/\",\"name\":\"Cuartos Oscuros: Una visi\u00f3n profunda de la controvertida subcultura\",\"isPartOf\":{\"@id\":\"https:\/\/gay-vodka.de\/es\/#website\"},\"primaryImageOfPage\":{\"@id\":\"https:\/\/gay-vodka.de\/es\/cuartos-oscuros\/#primaryimage\"},\"image\":{\"@id\":\"https:\/\/gay-vodka.de\/es\/cuartos-oscuros\/#primaryimage\"},\"thumbnailUrl\":\"https:\/\/gay-vodka.de\/wp-content\/uploads\/2022\/12\/aleksandr-popov-R25Q-pAUeY8-unsplash.jpg\",\"datePublished\":\"2022-12-26T21:28:50+00:00\",\"dateModified\":\"2024-05-01T11:10:03+00:00\",\"description\":\"Ofrecemos una visi\u00f3n de una subcultura y analizamos las ventajas e inconvenientes de los cuartos oscuros. Tambi\u00e9n examinamos su relaci\u00f3n con el VIH\/SIDA.\",\"breadcrumb\":{\"@id\":\"https:\/\/gay-vodka.de\/es\/cuartos-oscuros\/#breadcrumb\"},\"inLanguage\":\"es\",\"potentialAction\":[{\"@type\":\"ReadAction\",\"target\":[\"https:\/\/gay-vodka.de\/es\/cuartos-oscuros\/\"]}]},{\"@type\":\"ImageObject\",\"inLanguage\":\"es\",\"@id\":\"https:\/\/gay-vodka.de\/es\/cuartos-oscuros\/#primaryimage\",\"url\":\"https:\/\/gay-vodka.de\/wp-content\/uploads\/2022\/12\/aleksandr-popov-R25Q-pAUeY8-unsplash.jpg\",\"contentUrl\":\"https:\/\/gay-vodka.de\/wp-content\/uploads\/2022\/12\/aleksandr-popov-R25Q-pAUeY8-unsplash.jpg\"},{\"@type\":\"BreadcrumbList\",\"@id\":\"https:\/\/gay-vodka.de\/es\/cuartos-oscuros\/#breadcrumb\",\"itemListElement\":[{\"@type\":\"ListItem\",\"position\":1,\"name\":\"Startseite\",\"item\":\"https:\/\/gay-vodka.de\/es\/vodka-gay-igualdad-respeto-el-amor\/\"},{\"@type\":\"ListItem\",\"position\":2,\"name\":\"Cuartos oscuros\"}]},{\"@type\":\"WebSite\",\"@id\":\"https:\/\/gay-vodka.de\/es\/#website\",\"url\":\"https:\/\/gay-vodka.de\/es\/\",\"name\":\"Gay Vodka\",\"description\":\"\",\"publisher\":{\"@id\":\"https:\/\/gay-vodka.de\/es\/#organization\"},\"potentialAction\":[{\"@type\":\"SearchAction\",\"target\":{\"@type\":\"EntryPoint\",\"urlTemplate\":\"https:\/\/gay-vodka.de\/es\/?s={search_term_string}\"},\"query-input\":{\"@type\":\"PropertyValueSpecification\",\"valueRequired\":true,\"valueName\":\"search_term_string\"}}],\"inLanguage\":\"es\"},{\"@type\":\"Organization\",\"@id\":\"https:\/\/gay-vodka.de\/es\/#organization\",\"name\":\"Gay Vodka\",\"url\":\"https:\/\/gay-vodka.de\/es\/\",\"logo\":{\"@type\":\"ImageObject\",\"inLanguage\":\"es\",\"@id\":\"https:\/\/gay-vodka.de\/es\/#\/schema\/logo\/image\/\",\"url\":\"https:\/\/gay-vodka.de\/wp-content\/uploads\/2024\/01\/favKopie3-2048x555-3.png\",\"contentUrl\":\"https:\/\/gay-vodka.de\/wp-content\/uploads\/2024\/01\/favKopie3-2048x555-3.png\",\"width\":2048,\"height\":555,\"caption\":\"Gay Vodka\"},\"image\":{\"@id\":\"https:\/\/gay-vodka.de\/es\/#\/schema\/logo\/image\/\"}}]}<\/script>\n<!-- \/ Yoast SEO plugin. -->","yoast_head_json":{"title":"Cuartos Oscuros: Una visi\u00f3n profunda de la controvertida subcultura","description":"Ofrecemos una visi\u00f3n de una subcultura y analizamos las ventajas e inconvenientes de los cuartos oscuros. Tambi\u00e9n examinamos su relaci\u00f3n con el VIH\/SIDA.","robots":{"index":"index","follow":"follow","max-snippet":"max-snippet:-1","max-image-preview":"max-image-preview:large","max-video-preview":"max-video-preview:-1"},"canonical":"https:\/\/gay-vodka.de\/es\/cuartos-oscuros\/","og_locale":"es_ES","og_type":"article","og_title":"Cuartos Oscuros: Una visi\u00f3n profunda de la controvertida subcultura","og_description":"Ofrecemos una visi\u00f3n de una subcultura y analizamos las ventajas e inconvenientes de los cuartos oscuros. Tambi\u00e9n examinamos su relaci\u00f3n con el VIH\/SIDA.","og_url":"https:\/\/gay-vodka.de\/es\/cuartos-oscuros\/","article_modified_time":"2024-05-01T11:10:03+00:00","og_image":[{"url":"https:\/\/gay-vodka.de\/wp-content\/uploads\/2022\/12\/aleksandr-popov-R25Q-pAUeY8-unsplash.jpg","type":"","width":"","height":""}],"twitter_card":"summary_large_image","twitter_misc":{"Tiempo de lectura":"6 minutos"},"schema":{"@context":"https:\/\/schema.org","@graph":[{"@type":"WebPage","@id":"https:\/\/gay-vodka.de\/es\/cuartos-oscuros\/","url":"https:\/\/gay-vodka.de\/es\/cuartos-oscuros\/","name":"Cuartos Oscuros: Una visi\u00f3n profunda de la controvertida subcultura","isPartOf":{"@id":"https:\/\/gay-vodka.de\/es\/#website"},"primaryImageOfPage":{"@id":"https:\/\/gay-vodka.de\/es\/cuartos-oscuros\/#primaryimage"},"image":{"@id":"https:\/\/gay-vodka.de\/es\/cuartos-oscuros\/#primaryimage"},"thumbnailUrl":"https:\/\/gay-vodka.de\/wp-content\/uploads\/2022\/12\/aleksandr-popov-R25Q-pAUeY8-unsplash.jpg","datePublished":"2022-12-26T21:28:50+00:00","dateModified":"2024-05-01T11:10:03+00:00","description":"Ofrecemos una visi\u00f3n de una subcultura y analizamos las ventajas e inconvenientes de los cuartos oscuros. Tambi\u00e9n examinamos su relaci\u00f3n con el VIH\/SIDA.","breadcrumb":{"@id":"https:\/\/gay-vodka.de\/es\/cuartos-oscuros\/#breadcrumb"},"inLanguage":"es","potentialAction":[{"@type":"ReadAction","target":["https:\/\/gay-vodka.de\/es\/cuartos-oscuros\/"]}]},{"@type":"ImageObject","inLanguage":"es","@id":"https:\/\/gay-vodka.de\/es\/cuartos-oscuros\/#primaryimage","url":"https:\/\/gay-vodka.de\/wp-content\/uploads\/2022\/12\/aleksandr-popov-R25Q-pAUeY8-unsplash.jpg","contentUrl":"https:\/\/gay-vodka.de\/wp-content\/uploads\/2022\/12\/aleksandr-popov-R25Q-pAUeY8-unsplash.jpg"},{"@type":"BreadcrumbList","@id":"https:\/\/gay-vodka.de\/es\/cuartos-oscuros\/#breadcrumb","itemListElement":[{"@type":"ListItem","position":1,"name":"Startseite","item":"https:\/\/gay-vodka.de\/es\/vodka-gay-igualdad-respeto-el-amor\/"},{"@type":"ListItem","position":2,"name":"Cuartos oscuros"}]},{"@type":"WebSite","@id":"https:\/\/gay-vodka.de\/es\/#website","url":"https:\/\/gay-vodka.de\/es\/","name":"Gay Vodka","description":"","publisher":{"@id":"https:\/\/gay-vodka.de\/es\/#organization"},"potentialAction":[{"@type":"SearchAction","target":{"@type":"EntryPoint","urlTemplate":"https:\/\/gay-vodka.de\/es\/?s={search_term_string}"},"query-input":{"@type":"PropertyValueSpecification","valueRequired":true,"valueName":"search_term_string"}}],"inLanguage":"es"},{"@type":"Organization","@id":"https:\/\/gay-vodka.de\/es\/#organization","name":"Gay Vodka","url":"https:\/\/gay-vodka.de\/es\/","logo":{"@type":"ImageObject","inLanguage":"es","@id":"https:\/\/gay-vodka.de\/es\/#\/schema\/logo\/image\/","url":"https:\/\/gay-vodka.de\/wp-content\/uploads\/2024\/01\/favKopie3-2048x555-3.png","contentUrl":"https:\/\/gay-vodka.de\/wp-content\/uploads\/2024\/01\/favKopie3-2048x555-3.png","width":2048,"height":555,"caption":"Gay Vodka"},"image":{"@id":"https:\/\/gay-vodka.de\/es\/#\/schema\/logo\/image\/"}}]}},"_links":{"self":[{"href":"https:\/\/gay-vodka.de\/es\/wp-json\/wp\/v2\/pages\/45889","targetHints":{"allow":["GET"]}}],"collection":[{"href":"https:\/\/gay-vodka.de\/es\/wp-json\/wp\/v2\/pages"}],"about":[{"href":"https:\/\/gay-vodka.de\/es\/wp-json\/wp\/v2\/types\/page"}],"author":[{"embeddable":true,"href":"https:\/\/gay-vodka.de\/es\/wp-json\/wp\/v2\/users\/1"}],"replies":[{"embeddable":true,"href":"https:\/\/gay-vodka.de\/es\/wp-json\/wp\/v2\/comments?post=45889"}],"version-history":[{"count":6,"href":"https:\/\/gay-vodka.de\/es\/wp-json\/wp\/v2\/pages\/45889\/revisions"}],"predecessor-version":[{"id":45938,"href":"https:\/\/gay-vodka.de\/es\/wp-json\/wp\/v2\/pages\/45889\/revisions\/45938"}],"wp:attachment":[{"href":"https:\/\/gay-vodka.de\/es\/wp-json\/wp\/v2\/media?parent=45889"}],"curies":[{"name":"wp","href":"https:\/\/api.w.org\/{rel}","templated":true}]}}