{"id":45908,"date":"2022-12-26T21:28:50","date_gmt":"2022-12-26T21:28:50","guid":{"rendered":"https:\/\/gay-vodka.de\/stanze-buie\/"},"modified":"2024-05-01T11:10:08","modified_gmt":"2024-05-01T11:10:08","slug":"stanze-buie","status":"publish","type":"page","link":"https:\/\/gay-vodka.de\/it\/stanze-buie\/","title":{"rendered":"Stanze buie"},"content":{"rendered":"<section class=\"l-section wpb_row height_medium\"><div class=\"l-section-h i-cf\"><div class=\"g-cols vc_row via_flex valign_top type_default stacking_default\"><div class=\"vc_col-sm-2 wpb_column vc_column_container\"><div class=\"vc_column-inner\"><div class=\"wpb_wrapper\"><\/div><\/div><\/div><div class=\"vc_col-sm-8 wpb_column vc_column_container\"><div class=\"vc_column-inner\"><div class=\"wpb_wrapper\"><div class=\"wpb_text_column\"><div class=\"wpb_wrapper\"><h1><strong>Dark Rooms: una visione approfondita della controversa subcultura<\/strong><\/h1>\n<p><em>Aggiornato al 13.10.2023<\/em><\/p>\n<\/div><\/div><div class=\"w-separator size_small\"><\/div><div class=\"w-image align_none\"><div class=\"w-image-h\"><img loading=\"lazy\" decoding=\"async\" width=\"1024\" height=\"683\" src=\"https:\/\/gay-vodka.de\/wp-content\/uploads\/2022\/12\/aleksandr-popov-k_UrO4kMBcA-unsplash-1024x683.jpg\" class=\"attachment-large size-large\" alt=\"\" srcset=\"https:\/\/gay-vodka.de\/wp-content\/uploads\/2022\/12\/aleksandr-popov-k_UrO4kMBcA-unsplash-1024x683.jpg 1024w, https:\/\/gay-vodka.de\/wp-content\/uploads\/2022\/12\/aleksandr-popov-k_UrO4kMBcA-unsplash-300x200.jpg 300w, https:\/\/gay-vodka.de\/wp-content\/uploads\/2022\/12\/aleksandr-popov-k_UrO4kMBcA-unsplash-350x233.jpg 350w, https:\/\/gay-vodka.de\/wp-content\/uploads\/2022\/12\/aleksandr-popov-k_UrO4kMBcA-unsplash-600x400.jpg 600w, https:\/\/gay-vodka.de\/wp-content\/uploads\/2022\/12\/aleksandr-popov-k_UrO4kMBcA-unsplash-500x333.jpg 500w, https:\/\/gay-vodka.de\/wp-content\/uploads\/2022\/12\/aleksandr-popov-k_UrO4kMBcA-unsplash-380x253.jpg 380w, https:\/\/gay-vodka.de\/wp-content\/uploads\/2022\/12\/aleksandr-popov-k_UrO4kMBcA-unsplash-768x512.jpg 768w, https:\/\/gay-vodka.de\/wp-content\/uploads\/2022\/12\/aleksandr-popov-k_UrO4kMBcA-unsplash-1000x667.jpg 1000w, https:\/\/gay-vodka.de\/wp-content\/uploads\/2022\/12\/aleksandr-popov-k_UrO4kMBcA-unsplash.jpg 1200w\" sizes=\"auto, (max-width: 1024px) 100vw, 1024px\" \/><\/div><\/div><div class=\"w-separator size_small\"><\/div><div class=\"wpb_text_column us_custom_c139e5e3\"><div class=\"wpb_wrapper\"><p>La dark room, nota anche come<a href=\"https:\/\/gay-vodka.de\/gay-cruising\/\">&#8220;area di cruising<\/a>&#8220;, \u00e8 un luogo in cui le persone si incontrano per praticare attivit\u00e0 sessuali. Queste stanze sono solitamente buie per preservare l&#8217;anonimato delle persone che vi si recano. Negli ultimi anni, tuttavia, le dark room hanno suscitato molte polemiche: alcuni le considerano pericolose e malsane, mentre altri le vedono come un luogo sicuro per l&#8217;autodeterminazione sessuale. In questo articolo affronteremo il tema delle dark room per omosessuali da diverse prospettive e forniremo una visione approfondita di questa controversa sottocultura.<\/p>\n<h2><strong>Cosa sono le camere oscure?<\/strong><\/h2>\n<p>Una dark room \u00e8 solitamente una stanza appartata di un club o di un bar riservata alle attivit\u00e0 sessuali. Spesso sono scuri per preservare l&#8217;anonimato delle persone che vi si recano. Le dark room sono utilizzate soprattutto dagli omosessuali, ma esistono anche per persone di qualsiasi orientamento sessuale.<\/p>\n<p>Esistono da decenni, ma negli ultimi anni sono balzati pi\u00f9 volte agli onori della cronaca. Alcuni li vedono come luoghi pericolosi in cui possono avvenire aggressioni sessuali e altri comportamenti inappropriati. Altri, invece, lo vedono come un luogo sicuro per l&#8217;autodeterminazione sessuale e un&#8217;opportunit\u00e0 per divertirsi senza pregiudizi e discriminazioni.<\/p>\n<h2><strong><img loading=\"lazy\" decoding=\"async\" class=\"alignnone size-full wp-image-8081\" src=\"https:\/\/gay-vodka.de\/wp-content\/uploads\/2022\/12\/aleksandr-popov-R25Q-pAUeY8-unsplash.jpg\" alt=\"\" width=\"1200\" height=\"800\" srcset=\"https:\/\/gay-vodka.de\/wp-content\/uploads\/2022\/12\/aleksandr-popov-R25Q-pAUeY8-unsplash.jpg 1200w, https:\/\/gay-vodka.de\/wp-content\/uploads\/2022\/12\/aleksandr-popov-R25Q-pAUeY8-unsplash-300x200.jpg 300w, https:\/\/gay-vodka.de\/wp-content\/uploads\/2022\/12\/aleksandr-popov-R25Q-pAUeY8-unsplash-1024x683.jpg 1024w, https:\/\/gay-vodka.de\/wp-content\/uploads\/2022\/12\/aleksandr-popov-R25Q-pAUeY8-unsplash-350x233.jpg 350w, https:\/\/gay-vodka.de\/wp-content\/uploads\/2022\/12\/aleksandr-popov-R25Q-pAUeY8-unsplash-600x400.jpg 600w, https:\/\/gay-vodka.de\/wp-content\/uploads\/2022\/12\/aleksandr-popov-R25Q-pAUeY8-unsplash-500x333.jpg 500w, https:\/\/gay-vodka.de\/wp-content\/uploads\/2022\/12\/aleksandr-popov-R25Q-pAUeY8-unsplash-380x253.jpg 380w, https:\/\/gay-vodka.de\/wp-content\/uploads\/2022\/12\/aleksandr-popov-R25Q-pAUeY8-unsplash-768x512.jpg 768w, https:\/\/gay-vodka.de\/wp-content\/uploads\/2022\/12\/aleksandr-popov-R25Q-pAUeY8-unsplash-1000x667.jpg 1000w\" sizes=\"auto, (max-width: 1200px) 100vw, 1200px\" \/><\/strong><\/h2>\n<h2><strong>Vantaggi e svantaggi delle camere oscure<\/strong><\/h2>\n<p>Come ogni sottocultura, le dark room hanno vantaggi e svantaggi. Ecco alcuni dei punti pi\u00f9 importanti:<\/p>\n<p><strong>Vantaggi:<\/strong><\/p>\n<ul>\n<li>Offrono agli omosessuali un luogo dove potersi incontrare e praticare attivit\u00e0 sessuali senza pregiudizi e discriminazioni.<\/li>\n<li>Offrono inoltre la possibilit\u00e0 di incontrarsi in modo discreto a persone che hanno una relazione ma che sono ancora alla ricerca di un appagamento sessuale.<\/li>\n<li>Per alcune persone, questi spazi possono anche rappresentare un&#8217;opportunit\u00e0 per vivere ed esplorare la propria identit\u00e0 e il proprio orientamento sessuale.<\/li>\n<li>Possono anche essere un&#8217;opportunit\u00e0 per conoscere nuove persone e fare rete all&#8217;interno della comunit\u00e0 LGBTQIA+.<\/li>\n<\/ul>\n<p><strong>Svantaggi:<\/strong><\/p>\n<ul>\n<li>Non c&#8217;\u00e8 modo di garantire la sicurezza. \u00c8 possibile che si verifichino aggressioni sessuali o altri comportamenti inappropriati.<\/li>\n<li>A volte sono anche teatro di consumo di droga e possono quindi comportare rischi per la salute.<\/li>\n<li>In alcuni paesi le dark room sono illegali, il che significa che le persone che le frequentano rischiano l&#8217;arresto e la punizione.<\/li>\n<\/ul>\n<h2><a href=\"https:\/\/tracking.playaleads.com\/aff_c?offer_id=144&amp;aff_id=2507&amp;source=CHANGEME&amp;aff_click_id=CHANGEME&amp;url_id=991\" target=\"_blank\" rel=\"noopener noreferrer\"><strong><img loading=\"lazy\" decoding=\"async\" class=\"alignnone wp-image-8679 size-full\" src=\"https:\/\/gay-vodka.de\/wp-content\/uploads\/2023\/08\/Spontane_Dates_970x90_ge.gif\" alt=\"\" width=\"970\" height=\"90\"><\/strong><\/a><\/h2>\n<h3><strong>Il rischio di infezione da HIV\/AIDS<\/strong><\/h3>\n<p>Un altro aspetto controverso delle dark room \u00e8 il loro legame con l&#8217;HIV\/AIDS. Negli anni &#8217;80 e &#8217;90, le stanze sono state un importante luogo di incontro per gli omosessuali durante l&#8217;epidemia di HIV\/AIDS, in quanto offrivano l&#8217;opportunit\u00e0 di incontrarsi e socializzare sessualmente senza temere pregiudizi e discriminazioni.<\/p>\n<p>Tuttavia, sono stati anche parte del problema, in quanto hanno aiutato l&#8217;HIV\/AIDS a diffondersi pi\u00f9 rapidamente. Poich\u00e9 le persone rimanevano anonime e non c&#8217;era modo di contattare i loro partner sessuali in caso di infezione da HIV, era difficile prevenire la diffusione della malattia.<\/p>\n<p>Oggi, tuttavia, esistono molti modi per proteggersi dall&#8217;HIV\/AIDS, come i preservativi e la PrEP (profilassi pre-esposizione), un farmaco quotidiano che riduce il rischio di infezione da HIV. Tuttavia, l&#8217;HIV\/AIDS rimane una grave minaccia, soprattutto per gli omosessuali, ed \u00e8 importante promuovere pratiche sessuali sicure e proteggersi dall&#8217;infezione.<\/p>\n<h2><strong><img loading=\"lazy\" decoding=\"async\" class=\"alignnone size-full wp-image-8082\" src=\"https:\/\/gay-vodka.de\/wp-content\/uploads\/2022\/12\/aleksandr-popov-SbPUMwGYzLo-unsplash.jpg\" alt=\"Club Dark Room\" width=\"1200\" height=\"800\" srcset=\"https:\/\/gay-vodka.de\/wp-content\/uploads\/2022\/12\/aleksandr-popov-SbPUMwGYzLo-unsplash.jpg 1200w, https:\/\/gay-vodka.de\/wp-content\/uploads\/2022\/12\/aleksandr-popov-SbPUMwGYzLo-unsplash-300x200.jpg 300w, https:\/\/gay-vodka.de\/wp-content\/uploads\/2022\/12\/aleksandr-popov-SbPUMwGYzLo-unsplash-1024x683.jpg 1024w, https:\/\/gay-vodka.de\/wp-content\/uploads\/2022\/12\/aleksandr-popov-SbPUMwGYzLo-unsplash-350x233.jpg 350w, https:\/\/gay-vodka.de\/wp-content\/uploads\/2022\/12\/aleksandr-popov-SbPUMwGYzLo-unsplash-600x400.jpg 600w, https:\/\/gay-vodka.de\/wp-content\/uploads\/2022\/12\/aleksandr-popov-SbPUMwGYzLo-unsplash-500x333.jpg 500w, https:\/\/gay-vodka.de\/wp-content\/uploads\/2022\/12\/aleksandr-popov-SbPUMwGYzLo-unsplash-380x253.jpg 380w, https:\/\/gay-vodka.de\/wp-content\/uploads\/2022\/12\/aleksandr-popov-SbPUMwGYzLo-unsplash-768x512.jpg 768w, https:\/\/gay-vodka.de\/wp-content\/uploads\/2022\/12\/aleksandr-popov-SbPUMwGYzLo-unsplash-1000x667.jpg 1000w\" sizes=\"auto, (max-width: 1200px) 100vw, 1200px\" \/><\/strong><\/h2>\n<h2><strong>Il futuro delle dark room<\/strong><\/h2>\n<p>\u00c8 difficile prevedere come si svilupperanno le dark room in futuro. Alcune persone sostengono che svolgono ancora un ruolo importante nella comunit\u00e0 LGBTQ+, soprattutto nei paesi in cui l&#8217;omosessualit\u00e0 non \u00e8 ancora accettata. Tuttavia, altri ritengono che le dark room siano superate e che esistano modi migliori per incontrarsi e praticare attivit\u00e0 sessuali senza esporsi al pericolo di aggressioni sessuali e altri comportamenti inappropriati.<\/p>\n<p>Un modo per rendere le dark room pi\u00f9 sicure e inclusive, ad esempio, sarebbe quello di monitorarle meglio e introdurre regole e linee guida pi\u00f9 severe. Potrebbe anche essere utile fornire maggiori risorse per promuovere pratiche sessuali sicure e prevenire la diffusione dell&#8217;HIV\/AIDS.<\/p>\n<p>Un altro approccio potrebbe essere quello di sostituire o integrare le dark room con altre opportunit\u00e0 di incontro e socializzazione sessuale. Le piattaforme e le app di incontri online sono diventate sempre pi\u00f9 popolari negli ultimi anni e offrono un modo per trovare partner sessuali senza dover passare il tempo in stanze buie e disordinate.<\/p>\n<p>In definitiva, il futuro delle dark room dipende da come la comunit\u00e0 LGBTQ+ e la societ\u00e0 nel suo complesso affronteranno il problema. \u00c8 importante che tutti i soggetti coinvolti, compresi coloro che frequentano le dark room e coloro che le gestiscono, siano consapevoli dei rischi e promuovano pratiche sessuali sicure.<\/p>\n<p>In sintesi, le dark room sono un argomento complesso e controverso che richiede la considerazione di molte prospettive diverse. Sebbene per alcune persone siano un luogo sicuro per l&#8217;autodeterminazione sessuale, ci sono anche molti rischi e svantaggi che devono essere presi in considerazione. Resta da vedere come si svilupperanno le dark room in futuro, ma \u00e8 importante che tutte le parti coinvolte promuovano pratiche sessuali sicure e prevengano la diffusione dell&#8217;HIV\/AIDS.<\/p>\n<h4>Per saperne di pi\u00f9 sull&#8217;argomento<\/h4>\n<p>Puoi trovare altre informazioni interessanti in questo articolo del blog Culture Trip:<a href=\"https:\/\/theculturetrip.com\/germany\/articles\/the-mystery-behind-berlins-dark-rooms-and-a-glimpse-inside-them\/\">&#8220;Il mistero delle camere oscure di Berlino e uno sguardo al loro interno<\/a>&#8220;. A nostro avviso, un articolo molto leggibile.<\/p>\n<\/div><\/div><\/div><\/div><\/div><div class=\"vc_col-sm-2 wpb_column vc_column_container hide_on_tablets hide_on_mobiles\"><div class=\"vc_column-inner\"><div class=\"wpb_wrapper\"><div class=\"w-html\"><a href=\"https:\/\/a.check24.net\/misc\/click.php?pid=341628&amp;aid=338&amp;deep=c24bank&amp;cat=14\" target=\"_blank\"><img loading=\"lazy\" decoding=\"async\" src=\"https:\/\/a.check24.net\/misc\/view.php?pid=341628&amp;aid=338&amp;cat=14\" width=\"160\" height=\"600\" style=\"max-width: 100%; height: auto;\"><\/a><\/div><\/div><\/div><\/div><\/div><\/div><\/section>\n","protected":false},"excerpt":{"rendered":"Dark Rooms: una visione approfondita della controversa subcultura Aggiornato al 13.10.2023 La dark room, nota anche come&#8220;area di cruising&#8220;, \u00e8 un luogo in cui le persone si incontrano per praticare attivit\u00e0 sessuali. Queste stanze sono solitamente buie per preservare l&#8217;anonimato delle persone che vi si recano. Negli ultimi anni, tuttavia, le dark room hanno suscitato...","protected":false},"author":1,"featured_media":0,"parent":0,"menu_order":0,"comment_status":"closed","ping_status":"closed","template":"","meta":{"_monsterinsights_skip_tracking":false,"_monsterinsights_sitenote_active":false,"_monsterinsights_sitenote_note":"","_monsterinsights_sitenote_category":0,"footnotes":""},"class_list":["post-45908","page","type-page","status-publish","hentry"],"yoast_head":"<!-- This site is optimized with the Yoast SEO plugin v25.9 - https:\/\/yoast.com\/wordpress\/plugins\/seo\/ -->\n<title>Dark Rooms: una visione approfondita della controversa subcultura<\/title>\n<meta name=\"description\" content=\"Forniamo uno sguardo su una sottocultura e analizziamo i vantaggi e gli svantaggi delle dark room. Analizziamo anche il loro legame con l&#039;HIV\/AIDS.\" \/>\n<meta name=\"robots\" content=\"index, follow, max-snippet:-1, max-image-preview:large, max-video-preview:-1\" \/>\n<link rel=\"canonical\" href=\"https:\/\/gay-vodka.de\/it\/stanze-buie\/\" \/>\n<meta property=\"og:locale\" content=\"it_IT\" \/>\n<meta property=\"og:type\" content=\"article\" \/>\n<meta property=\"og:title\" content=\"Dark Rooms: una visione approfondita della controversa subcultura\" \/>\n<meta property=\"og:description\" content=\"Forniamo uno sguardo su una sottocultura e analizziamo i vantaggi e gli svantaggi delle dark room. Analizziamo anche il loro legame con l&#039;HIV\/AIDS.\" \/>\n<meta property=\"og:url\" content=\"https:\/\/gay-vodka.de\/it\/stanze-buie\/\" \/>\n<meta property=\"article:modified_time\" content=\"2024-05-01T11:10:08+00:00\" \/>\n<meta property=\"og:image\" content=\"https:\/\/gay-vodka.de\/wp-content\/uploads\/2022\/12\/aleksandr-popov-R25Q-pAUeY8-unsplash.jpg\" \/>\n<meta name=\"twitter:card\" content=\"summary_large_image\" \/>\n<meta name=\"twitter:label1\" content=\"Tempo di lettura stimato\" \/>\n\t<meta name=\"twitter:data1\" content=\"5 minuti\" \/>\n<script type=\"application\/ld+json\" class=\"yoast-schema-graph\">{\"@context\":\"https:\/\/schema.org\",\"@graph\":[{\"@type\":\"WebPage\",\"@id\":\"https:\/\/gay-vodka.de\/it\/stanze-buie\/\",\"url\":\"https:\/\/gay-vodka.de\/it\/stanze-buie\/\",\"name\":\"Dark Rooms: una visione approfondita della controversa subcultura\",\"isPartOf\":{\"@id\":\"https:\/\/gay-vodka.de\/it\/#website\"},\"primaryImageOfPage\":{\"@id\":\"https:\/\/gay-vodka.de\/it\/stanze-buie\/#primaryimage\"},\"image\":{\"@id\":\"https:\/\/gay-vodka.de\/it\/stanze-buie\/#primaryimage\"},\"thumbnailUrl\":\"https:\/\/gay-vodka.de\/wp-content\/uploads\/2022\/12\/aleksandr-popov-R25Q-pAUeY8-unsplash.jpg\",\"datePublished\":\"2022-12-26T21:28:50+00:00\",\"dateModified\":\"2024-05-01T11:10:08+00:00\",\"description\":\"Forniamo uno sguardo su una sottocultura e analizziamo i vantaggi e gli svantaggi delle dark room. Analizziamo anche il loro legame con l'HIV\/AIDS.\",\"breadcrumb\":{\"@id\":\"https:\/\/gay-vodka.de\/it\/stanze-buie\/#breadcrumb\"},\"inLanguage\":\"it-IT\",\"potentialAction\":[{\"@type\":\"ReadAction\",\"target\":[\"https:\/\/gay-vodka.de\/it\/stanze-buie\/\"]}]},{\"@type\":\"ImageObject\",\"inLanguage\":\"it-IT\",\"@id\":\"https:\/\/gay-vodka.de\/it\/stanze-buie\/#primaryimage\",\"url\":\"https:\/\/gay-vodka.de\/wp-content\/uploads\/2022\/12\/aleksandr-popov-R25Q-pAUeY8-unsplash.jpg\",\"contentUrl\":\"https:\/\/gay-vodka.de\/wp-content\/uploads\/2022\/12\/aleksandr-popov-R25Q-pAUeY8-unsplash.jpg\"},{\"@type\":\"BreadcrumbList\",\"@id\":\"https:\/\/gay-vodka.de\/it\/stanze-buie\/#breadcrumb\",\"itemListElement\":[{\"@type\":\"ListItem\",\"position\":1,\"name\":\"Startseite\",\"item\":\"https:\/\/gay-vodka.de\/it\/gay-vodka-equality-rispetto-amore\/\"},{\"@type\":\"ListItem\",\"position\":2,\"name\":\"Stanze buie\"}]},{\"@type\":\"WebSite\",\"@id\":\"https:\/\/gay-vodka.de\/it\/#website\",\"url\":\"https:\/\/gay-vodka.de\/it\/\",\"name\":\"Gay Vodka\",\"description\":\"\",\"publisher\":{\"@id\":\"https:\/\/gay-vodka.de\/it\/#organization\"},\"potentialAction\":[{\"@type\":\"SearchAction\",\"target\":{\"@type\":\"EntryPoint\",\"urlTemplate\":\"https:\/\/gay-vodka.de\/it\/?s={search_term_string}\"},\"query-input\":{\"@type\":\"PropertyValueSpecification\",\"valueRequired\":true,\"valueName\":\"search_term_string\"}}],\"inLanguage\":\"it-IT\"},{\"@type\":\"Organization\",\"@id\":\"https:\/\/gay-vodka.de\/it\/#organization\",\"name\":\"Gay Vodka\",\"url\":\"https:\/\/gay-vodka.de\/it\/\",\"logo\":{\"@type\":\"ImageObject\",\"inLanguage\":\"it-IT\",\"@id\":\"https:\/\/gay-vodka.de\/it\/#\/schema\/logo\/image\/\",\"url\":\"https:\/\/gay-vodka.de\/wp-content\/uploads\/2024\/01\/favKopie3-2048x555-3.png\",\"contentUrl\":\"https:\/\/gay-vodka.de\/wp-content\/uploads\/2024\/01\/favKopie3-2048x555-3.png\",\"width\":2048,\"height\":555,\"caption\":\"Gay Vodka\"},\"image\":{\"@id\":\"https:\/\/gay-vodka.de\/it\/#\/schema\/logo\/image\/\"}}]}<\/script>\n<!-- \/ Yoast SEO plugin. -->","yoast_head_json":{"title":"Dark Rooms: una visione approfondita della controversa subcultura","description":"Forniamo uno sguardo su una sottocultura e analizziamo i vantaggi e gli svantaggi delle dark room. Analizziamo anche il loro legame con l'HIV\/AIDS.","robots":{"index":"index","follow":"follow","max-snippet":"max-snippet:-1","max-image-preview":"max-image-preview:large","max-video-preview":"max-video-preview:-1"},"canonical":"https:\/\/gay-vodka.de\/it\/stanze-buie\/","og_locale":"it_IT","og_type":"article","og_title":"Dark Rooms: una visione approfondita della controversa subcultura","og_description":"Forniamo uno sguardo su una sottocultura e analizziamo i vantaggi e gli svantaggi delle dark room. Analizziamo anche il loro legame con l'HIV\/AIDS.","og_url":"https:\/\/gay-vodka.de\/it\/stanze-buie\/","article_modified_time":"2024-05-01T11:10:08+00:00","og_image":[{"url":"https:\/\/gay-vodka.de\/wp-content\/uploads\/2022\/12\/aleksandr-popov-R25Q-pAUeY8-unsplash.jpg","type":"","width":"","height":""}],"twitter_card":"summary_large_image","twitter_misc":{"Tempo di lettura stimato":"5 minuti"},"schema":{"@context":"https:\/\/schema.org","@graph":[{"@type":"WebPage","@id":"https:\/\/gay-vodka.de\/it\/stanze-buie\/","url":"https:\/\/gay-vodka.de\/it\/stanze-buie\/","name":"Dark Rooms: una visione approfondita della controversa subcultura","isPartOf":{"@id":"https:\/\/gay-vodka.de\/it\/#website"},"primaryImageOfPage":{"@id":"https:\/\/gay-vodka.de\/it\/stanze-buie\/#primaryimage"},"image":{"@id":"https:\/\/gay-vodka.de\/it\/stanze-buie\/#primaryimage"},"thumbnailUrl":"https:\/\/gay-vodka.de\/wp-content\/uploads\/2022\/12\/aleksandr-popov-R25Q-pAUeY8-unsplash.jpg","datePublished":"2022-12-26T21:28:50+00:00","dateModified":"2024-05-01T11:10:08+00:00","description":"Forniamo uno sguardo su una sottocultura e analizziamo i vantaggi e gli svantaggi delle dark room. Analizziamo anche il loro legame con l'HIV\/AIDS.","breadcrumb":{"@id":"https:\/\/gay-vodka.de\/it\/stanze-buie\/#breadcrumb"},"inLanguage":"it-IT","potentialAction":[{"@type":"ReadAction","target":["https:\/\/gay-vodka.de\/it\/stanze-buie\/"]}]},{"@type":"ImageObject","inLanguage":"it-IT","@id":"https:\/\/gay-vodka.de\/it\/stanze-buie\/#primaryimage","url":"https:\/\/gay-vodka.de\/wp-content\/uploads\/2022\/12\/aleksandr-popov-R25Q-pAUeY8-unsplash.jpg","contentUrl":"https:\/\/gay-vodka.de\/wp-content\/uploads\/2022\/12\/aleksandr-popov-R25Q-pAUeY8-unsplash.jpg"},{"@type":"BreadcrumbList","@id":"https:\/\/gay-vodka.de\/it\/stanze-buie\/#breadcrumb","itemListElement":[{"@type":"ListItem","position":1,"name":"Startseite","item":"https:\/\/gay-vodka.de\/it\/gay-vodka-equality-rispetto-amore\/"},{"@type":"ListItem","position":2,"name":"Stanze buie"}]},{"@type":"WebSite","@id":"https:\/\/gay-vodka.de\/it\/#website","url":"https:\/\/gay-vodka.de\/it\/","name":"Gay Vodka","description":"","publisher":{"@id":"https:\/\/gay-vodka.de\/it\/#organization"},"potentialAction":[{"@type":"SearchAction","target":{"@type":"EntryPoint","urlTemplate":"https:\/\/gay-vodka.de\/it\/?s={search_term_string}"},"query-input":{"@type":"PropertyValueSpecification","valueRequired":true,"valueName":"search_term_string"}}],"inLanguage":"it-IT"},{"@type":"Organization","@id":"https:\/\/gay-vodka.de\/it\/#organization","name":"Gay Vodka","url":"https:\/\/gay-vodka.de\/it\/","logo":{"@type":"ImageObject","inLanguage":"it-IT","@id":"https:\/\/gay-vodka.de\/it\/#\/schema\/logo\/image\/","url":"https:\/\/gay-vodka.de\/wp-content\/uploads\/2024\/01\/favKopie3-2048x555-3.png","contentUrl":"https:\/\/gay-vodka.de\/wp-content\/uploads\/2024\/01\/favKopie3-2048x555-3.png","width":2048,"height":555,"caption":"Gay Vodka"},"image":{"@id":"https:\/\/gay-vodka.de\/it\/#\/schema\/logo\/image\/"}}]}},"_links":{"self":[{"href":"https:\/\/gay-vodka.de\/it\/wp-json\/wp\/v2\/pages\/45908","targetHints":{"allow":["GET"]}}],"collection":[{"href":"https:\/\/gay-vodka.de\/it\/wp-json\/wp\/v2\/pages"}],"about":[{"href":"https:\/\/gay-vodka.de\/it\/wp-json\/wp\/v2\/types\/page"}],"author":[{"embeddable":true,"href":"https:\/\/gay-vodka.de\/it\/wp-json\/wp\/v2\/users\/1"}],"replies":[{"embeddable":true,"href":"https:\/\/gay-vodka.de\/it\/wp-json\/wp\/v2\/comments?post=45908"}],"version-history":[{"count":8,"href":"https:\/\/gay-vodka.de\/it\/wp-json\/wp\/v2\/pages\/45908\/revisions"}],"predecessor-version":[{"id":45993,"href":"https:\/\/gay-vodka.de\/it\/wp-json\/wp\/v2\/pages\/45908\/revisions\/45993"}],"wp:attachment":[{"href":"https:\/\/gay-vodka.de\/it\/wp-json\/wp\/v2\/media?parent=45908"}],"curies":[{"name":"wp","href":"https:\/\/api.w.org\/{rel}","templated":true}]}}