{"id":45927,"date":"2022-12-26T21:28:50","date_gmt":"2022-12-26T21:28:50","guid":{"rendered":"https:\/\/gay-vodka.de\/ciemne-pokoje\/"},"modified":"2024-05-01T11:10:08","modified_gmt":"2024-05-01T11:10:08","slug":"ciemne-pokoje","status":"publish","type":"page","link":"https:\/\/gay-vodka.de\/pl\/ciemne-pokoje\/","title":{"rendered":"Ciemne pokoje"},"content":{"rendered":"<section class=\"l-section wpb_row height_medium\"><div class=\"l-section-h i-cf\"><div class=\"g-cols vc_row via_flex valign_top type_default stacking_default\"><div class=\"vc_col-sm-2 wpb_column vc_column_container\"><div class=\"vc_column-inner\"><div class=\"wpb_wrapper\"><\/div><\/div><\/div><div class=\"vc_col-sm-8 wpb_column vc_column_container\"><div class=\"vc_column-inner\"><div class=\"wpb_wrapper\"><div class=\"wpb_text_column\"><div class=\"wpb_wrapper\"><h1><strong>Dark Rooms: g\u0142\u0119boki wgl\u0105d w kontrowersyjn\u0105 subkultur\u0119<\/strong><\/h1>\n<p><em>Aktualizacja 13.10.2023<\/em><\/p>\n<\/div><\/div><div class=\"w-separator size_small\"><\/div><div class=\"w-image align_none\"><div class=\"w-image-h\"><img loading=\"lazy\" decoding=\"async\" width=\"1024\" height=\"683\" src=\"https:\/\/gay-vodka.de\/wp-content\/uploads\/2022\/12\/aleksandr-popov-k_UrO4kMBcA-unsplash-1024x683.jpg\" class=\"attachment-large size-large\" alt=\"\" srcset=\"https:\/\/gay-vodka.de\/wp-content\/uploads\/2022\/12\/aleksandr-popov-k_UrO4kMBcA-unsplash-1024x683.jpg 1024w, https:\/\/gay-vodka.de\/wp-content\/uploads\/2022\/12\/aleksandr-popov-k_UrO4kMBcA-unsplash-300x200.jpg 300w, https:\/\/gay-vodka.de\/wp-content\/uploads\/2022\/12\/aleksandr-popov-k_UrO4kMBcA-unsplash-350x233.jpg 350w, https:\/\/gay-vodka.de\/wp-content\/uploads\/2022\/12\/aleksandr-popov-k_UrO4kMBcA-unsplash-600x400.jpg 600w, https:\/\/gay-vodka.de\/wp-content\/uploads\/2022\/12\/aleksandr-popov-k_UrO4kMBcA-unsplash-500x333.jpg 500w, https:\/\/gay-vodka.de\/wp-content\/uploads\/2022\/12\/aleksandr-popov-k_UrO4kMBcA-unsplash-380x253.jpg 380w, https:\/\/gay-vodka.de\/wp-content\/uploads\/2022\/12\/aleksandr-popov-k_UrO4kMBcA-unsplash-768x512.jpg 768w, https:\/\/gay-vodka.de\/wp-content\/uploads\/2022\/12\/aleksandr-popov-k_UrO4kMBcA-unsplash-1000x667.jpg 1000w, https:\/\/gay-vodka.de\/wp-content\/uploads\/2022\/12\/aleksandr-popov-k_UrO4kMBcA-unsplash.jpg 1200w\" sizes=\"auto, (max-width: 1024px) 100vw, 1024px\" \/><\/div><\/div><div class=\"w-separator size_small\"><\/div><div class=\"wpb_text_column us_custom_c139e5e3\"><div class=\"wpb_wrapper\"><p>Ciemny pok\u00f3j, znany r\u00f3wnie\u017c jako<a href=\"https:\/\/gay-vodka.de\/gay-cruising\/\">&#8222;cruising area<\/a>&#8222;, to miejsce, w kt\u00f3rym ludzie spotykaj\u0105 si\u0119, aby anga\u017cowa\u0107 si\u0119 w czynno\u015bci seksualne. Pokoje te s\u0105 zazwyczaj ciemne, aby zachowa\u0107 anonimowo\u015b\u0107 os\u00f3b, kt\u00f3re tam trafiaj\u0105. W ostatnich latach ciemne pokoje wzbudzi\u0142y jednak wiele kontrowersji, poniewa\u017c niekt\u00f3rzy uwa\u017caj\u0105 je za niebezpieczne i niezdrowe, podczas gdy inni postrzegaj\u0105 je jako bezpieczne miejsce do samostanowienia seksualnego. W tym artykule podejdziemy do tematu ciemnych pokoi dla homoseksualist\u00f3w z r\u00f3\u017cnych perspektyw i zapewnimy dog\u0142\u0119bny wgl\u0105d w t\u0119 kontrowersyjn\u0105 subkultur\u0119.<\/p>\n<h2><strong>Czym w og\u00f3le s\u0105 ciemne pokoje?<\/strong><\/h2>\n<p>Ciemny pok\u00f3j to zazwyczaj odosobnione pomieszczenie w klubie lub barze, kt\u00f3re jest zarezerwowane dla czynno\u015bci seksualnych. Cz\u0119sto s\u0105 one ciemne, aby zachowa\u0107 anonimowo\u015b\u0107 os\u00f3b, kt\u00f3re si\u0119 tam udaj\u0105. Ciemne pokoje s\u0105 u\u017cywane g\u0142\u00f3wnie przez homoseksualist\u00f3w, ale istniej\u0105 r\u00f3wnie\u017c dla os\u00f3b o r\u00f3\u017cnych orientacjach seksualnych.<\/p>\n<p>Istniej\u0105 od dziesi\u0119cioleci, ale w ostatnich latach wielokrotnie trafia\u0142y na pierwsze strony gazet. Niekt\u00f3rzy postrzegaj\u0105 je jako niebezpieczne miejsca, w kt\u00f3rych mo\u017ce dochodzi\u0107 do napa\u015bci na tle seksualnym i innych niew\u0142a\u015bciwych zachowa\u0144. Inni jednak postrzegaj\u0105 to jako bezpieczne miejsce do samostanowienia seksualnego i mo\u017cliwo\u015b\u0107 cieszenia si\u0119 sob\u0105 bez uprzedze\u0144 i dyskryminacji.<\/p>\n<h2><strong><img loading=\"lazy\" decoding=\"async\" class=\"alignnone size-full wp-image-8081\" src=\"https:\/\/gay-vodka.de\/wp-content\/uploads\/2022\/12\/aleksandr-popov-R25Q-pAUeY8-unsplash.jpg\" alt=\"\" width=\"1200\" height=\"800\" srcset=\"https:\/\/gay-vodka.de\/wp-content\/uploads\/2022\/12\/aleksandr-popov-R25Q-pAUeY8-unsplash.jpg 1200w, https:\/\/gay-vodka.de\/wp-content\/uploads\/2022\/12\/aleksandr-popov-R25Q-pAUeY8-unsplash-300x200.jpg 300w, https:\/\/gay-vodka.de\/wp-content\/uploads\/2022\/12\/aleksandr-popov-R25Q-pAUeY8-unsplash-1024x683.jpg 1024w, https:\/\/gay-vodka.de\/wp-content\/uploads\/2022\/12\/aleksandr-popov-R25Q-pAUeY8-unsplash-350x233.jpg 350w, https:\/\/gay-vodka.de\/wp-content\/uploads\/2022\/12\/aleksandr-popov-R25Q-pAUeY8-unsplash-600x400.jpg 600w, https:\/\/gay-vodka.de\/wp-content\/uploads\/2022\/12\/aleksandr-popov-R25Q-pAUeY8-unsplash-500x333.jpg 500w, https:\/\/gay-vodka.de\/wp-content\/uploads\/2022\/12\/aleksandr-popov-R25Q-pAUeY8-unsplash-380x253.jpg 380w, https:\/\/gay-vodka.de\/wp-content\/uploads\/2022\/12\/aleksandr-popov-R25Q-pAUeY8-unsplash-768x512.jpg 768w, https:\/\/gay-vodka.de\/wp-content\/uploads\/2022\/12\/aleksandr-popov-R25Q-pAUeY8-unsplash-1000x667.jpg 1000w\" sizes=\"auto, (max-width: 1200px) 100vw, 1200px\" \/><\/strong><\/h2>\n<h2><strong>Zalety i wady ciemnych pomieszcze\u0144<\/strong><\/h2>\n<p>Jak ka\u017cda subkultura, ciemne pokoje maj\u0105 zar\u00f3wno zalety, jak i wady. Oto kilka najwa\u017cniejszych punkt\u00f3w:<\/p>\n<p><strong>Zalety:<\/strong><\/p>\n<ul>\n<li>Oferuj\u0105 one homoseksualistom miejsce, w kt\u00f3rym mog\u0105 si\u0119 spotyka\u0107 i anga\u017cowa\u0107 w aktywno\u015b\u0107 seksualn\u0105 woln\u0105 od uprzedze\u0144 i dyskryminacji.<\/li>\n<li>Oferuj\u0105 r\u00f3wnie\u017c spos\u00f3b na dyskretne spotkania dla os\u00f3b, kt\u00f3re s\u0105 w zwi\u0105zkach, ale nadal szukaj\u0105 seksualnego spe\u0142nienia.<\/li>\n<li>Dla niekt\u00f3rych os\u00f3b przestrzenie te mog\u0105 r\u00f3wnie\u017c s\u0142u\u017cy\u0107 jako okazja do prze\u017cywania i odkrywania swojej to\u017csamo\u015bci seksualnej i orientacji.<\/li>\n<li>Mog\u0105 by\u0107 r\u00f3wnie\u017c okazj\u0105 do poznania nowych ludzi i nawi\u0105zania kontakt\u00f3w w ramach spo\u0142eczno\u015bci LGBTQIA+.<\/li>\n<\/ul>\n<p><strong>Wady:<\/strong><\/p>\n<ul>\n<li>Nie ma sposobu, aby zagwarantowa\u0107 bezpiecze\u0144stwo. Mo\u017ce doj\u015b\u0107 do napa\u015bci na tle seksualnym lub innego niew\u0142a\u015bciwego zachowania.<\/li>\n<li>Czasami s\u0105 one r\u00f3wnie\u017c miejscem za\u017cywania narkotyk\u00f3w, co mo\u017ce prowadzi\u0107 do zagro\u017ce\u0144 dla zdrowia.<\/li>\n<li>W niekt\u00f3rych krajach ciemne pokoje s\u0105 nielegalne, co oznacza, \u017ce osoby, kt\u00f3re je odwiedzaj\u0105, ryzykuj\u0105 aresztowanie i kar\u0119.<\/li>\n<\/ul>\n<h2><a href=\"https:\/\/tracking.playaleads.com\/aff_c?offer_id=144&amp;aff_id=2507&amp;source=CHANGEME&amp;aff_click_id=CHANGEME&amp;url_id=991\" target=\"_blank\" rel=\"noopener noreferrer\"><strong><img loading=\"lazy\" decoding=\"async\" class=\"alignnone wp-image-8679 size-full\" src=\"https:\/\/gay-vodka.de\/wp-content\/uploads\/2023\/08\/Spontane_Dates_970x90_ge.gif\" alt=\"\" width=\"970\" height=\"90\"><\/strong><\/a><\/h2>\n<h3><strong>Ryzyko zaka\u017cenia HIV\/AIDS<\/strong><\/h3>\n<p>Innym kontrowersyjnym aspektem ciemnych pokoi jest ich zwi\u0105zek z HIV\/AIDS. W latach 80. i 90. pokoje by\u0142y wa\u017cnym miejscem spotka\u0144 homoseksualist\u00f3w podczas epidemii HIV\/AIDS, poniewa\u017c oferowa\u0142y mo\u017cliwo\u015b\u0107 spotka\u0144 i kontakt\u00f3w seksualnych bez obawy o uprzedzenia i dyskryminacj\u0119.<\/p>\n<p>By\u0142y one jednak r\u00f3wnie\u017c cz\u0119\u015bci\u0105 problemu, poniewa\u017c przyczyni\u0142y si\u0119 do szybszego rozprzestrzeniania si\u0119 HIV\/AIDS. Poniewa\u017c ludzie pozostawali anonimowi i nie by\u0142o sposobu na skontaktowanie si\u0119 z ich partnerami seksualnymi, je\u015bli byli zara\u017ceni wirusem HIV, trudno by\u0142o zapobiec rozprzestrzenianiu si\u0119 choroby.<\/p>\n<p>Obecnie istnieje jednak wiele sposob\u00f3w ochrony przed HIV\/AIDS, takich jak prezerwatywy i PrEP (profilaktyka przedekspozycyjna), codzienne przyjmowanie lek\u00f3w, kt\u00f3re zmniejszaj\u0105 ryzyko zaka\u017cenia wirusem HIV. Niemniej jednak HIV\/AIDS pozostaje powa\u017cnym zagro\u017ceniem, zw\u0142aszcza dla homoseksualist\u00f3w, dlatego wa\u017cne jest promowanie bezpiecznych praktyk seksualnych i ochrona przed zaka\u017ceniem.<\/p>\n<h2><strong><img loading=\"lazy\" decoding=\"async\" class=\"alignnone size-full wp-image-8082\" src=\"https:\/\/gay-vodka.de\/wp-content\/uploads\/2022\/12\/aleksandr-popov-SbPUMwGYzLo-unsplash.jpg\" alt=\"Dark Room Club\" width=\"1200\" height=\"800\" srcset=\"https:\/\/gay-vodka.de\/wp-content\/uploads\/2022\/12\/aleksandr-popov-SbPUMwGYzLo-unsplash.jpg 1200w, https:\/\/gay-vodka.de\/wp-content\/uploads\/2022\/12\/aleksandr-popov-SbPUMwGYzLo-unsplash-300x200.jpg 300w, https:\/\/gay-vodka.de\/wp-content\/uploads\/2022\/12\/aleksandr-popov-SbPUMwGYzLo-unsplash-1024x683.jpg 1024w, https:\/\/gay-vodka.de\/wp-content\/uploads\/2022\/12\/aleksandr-popov-SbPUMwGYzLo-unsplash-350x233.jpg 350w, https:\/\/gay-vodka.de\/wp-content\/uploads\/2022\/12\/aleksandr-popov-SbPUMwGYzLo-unsplash-600x400.jpg 600w, https:\/\/gay-vodka.de\/wp-content\/uploads\/2022\/12\/aleksandr-popov-SbPUMwGYzLo-unsplash-500x333.jpg 500w, https:\/\/gay-vodka.de\/wp-content\/uploads\/2022\/12\/aleksandr-popov-SbPUMwGYzLo-unsplash-380x253.jpg 380w, https:\/\/gay-vodka.de\/wp-content\/uploads\/2022\/12\/aleksandr-popov-SbPUMwGYzLo-unsplash-768x512.jpg 768w, https:\/\/gay-vodka.de\/wp-content\/uploads\/2022\/12\/aleksandr-popov-SbPUMwGYzLo-unsplash-1000x667.jpg 1000w\" sizes=\"auto, (max-width: 1200px) 100vw, 1200px\" \/><\/strong><\/h2>\n<h2><strong>Przysz\u0142o\u015b\u0107 ciemnych pomieszcze\u0144<\/strong><\/h2>\n<p>Trudno jest przewidzie\u0107, jak ciemne pokoje rozwin\u0105 si\u0119 w przysz\u0142o\u015bci. Niekt\u00f3rzy twierdz\u0105, \u017ce nadal odgrywaj\u0105 one wa\u017cn\u0105 rol\u0119 w spo\u0142eczno\u015bci LGBTQ+, zw\u0142aszcza w krajach, w kt\u00f3rych homoseksualno\u015b\u0107 nadal nie jest akceptowana. Inni uwa\u017caj\u0105 jednak, \u017ce ciemne pokoje s\u0105 przestarza\u0142e i \u017ce istniej\u0105 lepsze sposoby na spotykanie si\u0119 i anga\u017cowanie w aktywno\u015b\u0107 seksualn\u0105 bez nara\u017cania si\u0119 na niebezpiecze\u0144stwo napa\u015bci na tle seksualnym i innych nieodpowiednich zachowa\u0144.<\/p>\n<p>Jednym ze sposob\u00f3w na uczynienie ciemnych pomieszcze\u0144 bezpieczniejszymi i bardziej inkluzywnymi by\u0142oby na przyk\u0142ad lepsze ich monitorowanie oraz wprowadzenie bardziej rygorystycznych zasad i wytycznych. Pomocne mo\u017ce by\u0107 r\u00f3wnie\u017c zapewnienie wi\u0119kszej ilo\u015bci zasob\u00f3w w celu promowania bezpiecznych praktyk seksualnych i zapobiegania rozprzestrzenianiu si\u0119 HIV\/AIDS.<\/p>\n<p>Innym podej\u015bciem by\u0142oby zast\u0105pienie lub uzupe\u0142nienie ciemnych pomieszcze\u0144 innymi mo\u017cliwo\u015bciami spotka\u0144 i kontakt\u00f3w seksualnych. Internetowe platformy i aplikacje randkowe sta\u0142y si\u0119 w ostatnich latach coraz bardziej popularne i oferuj\u0105 spos\u00f3b na znalezienie partner\u00f3w seksualnych bez konieczno\u015bci sp\u0119dzania czasu w ciemnych, zagraconych pokojach.<\/p>\n<p>Ostatecznie przysz\u0142o\u015b\u0107 dark room\u00f3w zale\u017cy od tego, jak spo\u0142eczno\u015b\u0107 LGBTQ+ i spo\u0142ecze\u0144stwo jako ca\u0142o\u015b\u0107 poradz\u0105 sobie z t\u0105 kwesti\u0105. Wa\u017cne jest, aby wszyscy zaanga\u017cowani &#8211; w tym ci, kt\u00f3rzy odwiedzaj\u0105 dark roomy i ci, kt\u00f3rzy je prowadz\u0105 &#8211; byli \u015bwiadomi ryzyka i promowali bezpieczne praktyki seksualne.<\/p>\n<p>Podsumowuj\u0105c, ciemne pokoje to z\u0142o\u017cony i kontrowersyjny temat, kt\u00f3ry wymaga uwzgl\u0119dnienia wielu r\u00f3\u017cnych perspektyw. Chocia\u017c dla niekt\u00f3rych os\u00f3b s\u0105 one bezpiecznym miejscem do samostanowienia seksualnego, istnieje r\u00f3wnie\u017c wiele zagro\u017ce\u0144 i wad, kt\u00f3re nale\u017cy wzi\u0105\u0107 pod uwag\u0119. Dopiero oka\u017ce si\u0119, jak ciemne pokoje rozwin\u0105 si\u0119 w przysz\u0142o\u015bci, ale wa\u017cne jest, aby wszystkie zaanga\u017cowane strony promowa\u0142y bezpieczne praktyki seksualne i zapobiega\u0142y rozprzestrzenianiu si\u0119 HIV\/AIDS.<\/p>\n<h4>Dowiedz si\u0119 wi\u0119cej na ten temat<\/h4>\n<p>Wi\u0119cej ekscytuj\u0105cych informacji znajdziesz w tym artykule na blogu Culture Trip:<a href=\"https:\/\/theculturetrip.com\/germany\/articles\/the-mystery-behind-berlins-dark-rooms-and-a-glimpse-inside-them\/\">&#8222;Tajemnica kryj\u0105ca si\u0119 za ciemnymi pokojami w Berlinie i wgl\u0105d do ich wn\u0119trza<\/a>&#8222;. Naszym zdaniem bardzo czytelny artyku\u0142.<\/p>\n<\/div><\/div><\/div><\/div><\/div><div class=\"vc_col-sm-2 wpb_column vc_column_container hide_on_tablets hide_on_mobiles\"><div class=\"vc_column-inner\"><div class=\"wpb_wrapper\"><div class=\"w-html\"><a href=\"https:\/\/a.check24.net\/misc\/click.php?pid=341628&amp;aid=338&amp;deep=c24bank&amp;cat=14\" target=\"_blank\"><img loading=\"lazy\" decoding=\"async\" src=\"https:\/\/a.check24.net\/misc\/view.php?pid=341628&amp;aid=338&amp;cat=14\" width=\"160\" height=\"600\" style=\"max-width: 100%; height: auto;\"><\/a><\/div><\/div><\/div><\/div><\/div><\/div><\/section>\n","protected":false},"excerpt":{"rendered":"Dark Rooms: g\u0142\u0119boki wgl\u0105d w kontrowersyjn\u0105 subkultur\u0119 Aktualizacja 13.10.2023 Ciemny pok\u00f3j, znany r\u00f3wnie\u017c jako&#8222;cruising area&#8222;, to miejsce, w kt\u00f3rym ludzie spotykaj\u0105 si\u0119, aby anga\u017cowa\u0107 si\u0119 w czynno\u015bci seksualne. Pokoje te s\u0105 zazwyczaj ciemne, aby zachowa\u0107 anonimowo\u015b\u0107 os\u00f3b, kt\u00f3re tam trafiaj\u0105. W ostatnich latach ciemne pokoje wzbudzi\u0142y jednak wiele kontrowersji, poniewa\u017c niekt\u00f3rzy uwa\u017caj\u0105 je za niebezpieczne...","protected":false},"author":1,"featured_media":0,"parent":0,"menu_order":0,"comment_status":"closed","ping_status":"closed","template":"","meta":{"_monsterinsights_skip_tracking":false,"_monsterinsights_sitenote_active":false,"_monsterinsights_sitenote_note":"","_monsterinsights_sitenote_category":0,"footnotes":""},"class_list":["post-45927","page","type-page","status-publish","hentry"],"yoast_head":"<!-- This site is optimized with the Yoast SEO plugin v25.9 - https:\/\/yoast.com\/wordpress\/plugins\/seo\/ -->\n<title>Dark Rooms: g\u0142\u0119boki wgl\u0105d w kontrowersyjn\u0105 subkultur\u0119<\/title>\n<meta name=\"description\" content=\"Zapewniamy wgl\u0105d w subkultur\u0119 i analizujemy zalety i wady ciemnych pomieszcze\u0144. Przygl\u0105damy si\u0119 r\u00f3wnie\u017c ich zwi\u0105zkowi z HIV\/AIDS.\" \/>\n<meta name=\"robots\" content=\"index, follow, max-snippet:-1, max-image-preview:large, max-video-preview:-1\" \/>\n<link rel=\"canonical\" href=\"https:\/\/gay-vodka.de\/pl\/ciemne-pokoje\/\" \/>\n<meta property=\"og:locale\" content=\"pl_PL\" \/>\n<meta property=\"og:type\" content=\"article\" \/>\n<meta property=\"og:title\" content=\"Dark Rooms: g\u0142\u0119boki wgl\u0105d w kontrowersyjn\u0105 subkultur\u0119\" \/>\n<meta property=\"og:description\" content=\"Zapewniamy wgl\u0105d w subkultur\u0119 i analizujemy zalety i wady ciemnych pomieszcze\u0144. Przygl\u0105damy si\u0119 r\u00f3wnie\u017c ich zwi\u0105zkowi z HIV\/AIDS.\" \/>\n<meta property=\"og:url\" content=\"https:\/\/gay-vodka.de\/pl\/ciemne-pokoje\/\" \/>\n<meta property=\"article:modified_time\" content=\"2024-05-01T11:10:08+00:00\" \/>\n<meta property=\"og:image\" content=\"https:\/\/gay-vodka.de\/wp-content\/uploads\/2022\/12\/aleksandr-popov-R25Q-pAUeY8-unsplash.jpg\" \/>\n<meta name=\"twitter:card\" content=\"summary_large_image\" \/>\n<meta name=\"twitter:label1\" content=\"Szacowany czas czytania\" \/>\n\t<meta name=\"twitter:data1\" content=\"6 minut\" \/>\n<script type=\"application\/ld+json\" class=\"yoast-schema-graph\">{\"@context\":\"https:\/\/schema.org\",\"@graph\":[{\"@type\":\"WebPage\",\"@id\":\"https:\/\/gay-vodka.de\/pl\/ciemne-pokoje\/\",\"url\":\"https:\/\/gay-vodka.de\/pl\/ciemne-pokoje\/\",\"name\":\"Dark Rooms: g\u0142\u0119boki wgl\u0105d w kontrowersyjn\u0105 subkultur\u0119\",\"isPartOf\":{\"@id\":\"https:\/\/gay-vodka.de\/pl\/#website\"},\"primaryImageOfPage\":{\"@id\":\"https:\/\/gay-vodka.de\/pl\/ciemne-pokoje\/#primaryimage\"},\"image\":{\"@id\":\"https:\/\/gay-vodka.de\/pl\/ciemne-pokoje\/#primaryimage\"},\"thumbnailUrl\":\"https:\/\/gay-vodka.de\/wp-content\/uploads\/2022\/12\/aleksandr-popov-R25Q-pAUeY8-unsplash.jpg\",\"datePublished\":\"2022-12-26T21:28:50+00:00\",\"dateModified\":\"2024-05-01T11:10:08+00:00\",\"description\":\"Zapewniamy wgl\u0105d w subkultur\u0119 i analizujemy zalety i wady ciemnych pomieszcze\u0144. Przygl\u0105damy si\u0119 r\u00f3wnie\u017c ich zwi\u0105zkowi z HIV\/AIDS.\",\"breadcrumb\":{\"@id\":\"https:\/\/gay-vodka.de\/pl\/ciemne-pokoje\/#breadcrumb\"},\"inLanguage\":\"pl-PL\",\"potentialAction\":[{\"@type\":\"ReadAction\",\"target\":[\"https:\/\/gay-vodka.de\/pl\/ciemne-pokoje\/\"]}]},{\"@type\":\"ImageObject\",\"inLanguage\":\"pl-PL\",\"@id\":\"https:\/\/gay-vodka.de\/pl\/ciemne-pokoje\/#primaryimage\",\"url\":\"https:\/\/gay-vodka.de\/wp-content\/uploads\/2022\/12\/aleksandr-popov-R25Q-pAUeY8-unsplash.jpg\",\"contentUrl\":\"https:\/\/gay-vodka.de\/wp-content\/uploads\/2022\/12\/aleksandr-popov-R25Q-pAUeY8-unsplash.jpg\"},{\"@type\":\"BreadcrumbList\",\"@id\":\"https:\/\/gay-vodka.de\/pl\/ciemne-pokoje\/#breadcrumb\",\"itemListElement\":[{\"@type\":\"ListItem\",\"position\":1,\"name\":\"Startseite\",\"item\":\"https:\/\/gay-vodka.de\/pl\/gay-vodka-rownosc-szacunek-milosc\/\"},{\"@type\":\"ListItem\",\"position\":2,\"name\":\"Ciemne pokoje\"}]},{\"@type\":\"WebSite\",\"@id\":\"https:\/\/gay-vodka.de\/pl\/#website\",\"url\":\"https:\/\/gay-vodka.de\/pl\/\",\"name\":\"Gay Vodka\",\"description\":\"\",\"publisher\":{\"@id\":\"https:\/\/gay-vodka.de\/pl\/#organization\"},\"potentialAction\":[{\"@type\":\"SearchAction\",\"target\":{\"@type\":\"EntryPoint\",\"urlTemplate\":\"https:\/\/gay-vodka.de\/pl\/?s={search_term_string}\"},\"query-input\":{\"@type\":\"PropertyValueSpecification\",\"valueRequired\":true,\"valueName\":\"search_term_string\"}}],\"inLanguage\":\"pl-PL\"},{\"@type\":\"Organization\",\"@id\":\"https:\/\/gay-vodka.de\/pl\/#organization\",\"name\":\"Gay Vodka\",\"url\":\"https:\/\/gay-vodka.de\/pl\/\",\"logo\":{\"@type\":\"ImageObject\",\"inLanguage\":\"pl-PL\",\"@id\":\"https:\/\/gay-vodka.de\/pl\/#\/schema\/logo\/image\/\",\"url\":\"https:\/\/gay-vodka.de\/wp-content\/uploads\/2024\/01\/favKopie3-2048x555-3.png\",\"contentUrl\":\"https:\/\/gay-vodka.de\/wp-content\/uploads\/2024\/01\/favKopie3-2048x555-3.png\",\"width\":2048,\"height\":555,\"caption\":\"Gay Vodka\"},\"image\":{\"@id\":\"https:\/\/gay-vodka.de\/pl\/#\/schema\/logo\/image\/\"}}]}<\/script>\n<!-- \/ Yoast SEO plugin. -->","yoast_head_json":{"title":"Dark Rooms: g\u0142\u0119boki wgl\u0105d w kontrowersyjn\u0105 subkultur\u0119","description":"Zapewniamy wgl\u0105d w subkultur\u0119 i analizujemy zalety i wady ciemnych pomieszcze\u0144. Przygl\u0105damy si\u0119 r\u00f3wnie\u017c ich zwi\u0105zkowi z HIV\/AIDS.","robots":{"index":"index","follow":"follow","max-snippet":"max-snippet:-1","max-image-preview":"max-image-preview:large","max-video-preview":"max-video-preview:-1"},"canonical":"https:\/\/gay-vodka.de\/pl\/ciemne-pokoje\/","og_locale":"pl_PL","og_type":"article","og_title":"Dark Rooms: g\u0142\u0119boki wgl\u0105d w kontrowersyjn\u0105 subkultur\u0119","og_description":"Zapewniamy wgl\u0105d w subkultur\u0119 i analizujemy zalety i wady ciemnych pomieszcze\u0144. Przygl\u0105damy si\u0119 r\u00f3wnie\u017c ich zwi\u0105zkowi z HIV\/AIDS.","og_url":"https:\/\/gay-vodka.de\/pl\/ciemne-pokoje\/","article_modified_time":"2024-05-01T11:10:08+00:00","og_image":[{"url":"https:\/\/gay-vodka.de\/wp-content\/uploads\/2022\/12\/aleksandr-popov-R25Q-pAUeY8-unsplash.jpg","type":"","width":"","height":""}],"twitter_card":"summary_large_image","twitter_misc":{"Szacowany czas czytania":"6 minut"},"schema":{"@context":"https:\/\/schema.org","@graph":[{"@type":"WebPage","@id":"https:\/\/gay-vodka.de\/pl\/ciemne-pokoje\/","url":"https:\/\/gay-vodka.de\/pl\/ciemne-pokoje\/","name":"Dark Rooms: g\u0142\u0119boki wgl\u0105d w kontrowersyjn\u0105 subkultur\u0119","isPartOf":{"@id":"https:\/\/gay-vodka.de\/pl\/#website"},"primaryImageOfPage":{"@id":"https:\/\/gay-vodka.de\/pl\/ciemne-pokoje\/#primaryimage"},"image":{"@id":"https:\/\/gay-vodka.de\/pl\/ciemne-pokoje\/#primaryimage"},"thumbnailUrl":"https:\/\/gay-vodka.de\/wp-content\/uploads\/2022\/12\/aleksandr-popov-R25Q-pAUeY8-unsplash.jpg","datePublished":"2022-12-26T21:28:50+00:00","dateModified":"2024-05-01T11:10:08+00:00","description":"Zapewniamy wgl\u0105d w subkultur\u0119 i analizujemy zalety i wady ciemnych pomieszcze\u0144. Przygl\u0105damy si\u0119 r\u00f3wnie\u017c ich zwi\u0105zkowi z HIV\/AIDS.","breadcrumb":{"@id":"https:\/\/gay-vodka.de\/pl\/ciemne-pokoje\/#breadcrumb"},"inLanguage":"pl-PL","potentialAction":[{"@type":"ReadAction","target":["https:\/\/gay-vodka.de\/pl\/ciemne-pokoje\/"]}]},{"@type":"ImageObject","inLanguage":"pl-PL","@id":"https:\/\/gay-vodka.de\/pl\/ciemne-pokoje\/#primaryimage","url":"https:\/\/gay-vodka.de\/wp-content\/uploads\/2022\/12\/aleksandr-popov-R25Q-pAUeY8-unsplash.jpg","contentUrl":"https:\/\/gay-vodka.de\/wp-content\/uploads\/2022\/12\/aleksandr-popov-R25Q-pAUeY8-unsplash.jpg"},{"@type":"BreadcrumbList","@id":"https:\/\/gay-vodka.de\/pl\/ciemne-pokoje\/#breadcrumb","itemListElement":[{"@type":"ListItem","position":1,"name":"Startseite","item":"https:\/\/gay-vodka.de\/pl\/gay-vodka-rownosc-szacunek-milosc\/"},{"@type":"ListItem","position":2,"name":"Ciemne pokoje"}]},{"@type":"WebSite","@id":"https:\/\/gay-vodka.de\/pl\/#website","url":"https:\/\/gay-vodka.de\/pl\/","name":"Gay Vodka","description":"","publisher":{"@id":"https:\/\/gay-vodka.de\/pl\/#organization"},"potentialAction":[{"@type":"SearchAction","target":{"@type":"EntryPoint","urlTemplate":"https:\/\/gay-vodka.de\/pl\/?s={search_term_string}"},"query-input":{"@type":"PropertyValueSpecification","valueRequired":true,"valueName":"search_term_string"}}],"inLanguage":"pl-PL"},{"@type":"Organization","@id":"https:\/\/gay-vodka.de\/pl\/#organization","name":"Gay Vodka","url":"https:\/\/gay-vodka.de\/pl\/","logo":{"@type":"ImageObject","inLanguage":"pl-PL","@id":"https:\/\/gay-vodka.de\/pl\/#\/schema\/logo\/image\/","url":"https:\/\/gay-vodka.de\/wp-content\/uploads\/2024\/01\/favKopie3-2048x555-3.png","contentUrl":"https:\/\/gay-vodka.de\/wp-content\/uploads\/2024\/01\/favKopie3-2048x555-3.png","width":2048,"height":555,"caption":"Gay Vodka"},"image":{"@id":"https:\/\/gay-vodka.de\/pl\/#\/schema\/logo\/image\/"}}]}},"_links":{"self":[{"href":"https:\/\/gay-vodka.de\/pl\/wp-json\/wp\/v2\/pages\/45927","targetHints":{"allow":["GET"]}}],"collection":[{"href":"https:\/\/gay-vodka.de\/pl\/wp-json\/wp\/v2\/pages"}],"about":[{"href":"https:\/\/gay-vodka.de\/pl\/wp-json\/wp\/v2\/types\/page"}],"author":[{"embeddable":true,"href":"https:\/\/gay-vodka.de\/pl\/wp-json\/wp\/v2\/users\/1"}],"replies":[{"embeddable":true,"href":"https:\/\/gay-vodka.de\/pl\/wp-json\/wp\/v2\/comments?post=45927"}],"version-history":[{"count":6,"href":"https:\/\/gay-vodka.de\/pl\/wp-json\/wp\/v2\/pages\/45927\/revisions"}],"predecessor-version":[{"id":45994,"href":"https:\/\/gay-vodka.de\/pl\/wp-json\/wp\/v2\/pages\/45927\/revisions\/45994"}],"wp:attachment":[{"href":"https:\/\/gay-vodka.de\/pl\/wp-json\/wp\/v2\/media?parent=45927"}],"curies":[{"name":"wp","href":"https:\/\/api.w.org\/{rel}","templated":true}]}}