{"id":45949,"date":"2022-12-26T21:28:50","date_gmt":"2022-12-26T21:28:50","guid":{"rendered":"https:\/\/gay-vodka.de\/quartos-escuros\/"},"modified":"2024-05-01T11:10:08","modified_gmt":"2024-05-01T11:10:08","slug":"quartos-escuros","status":"publish","type":"page","link":"https:\/\/gay-vodka.de\/pt-pt\/quartos-escuros\/","title":{"rendered":"Quartos escuros"},"content":{"rendered":"<section class=\"l-section wpb_row height_medium\"><div class=\"l-section-h i-cf\"><div class=\"g-cols vc_row via_flex valign_top type_default stacking_default\"><div class=\"vc_col-sm-2 wpb_column vc_column_container\"><div class=\"vc_column-inner\"><div class=\"wpb_wrapper\"><\/div><\/div><\/div><div class=\"vc_col-sm-8 wpb_column vc_column_container\"><div class=\"vc_column-inner\"><div class=\"wpb_wrapper\"><div class=\"wpb_text_column\"><div class=\"wpb_wrapper\"><h1><strong>Dark Rooms: Uma vis\u00e3o profunda da subcultura controversa<\/strong><\/h1>\n<p><em>Atualizado em 13.10.2023<\/em><\/p>\n<\/div><\/div><div class=\"w-separator size_small\"><\/div><div class=\"w-image align_none\"><div class=\"w-image-h\"><img loading=\"lazy\" decoding=\"async\" width=\"1024\" height=\"683\" src=\"https:\/\/gay-vodka.de\/wp-content\/uploads\/2022\/12\/aleksandr-popov-k_UrO4kMBcA-unsplash-1024x683.jpg\" class=\"attachment-large size-large\" alt=\"\" srcset=\"https:\/\/gay-vodka.de\/wp-content\/uploads\/2022\/12\/aleksandr-popov-k_UrO4kMBcA-unsplash-1024x683.jpg 1024w, https:\/\/gay-vodka.de\/wp-content\/uploads\/2022\/12\/aleksandr-popov-k_UrO4kMBcA-unsplash-300x200.jpg 300w, https:\/\/gay-vodka.de\/wp-content\/uploads\/2022\/12\/aleksandr-popov-k_UrO4kMBcA-unsplash-350x233.jpg 350w, https:\/\/gay-vodka.de\/wp-content\/uploads\/2022\/12\/aleksandr-popov-k_UrO4kMBcA-unsplash-600x400.jpg 600w, https:\/\/gay-vodka.de\/wp-content\/uploads\/2022\/12\/aleksandr-popov-k_UrO4kMBcA-unsplash-500x333.jpg 500w, https:\/\/gay-vodka.de\/wp-content\/uploads\/2022\/12\/aleksandr-popov-k_UrO4kMBcA-unsplash-380x253.jpg 380w, https:\/\/gay-vodka.de\/wp-content\/uploads\/2022\/12\/aleksandr-popov-k_UrO4kMBcA-unsplash-768x512.jpg 768w, https:\/\/gay-vodka.de\/wp-content\/uploads\/2022\/12\/aleksandr-popov-k_UrO4kMBcA-unsplash-1000x667.jpg 1000w, https:\/\/gay-vodka.de\/wp-content\/uploads\/2022\/12\/aleksandr-popov-k_UrO4kMBcA-unsplash.jpg 1200w\" sizes=\"auto, (max-width: 1024px) 100vw, 1024px\" \/><\/div><\/div><div class=\"w-separator size_small\"><\/div><div class=\"wpb_text_column us_custom_c139e5e3\"><div class=\"wpb_wrapper\"><p>O quarto escuro, tamb\u00e9m conhecido como<a href=\"https:\/\/gay-vodka.de\/gay-cruising\/\">&#8220;zona de engate<\/a>&#8220;, \u00e9 um local onde as pessoas se encontram para praticar actividades sexuais. Estas salas s\u00e3o geralmente escuras para preservar o anonimato das pessoas que as frequentam. No entanto, nos \u00faltimos anos, os quartos escuros t\u00eam suscitado muita controv\u00e9rsia, uma vez que alguns os consideram perigosos e pouco saud\u00e1veis, enquanto outros os v\u00eaem como um lugar seguro para a auto-determina\u00e7\u00e3o sexual. Neste artigo, vamos abordar o tema dos quartos escuros para homossexuais de diferentes perspectivas e dar-te uma vis\u00e3o aprofundada desta subcultura controversa.<\/p>\n<h2><strong>O que s\u00e3o quartos escuros, afinal?<\/strong><\/h2>\n<p>Um quarto escuro \u00e9 normalmente uma sala isolada numa discoteca ou num bar que \u00e9 reservada para actividades sexuais. Muitas vezes s\u00e3o escuros para preservar o anonimato das pessoas que os frequentam. Os quartos escuros s\u00e3o utilizados principalmente por homossexuais, mas tamb\u00e9m existem para pessoas de todas as orienta\u00e7\u00f5es sexuais.<\/p>\n<p>Existem h\u00e1 d\u00e9cadas, mas nos \u00faltimos anos t\u00eam sido repetidamente not\u00edcia. Algumas pessoas v\u00eaem-nas como locais perigosos onde podem ocorrer agress\u00f5es sexuais e outros comportamentos inadequados. Outros, por\u00e9m, v\u00eaem-no como um lugar seguro para a auto-determina\u00e7\u00e3o sexual e uma oportunidade para se divertirem sem preconceitos e discrimina\u00e7\u00e3o.<\/p>\n<h2><strong><img loading=\"lazy\" decoding=\"async\" class=\"alignnone size-full wp-image-8081\" src=\"https:\/\/gay-vodka.de\/wp-content\/uploads\/2022\/12\/aleksandr-popov-R25Q-pAUeY8-unsplash.jpg\" alt=\"\" width=\"1200\" height=\"800\" srcset=\"https:\/\/gay-vodka.de\/wp-content\/uploads\/2022\/12\/aleksandr-popov-R25Q-pAUeY8-unsplash.jpg 1200w, https:\/\/gay-vodka.de\/wp-content\/uploads\/2022\/12\/aleksandr-popov-R25Q-pAUeY8-unsplash-300x200.jpg 300w, https:\/\/gay-vodka.de\/wp-content\/uploads\/2022\/12\/aleksandr-popov-R25Q-pAUeY8-unsplash-1024x683.jpg 1024w, https:\/\/gay-vodka.de\/wp-content\/uploads\/2022\/12\/aleksandr-popov-R25Q-pAUeY8-unsplash-350x233.jpg 350w, https:\/\/gay-vodka.de\/wp-content\/uploads\/2022\/12\/aleksandr-popov-R25Q-pAUeY8-unsplash-600x400.jpg 600w, https:\/\/gay-vodka.de\/wp-content\/uploads\/2022\/12\/aleksandr-popov-R25Q-pAUeY8-unsplash-500x333.jpg 500w, https:\/\/gay-vodka.de\/wp-content\/uploads\/2022\/12\/aleksandr-popov-R25Q-pAUeY8-unsplash-380x253.jpg 380w, https:\/\/gay-vodka.de\/wp-content\/uploads\/2022\/12\/aleksandr-popov-R25Q-pAUeY8-unsplash-768x512.jpg 768w, https:\/\/gay-vodka.de\/wp-content\/uploads\/2022\/12\/aleksandr-popov-R25Q-pAUeY8-unsplash-1000x667.jpg 1000w\" sizes=\"auto, (max-width: 1200px) 100vw, 1200px\" \/><\/strong><\/h2>\n<h2><strong>As vantagens e desvantagens dos quartos escuros<\/strong><\/h2>\n<p>Como qualquer subcultura, os quartos escuros t\u00eam vantagens e desvantagens. Eis alguns dos pontos mais importantes:<\/p>\n<p><strong>Vantagens:<\/strong><\/p>\n<ul>\n<li>Oferecem aos homossexuais um local onde se podem encontrar e praticar actividades sexuais sem preconceitos nem discrimina\u00e7\u00e3o.<\/li>\n<li>Tamb\u00e9m oferecem uma forma de as pessoas que est\u00e3o numa rela\u00e7\u00e3o, mas que continuam \u00e0 procura de satisfa\u00e7\u00e3o sexual, se encontrarem discretamente.<\/li>\n<li>Para algumas pessoas, os espa\u00e7os podem tamb\u00e9m servir como uma oportunidade para viverem e explorarem a sua identidade e orienta\u00e7\u00e3o sexual.<\/li>\n<li>Podem tamb\u00e9m ser uma oportunidade para conhecer novas pessoas e estabelecer contactos no seio da comunidade LGBTQIA+.<\/li>\n<\/ul>\n<p><strong>Desvantagens:<\/strong><\/p>\n<ul>\n<li>N\u00e3o h\u00e1 forma de garantir a seguran\u00e7a. \u00c9 poss\u00edvel que ocorra uma agress\u00e3o sexual ou outro comportamento inadequado.<\/li>\n<li>Por vezes, s\u00e3o tamb\u00e9m palco de consumo de drogas e podem, por isso, acarretar riscos para a sa\u00fade.<\/li>\n<li>Em alguns pa\u00edses, os quartos escuros s\u00e3o ilegais, o que significa que as pessoas que os visitam correm o risco de serem presas e punidas.<\/li>\n<\/ul>\n<h2><a href=\"https:\/\/tracking.playaleads.com\/aff_c?offer_id=144&amp;aff_id=2507&amp;source=CHANGEME&amp;aff_click_id=CHANGEME&amp;url_id=991\" target=\"_blank\" rel=\"noopener noreferrer\"><strong><img loading=\"lazy\" decoding=\"async\" class=\"alignnone wp-image-8679 size-full\" src=\"https:\/\/gay-vodka.de\/wp-content\/uploads\/2023\/08\/Spontane_Dates_970x90_ge.gif\" alt=\"\" width=\"970\" height=\"90\"><\/strong><\/a><\/h2>\n<h3><strong>O risco de infe\u00e7\u00e3o por VIH\/SIDA<\/strong><\/h3>\n<p>Outro aspeto controverso dos quartos escuros \u00e9 a sua liga\u00e7\u00e3o ao VIH\/SIDA. Nas d\u00e9cadas de 1980 e 1990, as salas foram um importante ponto de encontro para os homossexuais durante a epidemia de VIH\/SIDA, uma vez que ofereciam a oportunidade de se encontrarem e socializarem sexualmente sem receio de preconceitos e discrimina\u00e7\u00e3o.<\/p>\n<p>No entanto, tamb\u00e9m faziam parte do problema, uma vez que contribu\u00edam para que o VIH\/SIDA se propagasse mais rapidamente. Como as pessoas permaneciam an\u00f3nimas e n\u00e3o havia forma de contactar os seus parceiros sexuais se estivessem infectados com o VIH, era dif\u00edcil evitar a propaga\u00e7\u00e3o da doen\u00e7a.<\/p>\n<p>Hoje em dia, no entanto, existem muitas formas de te protegeres contra o VIH\/SIDA, como os preservativos e a PrEP (Profilaxia Pr\u00e9-Exposi\u00e7\u00e3o), uma medica\u00e7\u00e3o di\u00e1ria que reduz o risco de infe\u00e7\u00e3o pelo VIH. No entanto, o VIH\/SIDA continua a ser uma amea\u00e7a grave, especialmente para os homossexuais, e \u00e9 importante promover pr\u00e1ticas sexuais seguras e proteger contra a infe\u00e7\u00e3o.<\/p>\n<h2><strong><img loading=\"lazy\" decoding=\"async\" class=\"alignnone size-full wp-image-8082\" src=\"https:\/\/gay-vodka.de\/wp-content\/uploads\/2022\/12\/aleksandr-popov-SbPUMwGYzLo-unsplash.jpg\" alt=\"Clube do quarto escuro\" width=\"1200\" height=\"800\" srcset=\"https:\/\/gay-vodka.de\/wp-content\/uploads\/2022\/12\/aleksandr-popov-SbPUMwGYzLo-unsplash.jpg 1200w, https:\/\/gay-vodka.de\/wp-content\/uploads\/2022\/12\/aleksandr-popov-SbPUMwGYzLo-unsplash-300x200.jpg 300w, https:\/\/gay-vodka.de\/wp-content\/uploads\/2022\/12\/aleksandr-popov-SbPUMwGYzLo-unsplash-1024x683.jpg 1024w, https:\/\/gay-vodka.de\/wp-content\/uploads\/2022\/12\/aleksandr-popov-SbPUMwGYzLo-unsplash-350x233.jpg 350w, https:\/\/gay-vodka.de\/wp-content\/uploads\/2022\/12\/aleksandr-popov-SbPUMwGYzLo-unsplash-600x400.jpg 600w, https:\/\/gay-vodka.de\/wp-content\/uploads\/2022\/12\/aleksandr-popov-SbPUMwGYzLo-unsplash-500x333.jpg 500w, https:\/\/gay-vodka.de\/wp-content\/uploads\/2022\/12\/aleksandr-popov-SbPUMwGYzLo-unsplash-380x253.jpg 380w, https:\/\/gay-vodka.de\/wp-content\/uploads\/2022\/12\/aleksandr-popov-SbPUMwGYzLo-unsplash-768x512.jpg 768w, https:\/\/gay-vodka.de\/wp-content\/uploads\/2022\/12\/aleksandr-popov-SbPUMwGYzLo-unsplash-1000x667.jpg 1000w\" sizes=\"auto, (max-width: 1200px) 100vw, 1200px\" \/><\/strong><\/h2>\n<h2><strong>O futuro dos quartos escuros<\/strong><\/h2>\n<p>\u00c9 dif\u00edcil prever como as salas escuras se desenvolver\u00e3o no futuro. Algumas pessoas argumentam que ainda desempenham um papel importante na comunidade LGBTQ+, especialmente em pa\u00edses onde a homossexualidade ainda n\u00e3o \u00e9 aceite. No entanto, outros acreditam que os quartos escuros est\u00e3o ultrapassados e que existem melhores formas de conhecer e de se envolver em actividades sexuais sem te expores aos perigos de agress\u00e3o sexual e de outros comportamentos inadequados.<\/p>\n<p>Uma forma de tornar as salas escuras mais seguras e mais inclusivas, por exemplo, seria monitoriz\u00e1-las melhor e introduzir regras e orienta\u00e7\u00f5es mais rigorosas. Tamb\u00e9m poderia ser \u00fatil disponibilizar mais recursos para promover pr\u00e1ticas sexuais seguras e evitar a propaga\u00e7\u00e3o do VIH\/SIDA.<\/p>\n<p>Outra abordagem seria substituir ou complementar os quartos escuros com outras oportunidades de encontro e socializa\u00e7\u00e3o sexual. As plataformas e aplica\u00e7\u00f5es de encontros online tornaram-se cada vez mais populares nos \u00faltimos anos e oferecem uma forma de encontrar parceiros sexuais sem ter de passar tempo em salas escuras e desorganizadas.<\/p>\n<p>Em \u00faltima an\u00e1lise, o futuro dos quartos escuros depende da forma como a comunidade LGBTQ+ e a sociedade em geral lidam com a quest\u00e3o. \u00c9 importante que todas as pessoas envolvidas &#8211; incluindo as que frequentam os quartos escuros e as que os gerem &#8211; estejam conscientes dos riscos e promovam pr\u00e1ticas sexuais seguras.<\/p>\n<p>Em suma, os quartos escuros s\u00e3o um tema complexo e controverso que exige que sejam tidas em conta muitas perspectivas diferentes. Embora para algumas pessoas sejam um lugar seguro para a auto-determina\u00e7\u00e3o sexual, h\u00e1 tamb\u00e9m muitos riscos e desvantagens que devem ser considerados. Resta saber como se desenvolver\u00e3o os quartos escuros no futuro, mas \u00e9 importante que todas as partes envolvidas promovam pr\u00e1ticas sexuais seguras e evitem a propaga\u00e7\u00e3o do VIH\/SIDA.<\/p>\n<h4>Sabe mais sobre o tema<\/h4>\n<p>Podes encontrar mais informa\u00e7\u00f5es interessantes neste artigo do blogue da Culture Trip:<a href=\"https:\/\/theculturetrip.com\/germany\/articles\/the-mystery-behind-berlins-dark-rooms-and-a-glimpse-inside-them\/\">&#8220;O mist\u00e9rio por detr\u00e1s dos quartos escuros de Berlim e uma vis\u00e3o do seu interior<\/a>&#8220;. Na nossa opini\u00e3o, trata-se de um artigo muito leg\u00edvel.<\/p>\n<\/div><\/div><\/div><\/div><\/div><div class=\"vc_col-sm-2 wpb_column vc_column_container hide_on_tablets hide_on_mobiles\"><div class=\"vc_column-inner\"><div class=\"wpb_wrapper\"><div class=\"w-html\"><a href=\"https:\/\/a.check24.net\/misc\/click.php?pid=341628&amp;aid=338&amp;deep=c24bank&amp;cat=14\" target=\"_blank\"><img loading=\"lazy\" decoding=\"async\" src=\"https:\/\/a.check24.net\/misc\/view.php?pid=341628&amp;aid=338&amp;cat=14\" width=\"160\" height=\"600\" style=\"max-width: 100%; height: auto;\"><\/a><\/div><\/div><\/div><\/div><\/div><\/div><\/section>\n","protected":false},"excerpt":{"rendered":"Dark Rooms: Uma vis\u00e3o profunda da subcultura controversa Atualizado em 13.10.2023 O quarto escuro, tamb\u00e9m conhecido como&#8220;zona de engate&#8220;, \u00e9 um local onde as pessoas se encontram para praticar actividades sexuais. Estas salas s\u00e3o geralmente escuras para preservar o anonimato das pessoas que as frequentam. No entanto, nos \u00faltimos anos, os quartos escuros t\u00eam suscitado...","protected":false},"author":1,"featured_media":0,"parent":0,"menu_order":0,"comment_status":"closed","ping_status":"closed","template":"","meta":{"_monsterinsights_skip_tracking":false,"_monsterinsights_sitenote_active":false,"_monsterinsights_sitenote_note":"","_monsterinsights_sitenote_category":0,"footnotes":""},"class_list":["post-45949","page","type-page","status-publish","hentry"],"yoast_head":"<!-- This site is optimized with the Yoast SEO plugin v25.9 - https:\/\/yoast.com\/wordpress\/plugins\/seo\/ -->\n<title>Dark Rooms: Uma vis\u00e3o profunda da subcultura controversa<\/title>\n<meta name=\"description\" content=\"Damos-te a conhecer uma subcultura e analisamos as vantagens e desvantagens dos quartos escuros. Tamb\u00e9m analisamos a sua rela\u00e7\u00e3o com o VIH\/SIDA.\" \/>\n<meta name=\"robots\" content=\"index, follow, max-snippet:-1, max-image-preview:large, max-video-preview:-1\" \/>\n<link rel=\"canonical\" href=\"https:\/\/gay-vodka.de\/pt-pt\/quartos-escuros\/\" \/>\n<meta property=\"og:locale\" content=\"pt_PT\" \/>\n<meta property=\"og:type\" content=\"article\" \/>\n<meta property=\"og:title\" content=\"Dark Rooms: Uma vis\u00e3o profunda da subcultura controversa\" \/>\n<meta property=\"og:description\" content=\"Damos-te a conhecer uma subcultura e analisamos as vantagens e desvantagens dos quartos escuros. Tamb\u00e9m analisamos a sua rela\u00e7\u00e3o com o VIH\/SIDA.\" \/>\n<meta property=\"og:url\" content=\"https:\/\/gay-vodka.de\/pt-pt\/quartos-escuros\/\" \/>\n<meta property=\"article:modified_time\" content=\"2024-05-01T11:10:08+00:00\" \/>\n<meta property=\"og:image\" content=\"https:\/\/gay-vodka.de\/wp-content\/uploads\/2022\/12\/aleksandr-popov-R25Q-pAUeY8-unsplash.jpg\" \/>\n<meta name=\"twitter:card\" content=\"summary_large_image\" \/>\n<meta name=\"twitter:label1\" content=\"Tempo estimado de leitura\" \/>\n\t<meta name=\"twitter:data1\" content=\"6 minutos\" \/>\n<script type=\"application\/ld+json\" class=\"yoast-schema-graph\">{\"@context\":\"https:\/\/schema.org\",\"@graph\":[{\"@type\":\"WebPage\",\"@id\":\"https:\/\/gay-vodka.de\/pt-pt\/quartos-escuros\/\",\"url\":\"https:\/\/gay-vodka.de\/pt-pt\/quartos-escuros\/\",\"name\":\"Dark Rooms: Uma vis\u00e3o profunda da subcultura controversa\",\"isPartOf\":{\"@id\":\"https:\/\/gay-vodka.de\/pt-pt\/#website\"},\"primaryImageOfPage\":{\"@id\":\"https:\/\/gay-vodka.de\/pt-pt\/quartos-escuros\/#primaryimage\"},\"image\":{\"@id\":\"https:\/\/gay-vodka.de\/pt-pt\/quartos-escuros\/#primaryimage\"},\"thumbnailUrl\":\"https:\/\/gay-vodka.de\/wp-content\/uploads\/2022\/12\/aleksandr-popov-R25Q-pAUeY8-unsplash.jpg\",\"datePublished\":\"2022-12-26T21:28:50+00:00\",\"dateModified\":\"2024-05-01T11:10:08+00:00\",\"description\":\"Damos-te a conhecer uma subcultura e analisamos as vantagens e desvantagens dos quartos escuros. Tamb\u00e9m analisamos a sua rela\u00e7\u00e3o com o VIH\/SIDA.\",\"breadcrumb\":{\"@id\":\"https:\/\/gay-vodka.de\/pt-pt\/quartos-escuros\/#breadcrumb\"},\"inLanguage\":\"pt-PT\",\"potentialAction\":[{\"@type\":\"ReadAction\",\"target\":[\"https:\/\/gay-vodka.de\/pt-pt\/quartos-escuros\/\"]}]},{\"@type\":\"ImageObject\",\"inLanguage\":\"pt-PT\",\"@id\":\"https:\/\/gay-vodka.de\/pt-pt\/quartos-escuros\/#primaryimage\",\"url\":\"https:\/\/gay-vodka.de\/wp-content\/uploads\/2022\/12\/aleksandr-popov-R25Q-pAUeY8-unsplash.jpg\",\"contentUrl\":\"https:\/\/gay-vodka.de\/wp-content\/uploads\/2022\/12\/aleksandr-popov-R25Q-pAUeY8-unsplash.jpg\"},{\"@type\":\"BreadcrumbList\",\"@id\":\"https:\/\/gay-vodka.de\/pt-pt\/quartos-escuros\/#breadcrumb\",\"itemListElement\":[{\"@type\":\"ListItem\",\"position\":1,\"name\":\"Startseite\",\"item\":\"https:\/\/gay-vodka.de\/pt-pt\/vodka-gay-igualdade-respeita-ama\/\"},{\"@type\":\"ListItem\",\"position\":2,\"name\":\"Quartos escuros\"}]},{\"@type\":\"WebSite\",\"@id\":\"https:\/\/gay-vodka.de\/pt-pt\/#website\",\"url\":\"https:\/\/gay-vodka.de\/pt-pt\/\",\"name\":\"Gay Vodka\",\"description\":\"\",\"publisher\":{\"@id\":\"https:\/\/gay-vodka.de\/pt-pt\/#organization\"},\"potentialAction\":[{\"@type\":\"SearchAction\",\"target\":{\"@type\":\"EntryPoint\",\"urlTemplate\":\"https:\/\/gay-vodka.de\/pt-pt\/?s={search_term_string}\"},\"query-input\":{\"@type\":\"PropertyValueSpecification\",\"valueRequired\":true,\"valueName\":\"search_term_string\"}}],\"inLanguage\":\"pt-PT\"},{\"@type\":\"Organization\",\"@id\":\"https:\/\/gay-vodka.de\/pt-pt\/#organization\",\"name\":\"Gay Vodka\",\"url\":\"https:\/\/gay-vodka.de\/pt-pt\/\",\"logo\":{\"@type\":\"ImageObject\",\"inLanguage\":\"pt-PT\",\"@id\":\"https:\/\/gay-vodka.de\/pt-pt\/#\/schema\/logo\/image\/\",\"url\":\"https:\/\/gay-vodka.de\/wp-content\/uploads\/2024\/01\/favKopie3-2048x555-3.png\",\"contentUrl\":\"https:\/\/gay-vodka.de\/wp-content\/uploads\/2024\/01\/favKopie3-2048x555-3.png\",\"width\":2048,\"height\":555,\"caption\":\"Gay Vodka\"},\"image\":{\"@id\":\"https:\/\/gay-vodka.de\/pt-pt\/#\/schema\/logo\/image\/\"}}]}<\/script>\n<!-- \/ Yoast SEO plugin. -->","yoast_head_json":{"title":"Dark Rooms: Uma vis\u00e3o profunda da subcultura controversa","description":"Damos-te a conhecer uma subcultura e analisamos as vantagens e desvantagens dos quartos escuros. Tamb\u00e9m analisamos a sua rela\u00e7\u00e3o com o VIH\/SIDA.","robots":{"index":"index","follow":"follow","max-snippet":"max-snippet:-1","max-image-preview":"max-image-preview:large","max-video-preview":"max-video-preview:-1"},"canonical":"https:\/\/gay-vodka.de\/pt-pt\/quartos-escuros\/","og_locale":"pt_PT","og_type":"article","og_title":"Dark Rooms: Uma vis\u00e3o profunda da subcultura controversa","og_description":"Damos-te a conhecer uma subcultura e analisamos as vantagens e desvantagens dos quartos escuros. Tamb\u00e9m analisamos a sua rela\u00e7\u00e3o com o VIH\/SIDA.","og_url":"https:\/\/gay-vodka.de\/pt-pt\/quartos-escuros\/","article_modified_time":"2024-05-01T11:10:08+00:00","og_image":[{"url":"https:\/\/gay-vodka.de\/wp-content\/uploads\/2022\/12\/aleksandr-popov-R25Q-pAUeY8-unsplash.jpg","type":"","width":"","height":""}],"twitter_card":"summary_large_image","twitter_misc":{"Tempo estimado de leitura":"6 minutos"},"schema":{"@context":"https:\/\/schema.org","@graph":[{"@type":"WebPage","@id":"https:\/\/gay-vodka.de\/pt-pt\/quartos-escuros\/","url":"https:\/\/gay-vodka.de\/pt-pt\/quartos-escuros\/","name":"Dark Rooms: Uma vis\u00e3o profunda da subcultura controversa","isPartOf":{"@id":"https:\/\/gay-vodka.de\/pt-pt\/#website"},"primaryImageOfPage":{"@id":"https:\/\/gay-vodka.de\/pt-pt\/quartos-escuros\/#primaryimage"},"image":{"@id":"https:\/\/gay-vodka.de\/pt-pt\/quartos-escuros\/#primaryimage"},"thumbnailUrl":"https:\/\/gay-vodka.de\/wp-content\/uploads\/2022\/12\/aleksandr-popov-R25Q-pAUeY8-unsplash.jpg","datePublished":"2022-12-26T21:28:50+00:00","dateModified":"2024-05-01T11:10:08+00:00","description":"Damos-te a conhecer uma subcultura e analisamos as vantagens e desvantagens dos quartos escuros. Tamb\u00e9m analisamos a sua rela\u00e7\u00e3o com o VIH\/SIDA.","breadcrumb":{"@id":"https:\/\/gay-vodka.de\/pt-pt\/quartos-escuros\/#breadcrumb"},"inLanguage":"pt-PT","potentialAction":[{"@type":"ReadAction","target":["https:\/\/gay-vodka.de\/pt-pt\/quartos-escuros\/"]}]},{"@type":"ImageObject","inLanguage":"pt-PT","@id":"https:\/\/gay-vodka.de\/pt-pt\/quartos-escuros\/#primaryimage","url":"https:\/\/gay-vodka.de\/wp-content\/uploads\/2022\/12\/aleksandr-popov-R25Q-pAUeY8-unsplash.jpg","contentUrl":"https:\/\/gay-vodka.de\/wp-content\/uploads\/2022\/12\/aleksandr-popov-R25Q-pAUeY8-unsplash.jpg"},{"@type":"BreadcrumbList","@id":"https:\/\/gay-vodka.de\/pt-pt\/quartos-escuros\/#breadcrumb","itemListElement":[{"@type":"ListItem","position":1,"name":"Startseite","item":"https:\/\/gay-vodka.de\/pt-pt\/vodka-gay-igualdade-respeita-ama\/"},{"@type":"ListItem","position":2,"name":"Quartos escuros"}]},{"@type":"WebSite","@id":"https:\/\/gay-vodka.de\/pt-pt\/#website","url":"https:\/\/gay-vodka.de\/pt-pt\/","name":"Gay Vodka","description":"","publisher":{"@id":"https:\/\/gay-vodka.de\/pt-pt\/#organization"},"potentialAction":[{"@type":"SearchAction","target":{"@type":"EntryPoint","urlTemplate":"https:\/\/gay-vodka.de\/pt-pt\/?s={search_term_string}"},"query-input":{"@type":"PropertyValueSpecification","valueRequired":true,"valueName":"search_term_string"}}],"inLanguage":"pt-PT"},{"@type":"Organization","@id":"https:\/\/gay-vodka.de\/pt-pt\/#organization","name":"Gay Vodka","url":"https:\/\/gay-vodka.de\/pt-pt\/","logo":{"@type":"ImageObject","inLanguage":"pt-PT","@id":"https:\/\/gay-vodka.de\/pt-pt\/#\/schema\/logo\/image\/","url":"https:\/\/gay-vodka.de\/wp-content\/uploads\/2024\/01\/favKopie3-2048x555-3.png","contentUrl":"https:\/\/gay-vodka.de\/wp-content\/uploads\/2024\/01\/favKopie3-2048x555-3.png","width":2048,"height":555,"caption":"Gay Vodka"},"image":{"@id":"https:\/\/gay-vodka.de\/pt-pt\/#\/schema\/logo\/image\/"}}]}},"_links":{"self":[{"href":"https:\/\/gay-vodka.de\/pt-pt\/wp-json\/wp\/v2\/pages\/45949","targetHints":{"allow":["GET"]}}],"collection":[{"href":"https:\/\/gay-vodka.de\/pt-pt\/wp-json\/wp\/v2\/pages"}],"about":[{"href":"https:\/\/gay-vodka.de\/pt-pt\/wp-json\/wp\/v2\/types\/page"}],"author":[{"embeddable":true,"href":"https:\/\/gay-vodka.de\/pt-pt\/wp-json\/wp\/v2\/users\/1"}],"replies":[{"embeddable":true,"href":"https:\/\/gay-vodka.de\/pt-pt\/wp-json\/wp\/v2\/comments?post=45949"}],"version-history":[{"count":4,"href":"https:\/\/gay-vodka.de\/pt-pt\/wp-json\/wp\/v2\/pages\/45949\/revisions"}],"predecessor-version":[{"id":45996,"href":"https:\/\/gay-vodka.de\/pt-pt\/wp-json\/wp\/v2\/pages\/45949\/revisions\/45996"}],"wp:attachment":[{"href":"https:\/\/gay-vodka.de\/pt-pt\/wp-json\/wp\/v2\/media?parent=45949"}],"curies":[{"name":"wp","href":"https:\/\/api.w.org\/{rel}","templated":true}]}}