{"id":45907,"date":"2022-12-26T21:28:50","date_gmt":"2022-12-26T21:28:50","guid":{"rendered":"https:\/\/gay-vodka.de\/moerka-rum\/"},"modified":"2024-05-01T11:10:03","modified_gmt":"2024-05-01T11:10:03","slug":"moerka-rum","status":"publish","type":"page","link":"https:\/\/gay-vodka.de\/sv\/moerka-rum\/","title":{"rendered":"M\u00f6rka rum"},"content":{"rendered":"<section class=\"l-section wpb_row height_medium\"><div class=\"l-section-h i-cf\"><div class=\"g-cols vc_row via_flex valign_top type_default stacking_default\"><div class=\"vc_col-sm-2 wpb_column vc_column_container\"><div class=\"vc_column-inner\"><div class=\"wpb_wrapper\"><\/div><\/div><\/div><div class=\"vc_col-sm-8 wpb_column vc_column_container\"><div class=\"vc_column-inner\"><div class=\"wpb_wrapper\"><div class=\"wpb_text_column\"><div class=\"wpb_wrapper\"><h1><strong>Dark Rooms: En djup inblick i den kontroversiella subkulturen<\/strong><\/h1>\n<p><em>Uppdaterad 13.10.2023<\/em><\/p>\n<\/div><\/div><div class=\"w-separator size_small\"><\/div><div class=\"w-image align_none\"><div class=\"w-image-h\"><img loading=\"lazy\" decoding=\"async\" width=\"1024\" height=\"683\" src=\"https:\/\/gay-vodka.de\/wp-content\/uploads\/2022\/12\/aleksandr-popov-k_UrO4kMBcA-unsplash-1024x683.jpg\" class=\"attachment-large size-large\" alt=\"\" srcset=\"https:\/\/gay-vodka.de\/wp-content\/uploads\/2022\/12\/aleksandr-popov-k_UrO4kMBcA-unsplash-1024x683.jpg 1024w, https:\/\/gay-vodka.de\/wp-content\/uploads\/2022\/12\/aleksandr-popov-k_UrO4kMBcA-unsplash-300x200.jpg 300w, https:\/\/gay-vodka.de\/wp-content\/uploads\/2022\/12\/aleksandr-popov-k_UrO4kMBcA-unsplash-350x233.jpg 350w, https:\/\/gay-vodka.de\/wp-content\/uploads\/2022\/12\/aleksandr-popov-k_UrO4kMBcA-unsplash-600x400.jpg 600w, https:\/\/gay-vodka.de\/wp-content\/uploads\/2022\/12\/aleksandr-popov-k_UrO4kMBcA-unsplash-500x333.jpg 500w, https:\/\/gay-vodka.de\/wp-content\/uploads\/2022\/12\/aleksandr-popov-k_UrO4kMBcA-unsplash-380x253.jpg 380w, https:\/\/gay-vodka.de\/wp-content\/uploads\/2022\/12\/aleksandr-popov-k_UrO4kMBcA-unsplash-768x512.jpg 768w, https:\/\/gay-vodka.de\/wp-content\/uploads\/2022\/12\/aleksandr-popov-k_UrO4kMBcA-unsplash-1000x667.jpg 1000w, https:\/\/gay-vodka.de\/wp-content\/uploads\/2022\/12\/aleksandr-popov-k_UrO4kMBcA-unsplash.jpg 1200w\" sizes=\"auto, (max-width: 1024px) 100vw, 1024px\" \/><\/div><\/div><div class=\"w-separator size_small\"><\/div><div class=\"wpb_text_column us_custom_c139e5e3\"><div class=\"wpb_wrapper\"><p>Dark room, \u00e4ven k\u00e4nt som<a href=\"https:\/\/gay-vodka.de\/gay-cruising\/\">&#8221;cruising area<\/a>&#8221;, \u00e4r en plats d\u00e4r m\u00e4nniskor tr\u00e4ffas f\u00f6r att \u00e4gna sig \u00e5t sexuella aktiviteter. Dessa rum \u00e4r vanligtvis m\u00f6rka f\u00f6r att bevara anonymiteten hos de m\u00e4nniskor som g\u00e5r dit. P\u00e5 senare \u00e5r har dock m\u00f6rka rum v\u00e4ckt en hel del kontroverser, eftersom vissa anser att de \u00e4r farliga och oh\u00e4lsosamma, medan andra ser dem som en s\u00e4ker plats f\u00f6r sexuellt sj\u00e4lvbest\u00e4mmande. I den h\u00e4r artikeln kommer vi att n\u00e4rma oss \u00e4mnet m\u00f6rka rum f\u00f6r homosexuella fr\u00e5n olika perspektiv och ge en djupg\u00e5ende inblick i denna kontroversiella subkultur.<\/p>\n<h2><strong>Vad \u00e4r m\u00f6rka rum f\u00f6rresten?<\/strong><\/h2>\n<p>Ett dark room \u00e4r vanligtvis ett avskilt rum p\u00e5 en klubb eller bar som \u00e4r reserverat f\u00f6r sexuella aktiviteter. De \u00e4r ofta m\u00f6rka f\u00f6r att bevara anonymiteten hos de m\u00e4nniskor som g\u00e5r dit. M\u00f6rka rum anv\u00e4nds fr\u00e4mst av homosexuella, men de finns ocks\u00e5 f\u00f6r m\u00e4nniskor med alla sexuella l\u00e4ggningar.<\/p>\n<p>De har funnits i decennier, men har under de senaste \u00e5ren \u00e5terkommande hamnat p\u00e5 l\u00f6psedlarna. Vissa m\u00e4nniskor ser dem som farliga platser d\u00e4r sexuella \u00f6vergrepp och annat ol\u00e4mpligt beteende kan \u00e4ga rum. Andra ser det dock som en s\u00e4ker plats f\u00f6r sexuellt sj\u00e4lvbest\u00e4mmande och en m\u00f6jlighet att roa sig utan f\u00f6rdomar och diskriminering.<\/p>\n<h2><strong><img loading=\"lazy\" decoding=\"async\" class=\"alignnone size-full wp-image-8081\" src=\"https:\/\/gay-vodka.de\/wp-content\/uploads\/2022\/12\/aleksandr-popov-R25Q-pAUeY8-unsplash.jpg\" alt=\"\" width=\"1200\" height=\"800\" srcset=\"https:\/\/gay-vodka.de\/wp-content\/uploads\/2022\/12\/aleksandr-popov-R25Q-pAUeY8-unsplash.jpg 1200w, https:\/\/gay-vodka.de\/wp-content\/uploads\/2022\/12\/aleksandr-popov-R25Q-pAUeY8-unsplash-300x200.jpg 300w, https:\/\/gay-vodka.de\/wp-content\/uploads\/2022\/12\/aleksandr-popov-R25Q-pAUeY8-unsplash-1024x683.jpg 1024w, https:\/\/gay-vodka.de\/wp-content\/uploads\/2022\/12\/aleksandr-popov-R25Q-pAUeY8-unsplash-350x233.jpg 350w, https:\/\/gay-vodka.de\/wp-content\/uploads\/2022\/12\/aleksandr-popov-R25Q-pAUeY8-unsplash-600x400.jpg 600w, https:\/\/gay-vodka.de\/wp-content\/uploads\/2022\/12\/aleksandr-popov-R25Q-pAUeY8-unsplash-500x333.jpg 500w, https:\/\/gay-vodka.de\/wp-content\/uploads\/2022\/12\/aleksandr-popov-R25Q-pAUeY8-unsplash-380x253.jpg 380w, https:\/\/gay-vodka.de\/wp-content\/uploads\/2022\/12\/aleksandr-popov-R25Q-pAUeY8-unsplash-768x512.jpg 768w, https:\/\/gay-vodka.de\/wp-content\/uploads\/2022\/12\/aleksandr-popov-R25Q-pAUeY8-unsplash-1000x667.jpg 1000w\" sizes=\"auto, (max-width: 1200px) 100vw, 1200px\" \/><\/strong><\/h2>\n<h2><strong>F\u00f6r- och nackdelar med m\u00f6rka rum<\/strong><\/h2>\n<p>Som alla subkulturer har dark rooms b\u00e5de f\u00f6rdelar och nackdelar. H\u00e4r \u00e4r n\u00e5gra av de viktigaste punkterna:<\/p>\n<p><strong>F\u00f6rdelar:<\/strong><\/p>\n<ul>\n<li>De erbjuder homosexuella en plats d\u00e4r de kan tr\u00e4ffas och \u00e4gna sig \u00e5t sexuella aktiviteter utan f\u00f6rdomar och diskriminering.<\/li>\n<li>De erbjuder ocks\u00e5 ett s\u00e4tt f\u00f6r m\u00e4nniskor som \u00e4r i relationer men som fortfarande letar efter sexuell tillfredsst\u00e4llelse att tr\u00e4ffas diskret.<\/li>\n<li>F\u00f6r vissa m\u00e4nniskor kan dessa utrymmen ocks\u00e5 fungera som en m\u00f6jlighet att leva ut och utforska sin sexuella identitet och l\u00e4ggning.<\/li>\n<li>De kan ocks\u00e5 vara en m\u00f6jlighet att tr\u00e4ffa nya m\u00e4nniskor och skapa n\u00e4tverk inom HBTQIA+-samh\u00e4llet.<\/li>\n<\/ul>\n<p><strong>Nackdelar:<\/strong><\/p>\n<ul>\n<li>Det finns inget s\u00e4tt att garantera s\u00e4kerheten. Det \u00e4r m\u00f6jligt att sexuella \u00f6vergrepp eller annat ol\u00e4mpligt beteende kan f\u00f6rekomma.<\/li>\n<li>Ibland \u00e4r de ocks\u00e5 platsen f\u00f6r droganv\u00e4ndning och kan d\u00e4rf\u00f6r leda till h\u00e4lsorisker.<\/li>\n<li>I vissa l\u00e4nder \u00e4r m\u00f6rka rum olagliga, vilket inneb\u00e4r att personer som bes\u00f6ker dem riskerar att gripas och straffas.<\/li>\n<\/ul>\n<h2><a href=\"https:\/\/tracking.playaleads.com\/aff_c?offer_id=144&amp;aff_id=2507&amp;source=CHANGEME&amp;aff_click_id=CHANGEME&amp;url_id=991\" target=\"_blank\" rel=\"noopener noreferrer\"><strong><img loading=\"lazy\" decoding=\"async\" class=\"alignnone wp-image-8679 size-full\" src=\"https:\/\/gay-vodka.de\/wp-content\/uploads\/2023\/08\/Spontane_Dates_970x90_ge.gif\" alt=\"\" width=\"970\" height=\"90\"><\/strong><\/a><\/h2>\n<h3><strong>Risken f\u00f6r HIV\/AIDS-smitta<\/strong><\/h3>\n<p>En annan kontroversiell aspekt av dark rooms \u00e4r deras koppling till HIV\/AIDS. P\u00e5 1980- och 1990-talen var rummen en viktig m\u00f6tesplats f\u00f6r homosexuella under HIV\/AIDS-epidemin, eftersom de erbj\u00f6d en m\u00f6jlighet att tr\u00e4ffas och umg\u00e5s sexuellt utan r\u00e4dsla f\u00f6r f\u00f6rdomar och diskriminering.<\/p>\n<p>Men de var ocks\u00e5 en del av problemet, eftersom de bidrog till att HIV\/AIDS spreds snabbare. Eftersom m\u00e4nniskor f\u00f6rblev anonyma och det inte fanns n\u00e5got s\u00e4tt att kontakta deras sexpartners om de var smittade med HIV, var det sv\u00e5rt att f\u00f6rhindra spridningen av sjukdomen.<\/p>\n<p>Idag finns det dock m\u00e5nga s\u00e4tt att skydda sig mot hiv\/aids, t.ex. kondomer och PrEP (Pre-Exposure Prophylaxis), en daglig medicinering som minskar risken f\u00f6r hivinfektion. HIV\/AIDS \u00e4r dock fortfarande ett allvarligt hot, s\u00e4rskilt f\u00f6r homosexuella, och det \u00e4r viktigt att fr\u00e4mja s\u00e4kra sexuella vanor och skydda sig mot smitta.<\/p>\n<h2><strong><img loading=\"lazy\" decoding=\"async\" class=\"alignnone size-full wp-image-8082\" src=\"https:\/\/gay-vodka.de\/wp-content\/uploads\/2022\/12\/aleksandr-popov-SbPUMwGYzLo-unsplash.jpg\" alt=\"Dark Room Club\" width=\"1200\" height=\"800\" srcset=\"https:\/\/gay-vodka.de\/wp-content\/uploads\/2022\/12\/aleksandr-popov-SbPUMwGYzLo-unsplash.jpg 1200w, https:\/\/gay-vodka.de\/wp-content\/uploads\/2022\/12\/aleksandr-popov-SbPUMwGYzLo-unsplash-300x200.jpg 300w, https:\/\/gay-vodka.de\/wp-content\/uploads\/2022\/12\/aleksandr-popov-SbPUMwGYzLo-unsplash-1024x683.jpg 1024w, https:\/\/gay-vodka.de\/wp-content\/uploads\/2022\/12\/aleksandr-popov-SbPUMwGYzLo-unsplash-350x233.jpg 350w, https:\/\/gay-vodka.de\/wp-content\/uploads\/2022\/12\/aleksandr-popov-SbPUMwGYzLo-unsplash-600x400.jpg 600w, https:\/\/gay-vodka.de\/wp-content\/uploads\/2022\/12\/aleksandr-popov-SbPUMwGYzLo-unsplash-500x333.jpg 500w, https:\/\/gay-vodka.de\/wp-content\/uploads\/2022\/12\/aleksandr-popov-SbPUMwGYzLo-unsplash-380x253.jpg 380w, https:\/\/gay-vodka.de\/wp-content\/uploads\/2022\/12\/aleksandr-popov-SbPUMwGYzLo-unsplash-768x512.jpg 768w, https:\/\/gay-vodka.de\/wp-content\/uploads\/2022\/12\/aleksandr-popov-SbPUMwGYzLo-unsplash-1000x667.jpg 1000w\" sizes=\"auto, (max-width: 1200px) 100vw, 1200px\" \/><\/strong><\/h2>\n<h2><strong>Framtiden f\u00f6r m\u00f6rka rum<\/strong><\/h2>\n<p>Det \u00e4r sv\u00e5rt att f\u00f6rutsp\u00e5 hur dark rooms kommer att utvecklas i framtiden. Vissa h\u00e4vdar att de fortfarande spelar en viktig roll i HBTQ+-samh\u00e4llet, s\u00e4rskilt i l\u00e4nder d\u00e4r homosexualitet fortfarande inte \u00e4r accepterat. Andra anser dock att dark rooms \u00e4r f\u00f6r\u00e5ldrade och att det finns b\u00e4ttre s\u00e4tt att tr\u00e4ffas och ha sexuella aktiviteter utan att uts\u00e4tta sig f\u00f6r risken f\u00f6r sexuella \u00f6vergrepp och annat ol\u00e4mpligt beteende.<\/p>\n<p>Ett s\u00e4tt att g\u00f6ra dark rooms s\u00e4krare och mer inkluderande skulle till exempel kunna vara att \u00f6vervaka dem b\u00e4ttre och inf\u00f6ra striktare regler och riktlinjer. Det skulle ocks\u00e5 kunna vara till hj\u00e4lp att tillhandah\u00e5lla mer resurser f\u00f6r att fr\u00e4mja s\u00e4kra sexualvanor och f\u00f6rhindra spridningen av HIV\/AIDS.<\/p>\n<p>Ett annat s\u00e4tt skulle kunna vara att ers\u00e4tta eller komplettera dark rooms med andra m\u00f6jligheter att tr\u00e4ffas och umg\u00e5s sexuellt. Plattformar och appar f\u00f6r n\u00e4tdejting har blivit alltmer popul\u00e4ra p\u00e5 senare \u00e5r och erbjuder ett s\u00e4tt att hitta sexpartners utan att beh\u00f6va tillbringa tid i m\u00f6rka, r\u00f6riga rum.<\/p>\n<p>I slut\u00e4ndan beror m\u00f6rka rums framtid p\u00e5 hur HBTQ+-samh\u00e4llet och samh\u00e4llet i stort hanterar fr\u00e5gan. Det \u00e4r viktigt att alla inblandade &#8211; inklusive de som bes\u00f6ker dark rooms och de som driver dem &#8211; \u00e4r medvetna om riskerna och fr\u00e4mjar s\u00e4kra sexuella metoder.<\/p>\n<p>Sammanfattningsvis \u00e4r m\u00f6rka rum ett komplext och kontroversiellt \u00e4mne som kr\u00e4ver att man tar h\u00e4nsyn till m\u00e5nga olika perspektiv. \u00c4ven om de f\u00f6r vissa m\u00e4nniskor \u00e4r en s\u00e4ker plats f\u00f6r sexuellt sj\u00e4lvbest\u00e4mmande finns det ocks\u00e5 m\u00e5nga risker och nackdelar som m\u00e5ste beaktas. Det \u00e5terst\u00e5r att se hur dark rooms kommer att utvecklas i framtiden, men det \u00e4r viktigt att alla inblandade parter fr\u00e4mjar s\u00e4kra sexuella metoder och f\u00f6rhindrar spridningen av HIV\/AIDS.<\/p>\n<h4>L\u00e4s mer om \u00e4mnet<\/h4>\n<p>Mer sp\u00e4nnande information hittar du i den h\u00e4r bloggartikeln fr\u00e5n Culture Trip:<a href=\"https:\/\/theculturetrip.com\/germany\/articles\/the-mystery-behind-berlins-dark-rooms-and-a-glimpse-inside-them\/\">&#8221;Mysteriet bakom Berlins m\u00f6rka rum och en glimt in i dem<\/a>&#8221;. Enligt v\u00e5r mening en mycket l\u00e4sv\u00e4rd artikel.<\/p>\n<\/div><\/div><\/div><\/div><\/div><div class=\"vc_col-sm-2 wpb_column vc_column_container hide_on_tablets hide_on_mobiles\"><div class=\"vc_column-inner\"><div class=\"wpb_wrapper\"><div class=\"w-html\"><a href=\"https:\/\/a.check24.net\/misc\/click.php?pid=341628&amp;aid=338&amp;deep=c24bank&amp;cat=14\" target=\"_blank\"><img loading=\"lazy\" decoding=\"async\" src=\"https:\/\/a.check24.net\/misc\/view.php?pid=341628&amp;aid=338&amp;cat=14\" width=\"160\" height=\"600\" style=\"max-width: 100%; height: auto;\"><\/a><\/div><\/div><\/div><\/div><\/div><\/div><\/section>\n","protected":false},"excerpt":{"rendered":"Dark Rooms: En djup inblick i den kontroversiella subkulturen Uppdaterad 13.10.2023 Dark room, \u00e4ven k\u00e4nt som&#8221;cruising area&#8221;, \u00e4r en plats d\u00e4r m\u00e4nniskor tr\u00e4ffas f\u00f6r att \u00e4gna sig \u00e5t sexuella aktiviteter. Dessa rum \u00e4r vanligtvis m\u00f6rka f\u00f6r att bevara anonymiteten hos de m\u00e4nniskor som g\u00e5r dit. P\u00e5 senare \u00e5r har dock m\u00f6rka rum v\u00e4ckt en hel...","protected":false},"author":1,"featured_media":0,"parent":0,"menu_order":0,"comment_status":"closed","ping_status":"closed","template":"","meta":{"_monsterinsights_skip_tracking":false,"_monsterinsights_sitenote_active":false,"_monsterinsights_sitenote_note":"","_monsterinsights_sitenote_category":0,"footnotes":""},"class_list":["post-45907","page","type-page","status-publish","hentry"],"yoast_head":"<!-- This site is optimized with the Yoast SEO plugin v25.9 - https:\/\/yoast.com\/wordpress\/plugins\/seo\/ -->\n<title>Dark Rooms: En djup inblick i den kontroversiella subkulturen<\/title>\n<meta name=\"description\" content=\"Vi ger en inblick i en subkultur och analyserar f\u00f6r- och nackdelar med dark rooms. Vi tittar ocks\u00e5 p\u00e5 deras koppling till HIV\/AIDS.\" \/>\n<meta name=\"robots\" content=\"index, follow, max-snippet:-1, max-image-preview:large, max-video-preview:-1\" \/>\n<link rel=\"canonical\" href=\"https:\/\/gay-vodka.de\/sv\/moerka-rum\/\" \/>\n<meta property=\"og:locale\" content=\"sv_SE\" \/>\n<meta property=\"og:type\" content=\"article\" \/>\n<meta property=\"og:title\" content=\"Dark Rooms: En djup inblick i den kontroversiella subkulturen\" \/>\n<meta property=\"og:description\" content=\"Vi ger en inblick i en subkultur och analyserar f\u00f6r- och nackdelar med dark rooms. Vi tittar ocks\u00e5 p\u00e5 deras koppling till HIV\/AIDS.\" \/>\n<meta property=\"og:url\" content=\"https:\/\/gay-vodka.de\/sv\/moerka-rum\/\" \/>\n<meta property=\"article:modified_time\" content=\"2024-05-01T11:10:03+00:00\" \/>\n<meta property=\"og:image\" content=\"https:\/\/gay-vodka.de\/wp-content\/uploads\/2022\/12\/aleksandr-popov-R25Q-pAUeY8-unsplash.jpg\" \/>\n<meta name=\"twitter:card\" content=\"summary_large_image\" \/>\n<meta name=\"twitter:label1\" content=\"Ber\u00e4knad l\u00e4stid\" \/>\n\t<meta name=\"twitter:data1\" content=\"6 minuter\" \/>\n<script type=\"application\/ld+json\" class=\"yoast-schema-graph\">{\"@context\":\"https:\/\/schema.org\",\"@graph\":[{\"@type\":\"WebPage\",\"@id\":\"https:\/\/gay-vodka.de\/sv\/moerka-rum\/\",\"url\":\"https:\/\/gay-vodka.de\/sv\/moerka-rum\/\",\"name\":\"Dark Rooms: En djup inblick i den kontroversiella subkulturen\",\"isPartOf\":{\"@id\":\"https:\/\/gay-vodka.de\/sv\/#website\"},\"primaryImageOfPage\":{\"@id\":\"https:\/\/gay-vodka.de\/sv\/moerka-rum\/#primaryimage\"},\"image\":{\"@id\":\"https:\/\/gay-vodka.de\/sv\/moerka-rum\/#primaryimage\"},\"thumbnailUrl\":\"https:\/\/gay-vodka.de\/wp-content\/uploads\/2022\/12\/aleksandr-popov-R25Q-pAUeY8-unsplash.jpg\",\"datePublished\":\"2022-12-26T21:28:50+00:00\",\"dateModified\":\"2024-05-01T11:10:03+00:00\",\"description\":\"Vi ger en inblick i en subkultur och analyserar f\u00f6r- och nackdelar med dark rooms. Vi tittar ocks\u00e5 p\u00e5 deras koppling till HIV\/AIDS.\",\"breadcrumb\":{\"@id\":\"https:\/\/gay-vodka.de\/sv\/moerka-rum\/#breadcrumb\"},\"inLanguage\":\"sv-SE\",\"potentialAction\":[{\"@type\":\"ReadAction\",\"target\":[\"https:\/\/gay-vodka.de\/sv\/moerka-rum\/\"]}]},{\"@type\":\"ImageObject\",\"inLanguage\":\"sv-SE\",\"@id\":\"https:\/\/gay-vodka.de\/sv\/moerka-rum\/#primaryimage\",\"url\":\"https:\/\/gay-vodka.de\/wp-content\/uploads\/2022\/12\/aleksandr-popov-R25Q-pAUeY8-unsplash.jpg\",\"contentUrl\":\"https:\/\/gay-vodka.de\/wp-content\/uploads\/2022\/12\/aleksandr-popov-R25Q-pAUeY8-unsplash.jpg\"},{\"@type\":\"BreadcrumbList\",\"@id\":\"https:\/\/gay-vodka.de\/sv\/moerka-rum\/#breadcrumb\",\"itemListElement\":[{\"@type\":\"ListItem\",\"position\":1,\"name\":\"Startseite\",\"item\":\"https:\/\/gay-vodka.de\/sv\/gay-vodka-jaemstaelldhet-respekt-kaerlek\/\"},{\"@type\":\"ListItem\",\"position\":2,\"name\":\"M\u00f6rka rum\"}]},{\"@type\":\"WebSite\",\"@id\":\"https:\/\/gay-vodka.de\/sv\/#website\",\"url\":\"https:\/\/gay-vodka.de\/sv\/\",\"name\":\"Gay Vodka\",\"description\":\"\",\"publisher\":{\"@id\":\"https:\/\/gay-vodka.de\/sv\/#organization\"},\"potentialAction\":[{\"@type\":\"SearchAction\",\"target\":{\"@type\":\"EntryPoint\",\"urlTemplate\":\"https:\/\/gay-vodka.de\/sv\/?s={search_term_string}\"},\"query-input\":{\"@type\":\"PropertyValueSpecification\",\"valueRequired\":true,\"valueName\":\"search_term_string\"}}],\"inLanguage\":\"sv-SE\"},{\"@type\":\"Organization\",\"@id\":\"https:\/\/gay-vodka.de\/sv\/#organization\",\"name\":\"Gay Vodka\",\"url\":\"https:\/\/gay-vodka.de\/sv\/\",\"logo\":{\"@type\":\"ImageObject\",\"inLanguage\":\"sv-SE\",\"@id\":\"https:\/\/gay-vodka.de\/sv\/#\/schema\/logo\/image\/\",\"url\":\"https:\/\/gay-vodka.de\/wp-content\/uploads\/2024\/01\/favKopie3-2048x555-3.png\",\"contentUrl\":\"https:\/\/gay-vodka.de\/wp-content\/uploads\/2024\/01\/favKopie3-2048x555-3.png\",\"width\":2048,\"height\":555,\"caption\":\"Gay Vodka\"},\"image\":{\"@id\":\"https:\/\/gay-vodka.de\/sv\/#\/schema\/logo\/image\/\"}}]}<\/script>\n<!-- \/ Yoast SEO plugin. -->","yoast_head_json":{"title":"Dark Rooms: En djup inblick i den kontroversiella subkulturen","description":"Vi ger en inblick i en subkultur och analyserar f\u00f6r- och nackdelar med dark rooms. Vi tittar ocks\u00e5 p\u00e5 deras koppling till HIV\/AIDS.","robots":{"index":"index","follow":"follow","max-snippet":"max-snippet:-1","max-image-preview":"max-image-preview:large","max-video-preview":"max-video-preview:-1"},"canonical":"https:\/\/gay-vodka.de\/sv\/moerka-rum\/","og_locale":"sv_SE","og_type":"article","og_title":"Dark Rooms: En djup inblick i den kontroversiella subkulturen","og_description":"Vi ger en inblick i en subkultur och analyserar f\u00f6r- och nackdelar med dark rooms. Vi tittar ocks\u00e5 p\u00e5 deras koppling till HIV\/AIDS.","og_url":"https:\/\/gay-vodka.de\/sv\/moerka-rum\/","article_modified_time":"2024-05-01T11:10:03+00:00","og_image":[{"url":"https:\/\/gay-vodka.de\/wp-content\/uploads\/2022\/12\/aleksandr-popov-R25Q-pAUeY8-unsplash.jpg","type":"","width":"","height":""}],"twitter_card":"summary_large_image","twitter_misc":{"Ber\u00e4knad l\u00e4stid":"6 minuter"},"schema":{"@context":"https:\/\/schema.org","@graph":[{"@type":"WebPage","@id":"https:\/\/gay-vodka.de\/sv\/moerka-rum\/","url":"https:\/\/gay-vodka.de\/sv\/moerka-rum\/","name":"Dark Rooms: En djup inblick i den kontroversiella subkulturen","isPartOf":{"@id":"https:\/\/gay-vodka.de\/sv\/#website"},"primaryImageOfPage":{"@id":"https:\/\/gay-vodka.de\/sv\/moerka-rum\/#primaryimage"},"image":{"@id":"https:\/\/gay-vodka.de\/sv\/moerka-rum\/#primaryimage"},"thumbnailUrl":"https:\/\/gay-vodka.de\/wp-content\/uploads\/2022\/12\/aleksandr-popov-R25Q-pAUeY8-unsplash.jpg","datePublished":"2022-12-26T21:28:50+00:00","dateModified":"2024-05-01T11:10:03+00:00","description":"Vi ger en inblick i en subkultur och analyserar f\u00f6r- och nackdelar med dark rooms. Vi tittar ocks\u00e5 p\u00e5 deras koppling till HIV\/AIDS.","breadcrumb":{"@id":"https:\/\/gay-vodka.de\/sv\/moerka-rum\/#breadcrumb"},"inLanguage":"sv-SE","potentialAction":[{"@type":"ReadAction","target":["https:\/\/gay-vodka.de\/sv\/moerka-rum\/"]}]},{"@type":"ImageObject","inLanguage":"sv-SE","@id":"https:\/\/gay-vodka.de\/sv\/moerka-rum\/#primaryimage","url":"https:\/\/gay-vodka.de\/wp-content\/uploads\/2022\/12\/aleksandr-popov-R25Q-pAUeY8-unsplash.jpg","contentUrl":"https:\/\/gay-vodka.de\/wp-content\/uploads\/2022\/12\/aleksandr-popov-R25Q-pAUeY8-unsplash.jpg"},{"@type":"BreadcrumbList","@id":"https:\/\/gay-vodka.de\/sv\/moerka-rum\/#breadcrumb","itemListElement":[{"@type":"ListItem","position":1,"name":"Startseite","item":"https:\/\/gay-vodka.de\/sv\/gay-vodka-jaemstaelldhet-respekt-kaerlek\/"},{"@type":"ListItem","position":2,"name":"M\u00f6rka rum"}]},{"@type":"WebSite","@id":"https:\/\/gay-vodka.de\/sv\/#website","url":"https:\/\/gay-vodka.de\/sv\/","name":"Gay Vodka","description":"","publisher":{"@id":"https:\/\/gay-vodka.de\/sv\/#organization"},"potentialAction":[{"@type":"SearchAction","target":{"@type":"EntryPoint","urlTemplate":"https:\/\/gay-vodka.de\/sv\/?s={search_term_string}"},"query-input":{"@type":"PropertyValueSpecification","valueRequired":true,"valueName":"search_term_string"}}],"inLanguage":"sv-SE"},{"@type":"Organization","@id":"https:\/\/gay-vodka.de\/sv\/#organization","name":"Gay Vodka","url":"https:\/\/gay-vodka.de\/sv\/","logo":{"@type":"ImageObject","inLanguage":"sv-SE","@id":"https:\/\/gay-vodka.de\/sv\/#\/schema\/logo\/image\/","url":"https:\/\/gay-vodka.de\/wp-content\/uploads\/2024\/01\/favKopie3-2048x555-3.png","contentUrl":"https:\/\/gay-vodka.de\/wp-content\/uploads\/2024\/01\/favKopie3-2048x555-3.png","width":2048,"height":555,"caption":"Gay Vodka"},"image":{"@id":"https:\/\/gay-vodka.de\/sv\/#\/schema\/logo\/image\/"}}]}},"_links":{"self":[{"href":"https:\/\/gay-vodka.de\/sv\/wp-json\/wp\/v2\/pages\/45907","targetHints":{"allow":["GET"]}}],"collection":[{"href":"https:\/\/gay-vodka.de\/sv\/wp-json\/wp\/v2\/pages"}],"about":[{"href":"https:\/\/gay-vodka.de\/sv\/wp-json\/wp\/v2\/types\/page"}],"author":[{"embeddable":true,"href":"https:\/\/gay-vodka.de\/sv\/wp-json\/wp\/v2\/users\/1"}],"replies":[{"embeddable":true,"href":"https:\/\/gay-vodka.de\/sv\/wp-json\/wp\/v2\/comments?post=45907"}],"version-history":[{"count":4,"href":"https:\/\/gay-vodka.de\/sv\/wp-json\/wp\/v2\/pages\/45907\/revisions"}],"predecessor-version":[{"id":45940,"href":"https:\/\/gay-vodka.de\/sv\/wp-json\/wp\/v2\/pages\/45907\/revisions\/45940"}],"wp:attachment":[{"href":"https:\/\/gay-vodka.de\/sv\/wp-json\/wp\/v2\/media?parent=45907"}],"curies":[{"name":"wp","href":"https:\/\/api.w.org\/{rel}","templated":true}]}}