{"id":45925,"date":"2022-12-26T21:28:50","date_gmt":"2022-12-26T21:28:50","guid":{"rendered":"https:\/\/gay-vodka.de\/karanlik-odalar\/"},"modified":"2024-05-01T11:10:03","modified_gmt":"2024-05-01T11:10:03","slug":"karanlik-odalar","status":"publish","type":"page","link":"https:\/\/gay-vodka.de\/tr\/karanlik-odalar\/","title":{"rendered":"Karanl\u0131k Odalar"},"content":{"rendered":"<section class=\"l-section wpb_row height_medium\"><div class=\"l-section-h i-cf\"><div class=\"g-cols vc_row via_flex valign_top type_default stacking_default\"><div class=\"vc_col-sm-2 wpb_column vc_column_container\"><div class=\"vc_column-inner\"><div class=\"wpb_wrapper\"><\/div><\/div><\/div><div class=\"vc_col-sm-8 wpb_column vc_column_container\"><div class=\"vc_column-inner\"><div class=\"wpb_wrapper\"><div class=\"wpb_text_column\"><div class=\"wpb_wrapper\"><h1><strong>Karanl\u0131k Odalar: Tart\u0131\u015fmal\u0131 alt k\u00fclt\u00fcre derin bir bak\u0131\u015f<\/strong><\/h1>\n<p><em>G\u00fcncellendi 13.10.2023<\/em><\/p>\n<\/div><\/div><div class=\"w-separator size_small\"><\/div><div class=\"w-image align_none\"><div class=\"w-image-h\"><img loading=\"lazy\" decoding=\"async\" width=\"1024\" height=\"683\" src=\"https:\/\/gay-vodka.de\/wp-content\/uploads\/2022\/12\/aleksandr-popov-k_UrO4kMBcA-unsplash-1024x683.jpg\" class=\"attachment-large size-large\" alt=\"\" srcset=\"https:\/\/gay-vodka.de\/wp-content\/uploads\/2022\/12\/aleksandr-popov-k_UrO4kMBcA-unsplash-1024x683.jpg 1024w, https:\/\/gay-vodka.de\/wp-content\/uploads\/2022\/12\/aleksandr-popov-k_UrO4kMBcA-unsplash-300x200.jpg 300w, https:\/\/gay-vodka.de\/wp-content\/uploads\/2022\/12\/aleksandr-popov-k_UrO4kMBcA-unsplash-350x233.jpg 350w, https:\/\/gay-vodka.de\/wp-content\/uploads\/2022\/12\/aleksandr-popov-k_UrO4kMBcA-unsplash-600x400.jpg 600w, https:\/\/gay-vodka.de\/wp-content\/uploads\/2022\/12\/aleksandr-popov-k_UrO4kMBcA-unsplash-500x333.jpg 500w, https:\/\/gay-vodka.de\/wp-content\/uploads\/2022\/12\/aleksandr-popov-k_UrO4kMBcA-unsplash-380x253.jpg 380w, https:\/\/gay-vodka.de\/wp-content\/uploads\/2022\/12\/aleksandr-popov-k_UrO4kMBcA-unsplash-768x512.jpg 768w, https:\/\/gay-vodka.de\/wp-content\/uploads\/2022\/12\/aleksandr-popov-k_UrO4kMBcA-unsplash-1000x667.jpg 1000w, https:\/\/gay-vodka.de\/wp-content\/uploads\/2022\/12\/aleksandr-popov-k_UrO4kMBcA-unsplash.jpg 1200w\" sizes=\"auto, (max-width: 1024px) 100vw, 1024px\" \/><\/div><\/div><div class=\"w-separator size_small\"><\/div><div class=\"wpb_text_column us_custom_c139e5e3\"><div class=\"wpb_wrapper\"><p><a href=\"https:\/\/gay-vodka.de\/gay-cruising\/\">&#8220;Seyir alan\u0131<\/a>&#8221; olarak da bilinen karanl\u0131k oda, insanlar\u0131n cinsel faaliyetlerde bulunmak i\u00e7in bulu\u015ftuklar\u0131 bir yerdir. Bu odalar, oraya giden ki\u015filerin anonimli\u011fini korumak i\u00e7in genellikle karanl\u0131kt\u0131r. Bununla birlikte, son y\u0131llarda karanl\u0131k odalar, baz\u0131lar\u0131 tehlikeli ve sa\u011fl\u0131ks\u0131z oldu\u011funu d\u00fc\u015f\u00fcn\u00fcrken, di\u011ferleri cinsel \u00f6zerklik i\u00e7in g\u00fcvenli bir yer olarak g\u00f6rd\u00fc\u011f\u00fc i\u00e7in \u00e7ok fazla tart\u0131\u015fmaya neden oldu. Bu makalede, e\u015fcinseller i\u00e7in karanl\u0131k odalar konusuna farkl\u0131 a\u00e7\u0131lardan yakla\u015facak ve bu tart\u0131\u015fmal\u0131 alt k\u00fclt\u00fcre derinlemesine bir bak\u0131\u015f sa\u011flayaca\u011f\u0131z.<\/p>\n<h2><strong>Karanl\u0131k odalar nedir ki?<\/strong><\/h2>\n<p>Karanl\u0131k oda genellikle bir kul\u00fcp veya barda cinsel aktiviteler i\u00e7in ayr\u0131lm\u0131\u015f tenha bir odad\u0131r. Oraya giden insanlar\u0131n anonimli\u011fini korumak i\u00e7in genellikle karanl\u0131kt\u0131rlar. Karanl\u0131k odalar \u00e7o\u011funlukla e\u015fcinseller taraf\u0131ndan kullan\u0131l\u0131r, ancak t\u00fcm cinsel y\u00f6nelimlerden insanlar i\u00e7in de mevcuttur.<\/p>\n<p>Onlarca y\u0131ld\u0131r varlar, ancak son y\u0131llarda defalarca man\u015fetlere \u00e7\u0131kt\u0131lar. Baz\u0131 insanlar buralar\u0131 cinsel sald\u0131r\u0131 ve di\u011fer uygunsuz davran\u0131\u015flar\u0131n ger\u00e7ekle\u015febilece\u011fi tehlikeli yerler olarak g\u00f6rmektedir. Di\u011ferleri ise buray\u0131 cinsel a\u00e7\u0131dan kendi kaderini tayin etmek i\u00e7in g\u00fcvenli bir yer ve \u00f6nyarg\u0131 ve ayr\u0131mc\u0131l\u0131ktan uzak bir \u015fekilde e\u011flenme f\u0131rsat\u0131 olarak g\u00f6rmektedir.<\/p>\n<h2><strong><img loading=\"lazy\" decoding=\"async\" class=\"alignnone size-full wp-image-8081\" src=\"https:\/\/gay-vodka.de\/wp-content\/uploads\/2022\/12\/aleksandr-popov-R25Q-pAUeY8-unsplash.jpg\" alt=\"\" width=\"1200\" height=\"800\" srcset=\"https:\/\/gay-vodka.de\/wp-content\/uploads\/2022\/12\/aleksandr-popov-R25Q-pAUeY8-unsplash.jpg 1200w, https:\/\/gay-vodka.de\/wp-content\/uploads\/2022\/12\/aleksandr-popov-R25Q-pAUeY8-unsplash-300x200.jpg 300w, https:\/\/gay-vodka.de\/wp-content\/uploads\/2022\/12\/aleksandr-popov-R25Q-pAUeY8-unsplash-1024x683.jpg 1024w, https:\/\/gay-vodka.de\/wp-content\/uploads\/2022\/12\/aleksandr-popov-R25Q-pAUeY8-unsplash-350x233.jpg 350w, https:\/\/gay-vodka.de\/wp-content\/uploads\/2022\/12\/aleksandr-popov-R25Q-pAUeY8-unsplash-600x400.jpg 600w, https:\/\/gay-vodka.de\/wp-content\/uploads\/2022\/12\/aleksandr-popov-R25Q-pAUeY8-unsplash-500x333.jpg 500w, https:\/\/gay-vodka.de\/wp-content\/uploads\/2022\/12\/aleksandr-popov-R25Q-pAUeY8-unsplash-380x253.jpg 380w, https:\/\/gay-vodka.de\/wp-content\/uploads\/2022\/12\/aleksandr-popov-R25Q-pAUeY8-unsplash-768x512.jpg 768w, https:\/\/gay-vodka.de\/wp-content\/uploads\/2022\/12\/aleksandr-popov-R25Q-pAUeY8-unsplash-1000x667.jpg 1000w\" sizes=\"auto, (max-width: 1200px) 100vw, 1200px\" \/><\/strong><\/h2>\n<h2><strong>Karanl\u0131k odalar\u0131n avantajlar\u0131 ve dezavantajlar\u0131<\/strong><\/h2>\n<p>Her alt k\u00fclt\u00fcr gibi karanl\u0131k odalar\u0131n da hem avantajlar\u0131 hem de dezavantajlar\u0131 vard\u0131r. \u0130\u015fte en \u00f6nemli noktalardan baz\u0131lar\u0131:<\/p>\n<p><strong>Avantajlar:<\/strong><\/p>\n<ul>\n<li>E\u015fcinsellere \u00f6nyarg\u0131 ve ayr\u0131mc\u0131l\u0131ktan uzak bir \u015fekilde bulu\u015fabilecekleri ve cinsel faaliyetlerde bulunabilecekleri bir yer sunmaktad\u0131rlar.<\/li>\n<li>Ayr\u0131ca, ili\u015fkileri olan ancak yine de cinsel tatmin arayan ki\u015filerin gizlice bulu\u015fmalar\u0131 i\u00e7in bir yol sunarlar.<\/li>\n<li>Baz\u0131 insanlar i\u00e7in bu alanlar, cinsel kimliklerini ve y\u00f6nelimlerini ya\u015famak ve ke\u015ffetmek i\u00e7in bir f\u0131rsat da olabilir.<\/li>\n<li>Ayr\u0131ca yeni insanlarla tan\u0131\u015fmak ve LGBTQIA+ toplulu\u011fu i\u00e7inde a\u011f kurmak i\u00e7in de bir f\u0131rsat olabilirler.<\/li>\n<\/ul>\n<p><strong>Dezavantajlar:<\/strong><\/p>\n<ul>\n<li>G\u00fcvenli\u011fi garanti etmenin hi\u00e7bir yolu yoktur. Cinsel sald\u0131r\u0131 veya di\u011fer uygunsuz davran\u0131\u015flar\u0131n meydana gelmesi m\u00fcmk\u00fcnd\u00fcr.<\/li>\n<li>Bazen uyu\u015fturucu kullan\u0131m\u0131na da sahne olurlar ve bu nedenle sa\u011fl\u0131k risklerine yol a\u00e7abilirler.<\/li>\n<li>Baz\u0131 \u00fclkelerde karanl\u0131k odalar yasa d\u0131\u015f\u0131d\u0131r, bu da buralar\u0131 ziyaret eden ki\u015filerin tutuklanma ve cezaland\u0131r\u0131lma riskiyle kar\u015f\u0131 kar\u015f\u0131ya oldu\u011fu anlam\u0131na gelir.<\/li>\n<\/ul>\n<h2><a href=\"https:\/\/tracking.playaleads.com\/aff_c?offer_id=144&amp;aff_id=2507&amp;source=CHANGEME&amp;aff_click_id=CHANGEME&amp;url_id=991\" target=\"_blank\" rel=\"noopener noreferrer\"><strong><img loading=\"lazy\" decoding=\"async\" class=\"alignnone wp-image-8679 size-full\" src=\"https:\/\/gay-vodka.de\/wp-content\/uploads\/2023\/08\/Spontane_Dates_970x90_ge.gif\" alt=\"\" width=\"970\" height=\"90\"><\/strong><\/a><\/h2>\n<h3><strong>HIV\/AIDS enfeksiyonu riski<\/strong><\/h3>\n<p>Karanl\u0131k odalar\u0131n bir ba\u015fka tart\u0131\u015fmal\u0131 y\u00f6n\u00fc de HIV\/AIDS ile olan ba\u011flant\u0131s\u0131d\u0131r. 1980&#8217;ler ve 1990&#8217;larda, HIV\/AIDS salg\u0131n\u0131 s\u0131ras\u0131nda bu odalar e\u015fcinseller i\u00e7in \u00f6nemli bir bulu\u015fma yeriydi, \u00e7\u00fcnk\u00fc \u00f6nyarg\u0131 ve ayr\u0131mc\u0131l\u0131k korkusu olmadan cinsel olarak bulu\u015fma ve sosyalle\u015fme f\u0131rsat\u0131 sunuyorlard\u0131.<\/p>\n<p>Ancak, HIV\/AIDS&#8217;in daha h\u0131zl\u0131 yay\u0131lmas\u0131na yard\u0131mc\u0131 olduklar\u0131 i\u00e7in onlar da sorunun bir par\u00e7as\u0131yd\u0131. \u0130nsanlar anonim kald\u0131klar\u0131ndan ve HIV ile enfekte olduklar\u0131nda cinsel partnerleriyle ileti\u015fime ge\u00e7menin bir yolu olmad\u0131\u011f\u0131ndan, hastal\u0131\u011f\u0131n yay\u0131lmas\u0131n\u0131 \u00f6nlemek zordu.<\/p>\n<p>Ancak g\u00fcn\u00fcm\u00fczde HIV\/AIDS&#8217;e kar\u015f\u0131 kendinizi koruman\u0131n prezervatif ve HIV enfeksiyonu riskini azaltan g\u00fcnl\u00fck bir ila\u00e7 olan PrEP (Pre-Exposure Prophylaxis) gibi bir\u00e7ok yolu bulunmaktad\u0131r. Bununla birlikte, HIV\/AIDS \u00f6zellikle e\u015fcinseller i\u00e7in ciddi bir tehdit olmaya devam etmektedir ve g\u00fcvenli cinsel uygulamalar\u0131 te\u015fvik etmek ve enfeksiyona kar\u015f\u0131 korunmak \u00f6nemlidir.<\/p>\n<h2><strong><img loading=\"lazy\" decoding=\"async\" class=\"alignnone size-full wp-image-8082\" src=\"https:\/\/gay-vodka.de\/wp-content\/uploads\/2022\/12\/aleksandr-popov-SbPUMwGYzLo-unsplash.jpg\" alt=\"Karanl\u0131k Oda Kul\u00fcb\u00fc\" width=\"1200\" height=\"800\" srcset=\"https:\/\/gay-vodka.de\/wp-content\/uploads\/2022\/12\/aleksandr-popov-SbPUMwGYzLo-unsplash.jpg 1200w, https:\/\/gay-vodka.de\/wp-content\/uploads\/2022\/12\/aleksandr-popov-SbPUMwGYzLo-unsplash-300x200.jpg 300w, https:\/\/gay-vodka.de\/wp-content\/uploads\/2022\/12\/aleksandr-popov-SbPUMwGYzLo-unsplash-1024x683.jpg 1024w, https:\/\/gay-vodka.de\/wp-content\/uploads\/2022\/12\/aleksandr-popov-SbPUMwGYzLo-unsplash-350x233.jpg 350w, https:\/\/gay-vodka.de\/wp-content\/uploads\/2022\/12\/aleksandr-popov-SbPUMwGYzLo-unsplash-600x400.jpg 600w, https:\/\/gay-vodka.de\/wp-content\/uploads\/2022\/12\/aleksandr-popov-SbPUMwGYzLo-unsplash-500x333.jpg 500w, https:\/\/gay-vodka.de\/wp-content\/uploads\/2022\/12\/aleksandr-popov-SbPUMwGYzLo-unsplash-380x253.jpg 380w, https:\/\/gay-vodka.de\/wp-content\/uploads\/2022\/12\/aleksandr-popov-SbPUMwGYzLo-unsplash-768x512.jpg 768w, https:\/\/gay-vodka.de\/wp-content\/uploads\/2022\/12\/aleksandr-popov-SbPUMwGYzLo-unsplash-1000x667.jpg 1000w\" sizes=\"auto, (max-width: 1200px) 100vw, 1200px\" \/><\/strong><\/h2>\n<h2><strong>Karanl\u0131k odalar\u0131n gelece\u011fi<\/strong><\/h2>\n<p>Karanl\u0131k odalar\u0131n gelecekte nas\u0131l geli\u015fece\u011fini tahmin etmek zordur. Baz\u0131 insanlar, \u00f6zellikle e\u015fcinselli\u011fin hala kabul g\u00f6rmedi\u011fi \u00fclkelerde, LGBTQ+ toplulu\u011funda hala \u00f6nemli bir rol oynad\u0131klar\u0131n\u0131 savunuyor. Baz\u0131lar\u0131 ise karanl\u0131k odalar\u0131n modas\u0131n\u0131n ge\u00e7ti\u011fine ve cinsel sald\u0131r\u0131 ve di\u011fer uygunsuz davran\u0131\u015flar\u0131n tehlikelerine maruz kalmadan cinsel faaliyette bulunman\u0131n ve tan\u0131\u015fman\u0131n daha iyi yollar\u0131 oldu\u011funa inanmaktad\u0131r.<\/p>\n<p>\u00d6rne\u011fin, karanl\u0131k odalar\u0131 daha g\u00fcvenli ve daha kapsay\u0131c\u0131 hale getirmenin bir yolu, onlar\u0131 daha iyi izlemek ve daha kat\u0131 kurallar ve y\u00f6nergeler getirmek olacakt\u0131r. G\u00fcvenli cinsel uygulamalar\u0131 te\u015fvik etmek ve HIV\/AIDS&#8217;in yay\u0131lmas\u0131n\u0131 \u00f6nlemek i\u00e7in daha fazla kaynak sa\u011flanmas\u0131 da faydal\u0131 olabilir.<\/p>\n<p>Bir ba\u015fka yakla\u015f\u0131m da karanl\u0131k odalar\u0131n cinsel olarak bulu\u015fmak ve sosyalle\u015fmek i\u00e7in ba\u015fka f\u0131rsatlarla de\u011fi\u015ftirilmesi veya desteklenmesi olabilir. \u00c7evrimi\u00e7i arkada\u015fl\u0131k platformlar\u0131 ve uygulamalar\u0131 son y\u0131llarda giderek daha pop\u00fcler hale geldi ve karanl\u0131k, da\u011f\u0131n\u0131k odalarda vakit ge\u00e7irmek zorunda kalmadan cinsel partner bulman\u0131n bir yolunu sunuyor.<\/p>\n<p>Nihayetinde karanl\u0131k odalar\u0131n gelece\u011fi, LGBTQ+ toplulu\u011funun ve bir b\u00fct\u00fcn olarak toplumun bu meseleyle nas\u0131l ba\u015fa \u00e7\u0131kaca\u011f\u0131na ba\u011fl\u0131d\u0131r. Karanl\u0131k odalar\u0131 ziyaret edenler ve bu odalar\u0131 i\u015fletenler de dahil olmak \u00fczere ilgili herkesin risklerin fark\u0131nda olmas\u0131 ve g\u00fcvenli cinsel uygulamalar\u0131 te\u015fvik etmesi \u00f6nemlidir.<\/p>\n<p>\u00d6zetlemek gerekirse, karanl\u0131k odalar bir\u00e7ok farkl\u0131 bak\u0131\u015f a\u00e7\u0131s\u0131n\u0131n dikkate al\u0131nmas\u0131n\u0131 gerektiren karma\u015f\u0131k ve tart\u0131\u015fmal\u0131 bir konudur. Baz\u0131 insanlar i\u00e7in cinsel \u00f6zerklik i\u00e7in g\u00fcvenli bir yer olsalar da, dikkate al\u0131nmas\u0131 gereken bir\u00e7ok risk ve dezavantaj da vard\u0131r. Karanl\u0131k odalar\u0131n gelecekte nas\u0131l geli\u015fece\u011fi hen\u00fcz belli de\u011fil, ancak ilgili t\u00fcm taraflar\u0131n g\u00fcvenli cinsel uygulamalar\u0131 te\u015fvik etmesi ve HIV\/AIDS&#8217;in yay\u0131lmas\u0131n\u0131 \u00f6nlemesi \u00f6nemlidir.<\/p>\n<h4>Konu hakk\u0131nda daha fazla bilgi edinin<\/h4>\n<p>Culture Trip&#8217;in bu blog yaz\u0131s\u0131nda daha heyecan verici bilgiler bulabilirsiniz:<a href=\"https:\/\/theculturetrip.com\/germany\/articles\/the-mystery-behind-berlins-dark-rooms-and-a-glimpse-inside-them\/\">&#8220;Berlin&#8217;in Karanl\u0131k Odalar\u0131n\u0131n Ard\u0131ndaki Gizem ve \u0130\u00e7lerine Bir Bak\u0131\u015f&#8221;<\/a>. Bize g\u00f6re \u00e7ok okunabilir bir makale.<\/p>\n<\/div><\/div><\/div><\/div><\/div><div class=\"vc_col-sm-2 wpb_column vc_column_container hide_on_tablets hide_on_mobiles\"><div class=\"vc_column-inner\"><div class=\"wpb_wrapper\"><div class=\"w-html\"><a href=\"https:\/\/a.check24.net\/misc\/click.php?pid=341628&amp;aid=338&amp;deep=c24bank&amp;cat=14\" target=\"_blank\"><img loading=\"lazy\" decoding=\"async\" src=\"https:\/\/a.check24.net\/misc\/view.php?pid=341628&amp;aid=338&amp;cat=14\" width=\"160\" height=\"600\" style=\"max-width: 100%; height: auto;\"><\/a><\/div><\/div><\/div><\/div><\/div><\/div><\/section>\n","protected":false},"excerpt":{"rendered":"Karanl\u0131k Odalar: Tart\u0131\u015fmal\u0131 alt k\u00fclt\u00fcre derin bir bak\u0131\u015f G\u00fcncellendi 13.10.2023 &#8220;Seyir alan\u0131&#8221; olarak da bilinen karanl\u0131k oda, insanlar\u0131n cinsel faaliyetlerde bulunmak i\u00e7in bulu\u015ftuklar\u0131 bir yerdir. Bu odalar, oraya giden ki\u015filerin anonimli\u011fini korumak i\u00e7in genellikle karanl\u0131kt\u0131r. Bununla birlikte, son y\u0131llarda karanl\u0131k odalar, baz\u0131lar\u0131 tehlikeli ve sa\u011fl\u0131ks\u0131z oldu\u011funu d\u00fc\u015f\u00fcn\u00fcrken, di\u011ferleri cinsel \u00f6zerklik i\u00e7in g\u00fcvenli bir yer olarak...","protected":false},"author":1,"featured_media":0,"parent":0,"menu_order":0,"comment_status":"closed","ping_status":"closed","template":"","meta":{"_monsterinsights_skip_tracking":false,"_monsterinsights_sitenote_active":false,"_monsterinsights_sitenote_note":"","_monsterinsights_sitenote_category":0,"footnotes":""},"class_list":["post-45925","page","type-page","status-publish","hentry"],"yoast_head":"<!-- This site is optimized with the Yoast SEO plugin v25.9 - https:\/\/yoast.com\/wordpress\/plugins\/seo\/ -->\n<title>Karanl\u0131k Odalar: Tart\u0131\u015fmal\u0131 alt k\u00fclt\u00fcre derin bir bak\u0131\u015f<\/title>\n<meta name=\"description\" content=\"Bir alt k\u00fclt\u00fcre \u0131\u015f\u0131k tutuyor ve karanl\u0131k odalar\u0131n avantaj ve dezavantajlar\u0131n\u0131 analiz ediyoruz. Ayr\u0131ca HIV\/AIDS ile olan ba\u011flant\u0131lar\u0131na da bak\u0131yoruz.\" \/>\n<meta name=\"robots\" content=\"index, follow, max-snippet:-1, max-image-preview:large, max-video-preview:-1\" \/>\n<link rel=\"canonical\" href=\"https:\/\/gay-vodka.de\/tr\/karanlik-odalar\/\" \/>\n<meta property=\"og:locale\" content=\"tr_TR\" \/>\n<meta property=\"og:type\" content=\"article\" \/>\n<meta property=\"og:title\" content=\"Karanl\u0131k Odalar: Tart\u0131\u015fmal\u0131 alt k\u00fclt\u00fcre derin bir bak\u0131\u015f\" \/>\n<meta property=\"og:description\" content=\"Bir alt k\u00fclt\u00fcre \u0131\u015f\u0131k tutuyor ve karanl\u0131k odalar\u0131n avantaj ve dezavantajlar\u0131n\u0131 analiz ediyoruz. Ayr\u0131ca HIV\/AIDS ile olan ba\u011flant\u0131lar\u0131na da bak\u0131yoruz.\" \/>\n<meta property=\"og:url\" content=\"https:\/\/gay-vodka.de\/tr\/karanlik-odalar\/\" \/>\n<meta property=\"article:modified_time\" content=\"2024-05-01T11:10:03+00:00\" \/>\n<meta property=\"og:image\" content=\"https:\/\/gay-vodka.de\/wp-content\/uploads\/2022\/12\/aleksandr-popov-R25Q-pAUeY8-unsplash.jpg\" \/>\n<meta name=\"twitter:card\" content=\"summary_large_image\" \/>\n<meta name=\"twitter:label1\" content=\"Tahmini okuma s\u00fcresi\" \/>\n\t<meta name=\"twitter:data1\" content=\"6 dakika\" \/>\n<script type=\"application\/ld+json\" class=\"yoast-schema-graph\">{\"@context\":\"https:\/\/schema.org\",\"@graph\":[{\"@type\":\"WebPage\",\"@id\":\"https:\/\/gay-vodka.de\/tr\/karanlik-odalar\/\",\"url\":\"https:\/\/gay-vodka.de\/tr\/karanlik-odalar\/\",\"name\":\"Karanl\u0131k Odalar: Tart\u0131\u015fmal\u0131 alt k\u00fclt\u00fcre derin bir bak\u0131\u015f\",\"isPartOf\":{\"@id\":\"https:\/\/gay-vodka.de\/tr\/#website\"},\"primaryImageOfPage\":{\"@id\":\"https:\/\/gay-vodka.de\/tr\/karanlik-odalar\/#primaryimage\"},\"image\":{\"@id\":\"https:\/\/gay-vodka.de\/tr\/karanlik-odalar\/#primaryimage\"},\"thumbnailUrl\":\"https:\/\/gay-vodka.de\/wp-content\/uploads\/2022\/12\/aleksandr-popov-R25Q-pAUeY8-unsplash.jpg\",\"datePublished\":\"2022-12-26T21:28:50+00:00\",\"dateModified\":\"2024-05-01T11:10:03+00:00\",\"description\":\"Bir alt k\u00fclt\u00fcre \u0131\u015f\u0131k tutuyor ve karanl\u0131k odalar\u0131n avantaj ve dezavantajlar\u0131n\u0131 analiz ediyoruz. Ayr\u0131ca HIV\/AIDS ile olan ba\u011flant\u0131lar\u0131na da bak\u0131yoruz.\",\"breadcrumb\":{\"@id\":\"https:\/\/gay-vodka.de\/tr\/karanlik-odalar\/#breadcrumb\"},\"inLanguage\":\"tr\",\"potentialAction\":[{\"@type\":\"ReadAction\",\"target\":[\"https:\/\/gay-vodka.de\/tr\/karanlik-odalar\/\"]}]},{\"@type\":\"ImageObject\",\"inLanguage\":\"tr\",\"@id\":\"https:\/\/gay-vodka.de\/tr\/karanlik-odalar\/#primaryimage\",\"url\":\"https:\/\/gay-vodka.de\/wp-content\/uploads\/2022\/12\/aleksandr-popov-R25Q-pAUeY8-unsplash.jpg\",\"contentUrl\":\"https:\/\/gay-vodka.de\/wp-content\/uploads\/2022\/12\/aleksandr-popov-R25Q-pAUeY8-unsplash.jpg\"},{\"@type\":\"BreadcrumbList\",\"@id\":\"https:\/\/gay-vodka.de\/tr\/karanlik-odalar\/#breadcrumb\",\"itemListElement\":[{\"@type\":\"ListItem\",\"position\":1,\"name\":\"Startseite\",\"item\":\"https:\/\/gay-vodka.de\/tr\/gay-votka-esitlik-saygili-ol-sevgiler\/\"},{\"@type\":\"ListItem\",\"position\":2,\"name\":\"Karanl\u0131k Odalar\"}]},{\"@type\":\"WebSite\",\"@id\":\"https:\/\/gay-vodka.de\/tr\/#website\",\"url\":\"https:\/\/gay-vodka.de\/tr\/\",\"name\":\"Gay Vodka\",\"description\":\"\",\"publisher\":{\"@id\":\"https:\/\/gay-vodka.de\/tr\/#organization\"},\"potentialAction\":[{\"@type\":\"SearchAction\",\"target\":{\"@type\":\"EntryPoint\",\"urlTemplate\":\"https:\/\/gay-vodka.de\/tr\/?s={search_term_string}\"},\"query-input\":{\"@type\":\"PropertyValueSpecification\",\"valueRequired\":true,\"valueName\":\"search_term_string\"}}],\"inLanguage\":\"tr\"},{\"@type\":\"Organization\",\"@id\":\"https:\/\/gay-vodka.de\/tr\/#organization\",\"name\":\"Gay Vodka\",\"url\":\"https:\/\/gay-vodka.de\/tr\/\",\"logo\":{\"@type\":\"ImageObject\",\"inLanguage\":\"tr\",\"@id\":\"https:\/\/gay-vodka.de\/tr\/#\/schema\/logo\/image\/\",\"url\":\"https:\/\/gay-vodka.de\/wp-content\/uploads\/2024\/01\/favKopie3-2048x555-3.png\",\"contentUrl\":\"https:\/\/gay-vodka.de\/wp-content\/uploads\/2024\/01\/favKopie3-2048x555-3.png\",\"width\":2048,\"height\":555,\"caption\":\"Gay Vodka\"},\"image\":{\"@id\":\"https:\/\/gay-vodka.de\/tr\/#\/schema\/logo\/image\/\"}}]}<\/script>\n<!-- \/ Yoast SEO plugin. -->","yoast_head_json":{"title":"Karanl\u0131k Odalar: Tart\u0131\u015fmal\u0131 alt k\u00fclt\u00fcre derin bir bak\u0131\u015f","description":"Bir alt k\u00fclt\u00fcre \u0131\u015f\u0131k tutuyor ve karanl\u0131k odalar\u0131n avantaj ve dezavantajlar\u0131n\u0131 analiz ediyoruz. Ayr\u0131ca HIV\/AIDS ile olan ba\u011flant\u0131lar\u0131na da bak\u0131yoruz.","robots":{"index":"index","follow":"follow","max-snippet":"max-snippet:-1","max-image-preview":"max-image-preview:large","max-video-preview":"max-video-preview:-1"},"canonical":"https:\/\/gay-vodka.de\/tr\/karanlik-odalar\/","og_locale":"tr_TR","og_type":"article","og_title":"Karanl\u0131k Odalar: Tart\u0131\u015fmal\u0131 alt k\u00fclt\u00fcre derin bir bak\u0131\u015f","og_description":"Bir alt k\u00fclt\u00fcre \u0131\u015f\u0131k tutuyor ve karanl\u0131k odalar\u0131n avantaj ve dezavantajlar\u0131n\u0131 analiz ediyoruz. Ayr\u0131ca HIV\/AIDS ile olan ba\u011flant\u0131lar\u0131na da bak\u0131yoruz.","og_url":"https:\/\/gay-vodka.de\/tr\/karanlik-odalar\/","article_modified_time":"2024-05-01T11:10:03+00:00","og_image":[{"url":"https:\/\/gay-vodka.de\/wp-content\/uploads\/2022\/12\/aleksandr-popov-R25Q-pAUeY8-unsplash.jpg","type":"","width":"","height":""}],"twitter_card":"summary_large_image","twitter_misc":{"Tahmini okuma s\u00fcresi":"6 dakika"},"schema":{"@context":"https:\/\/schema.org","@graph":[{"@type":"WebPage","@id":"https:\/\/gay-vodka.de\/tr\/karanlik-odalar\/","url":"https:\/\/gay-vodka.de\/tr\/karanlik-odalar\/","name":"Karanl\u0131k Odalar: Tart\u0131\u015fmal\u0131 alt k\u00fclt\u00fcre derin bir bak\u0131\u015f","isPartOf":{"@id":"https:\/\/gay-vodka.de\/tr\/#website"},"primaryImageOfPage":{"@id":"https:\/\/gay-vodka.de\/tr\/karanlik-odalar\/#primaryimage"},"image":{"@id":"https:\/\/gay-vodka.de\/tr\/karanlik-odalar\/#primaryimage"},"thumbnailUrl":"https:\/\/gay-vodka.de\/wp-content\/uploads\/2022\/12\/aleksandr-popov-R25Q-pAUeY8-unsplash.jpg","datePublished":"2022-12-26T21:28:50+00:00","dateModified":"2024-05-01T11:10:03+00:00","description":"Bir alt k\u00fclt\u00fcre \u0131\u015f\u0131k tutuyor ve karanl\u0131k odalar\u0131n avantaj ve dezavantajlar\u0131n\u0131 analiz ediyoruz. Ayr\u0131ca HIV\/AIDS ile olan ba\u011flant\u0131lar\u0131na da bak\u0131yoruz.","breadcrumb":{"@id":"https:\/\/gay-vodka.de\/tr\/karanlik-odalar\/#breadcrumb"},"inLanguage":"tr","potentialAction":[{"@type":"ReadAction","target":["https:\/\/gay-vodka.de\/tr\/karanlik-odalar\/"]}]},{"@type":"ImageObject","inLanguage":"tr","@id":"https:\/\/gay-vodka.de\/tr\/karanlik-odalar\/#primaryimage","url":"https:\/\/gay-vodka.de\/wp-content\/uploads\/2022\/12\/aleksandr-popov-R25Q-pAUeY8-unsplash.jpg","contentUrl":"https:\/\/gay-vodka.de\/wp-content\/uploads\/2022\/12\/aleksandr-popov-R25Q-pAUeY8-unsplash.jpg"},{"@type":"BreadcrumbList","@id":"https:\/\/gay-vodka.de\/tr\/karanlik-odalar\/#breadcrumb","itemListElement":[{"@type":"ListItem","position":1,"name":"Startseite","item":"https:\/\/gay-vodka.de\/tr\/gay-votka-esitlik-saygili-ol-sevgiler\/"},{"@type":"ListItem","position":2,"name":"Karanl\u0131k Odalar"}]},{"@type":"WebSite","@id":"https:\/\/gay-vodka.de\/tr\/#website","url":"https:\/\/gay-vodka.de\/tr\/","name":"Gay Vodka","description":"","publisher":{"@id":"https:\/\/gay-vodka.de\/tr\/#organization"},"potentialAction":[{"@type":"SearchAction","target":{"@type":"EntryPoint","urlTemplate":"https:\/\/gay-vodka.de\/tr\/?s={search_term_string}"},"query-input":{"@type":"PropertyValueSpecification","valueRequired":true,"valueName":"search_term_string"}}],"inLanguage":"tr"},{"@type":"Organization","@id":"https:\/\/gay-vodka.de\/tr\/#organization","name":"Gay Vodka","url":"https:\/\/gay-vodka.de\/tr\/","logo":{"@type":"ImageObject","inLanguage":"tr","@id":"https:\/\/gay-vodka.de\/tr\/#\/schema\/logo\/image\/","url":"https:\/\/gay-vodka.de\/wp-content\/uploads\/2024\/01\/favKopie3-2048x555-3.png","contentUrl":"https:\/\/gay-vodka.de\/wp-content\/uploads\/2024\/01\/favKopie3-2048x555-3.png","width":2048,"height":555,"caption":"Gay Vodka"},"image":{"@id":"https:\/\/gay-vodka.de\/tr\/#\/schema\/logo\/image\/"}}]}},"_links":{"self":[{"href":"https:\/\/gay-vodka.de\/tr\/wp-json\/wp\/v2\/pages\/45925","targetHints":{"allow":["GET"]}}],"collection":[{"href":"https:\/\/gay-vodka.de\/tr\/wp-json\/wp\/v2\/pages"}],"about":[{"href":"https:\/\/gay-vodka.de\/tr\/wp-json\/wp\/v2\/types\/page"}],"author":[{"embeddable":true,"href":"https:\/\/gay-vodka.de\/tr\/wp-json\/wp\/v2\/users\/1"}],"replies":[{"embeddable":true,"href":"https:\/\/gay-vodka.de\/tr\/wp-json\/wp\/v2\/comments?post=45925"}],"version-history":[{"count":2,"href":"https:\/\/gay-vodka.de\/tr\/wp-json\/wp\/v2\/pages\/45925\/revisions"}],"predecessor-version":[{"id":45943,"href":"https:\/\/gay-vodka.de\/tr\/wp-json\/wp\/v2\/pages\/45925\/revisions\/45943"}],"wp:attachment":[{"href":"https:\/\/gay-vodka.de\/tr\/wp-json\/wp\/v2\/media?parent=45925"}],"curies":[{"name":"wp","href":"https:\/\/api.w.org\/{rel}","templated":true}]}}